{"id":12601,"date":"2020-01-02T11:17:22","date_gmt":"2020-01-02T11:17:22","guid":{"rendered":"http:\/\/shop.floos.org\/?page_id=12601"},"modified":"2020-01-02T11:17:22","modified_gmt":"2020-01-02T11:17:22","slug":"flores-para-bodas-libro","status":"publish","type":"page","link":"https:\/\/shop.floos.org\/es\/flores-para-bodas-libro\/","title":{"rendered":"FLOOS COLLECTIONS 99 Ideas para Bodas"},"content":{"rendered":"<div class=\"wpb-content-wrapper\"><p>[vc_row css=\u00bb.vc_custom_1510830837411{background-color: #ffffff !important;}\u00bb][vc_column][vc_column_text]<\/p>\n<h3 style=\"text-align: center; font-size: 42px;\"><strong>THE FLOOS COLLECTIONS<br \/>\n<\/strong>BOOK SERIES<\/h3>\n<h4 style=\"text-align: center; font-size: 22px;\"><\/h4>\n<p>[\/vc_column_text][vc_row_inner content_placement=\u00bbmiddle\u00bb][vc_column_inner][vc_single_image image=\u00bb12635&#8243; img_size=\u00bbfull\u00bb alignment=\u00bbcenter\u00bb onclick=\u00bbcustom_link\u00bb link=\u00bbhttp:\/\/shop.floos.org\/es\/producto\/floos-collections-99-ideas-para-bodas\u00bb][vc_btn title=\u00bbVER EL LIBRO AHORA &gt;&gt;\u00bb style=\u00bbflat\u00bb shape=\u00bbsquare\u00bb color=\u00bbdanger\u00bb size=\u00bblg\u00bb align=\u00bbcenter\u00bb link=\u00bburl:https%3A%2F%2Fshop.floos.org%2Fes%2Fproducto%2Ffloos-collections-99-ideas-para-bodas||target:%20_blank|\u00bb el_class=\u00bbhome-button\u00bb][\/vc_column_inner][\/vc_row_inner][\/vc_column][\/vc_row][vc_row full_width=\u00bbstretch_row_content\u00bb][vc_column width=\u00bb1\/4&#8243;][\/vc_column][vc_column width=\u00bb1\/2&#8243;][vc_empty_space height=\u00bb20px\u00bb][vc_column_text]<\/p>\n<h2 style=\"text-align: center;\">99 ideas florales para Bodas<\/h2>\n<p style=\"text-align: center; font-size: 18px;\"><strong>30 de los mejores maestros floristas internacionales <\/strong>\u00a0participan con sus ideas y formas de interpretar el <strong>mundo de las bodas<\/strong>, incluyendo ramos, joyas nupciales y centros de mesa. Descubre un variado cat\u00e1logo pensado para el d\u00eda a d\u00eda en tu florister\u00eda.<\/p>\n<p>[\/vc_column_text][vc_empty_space height=\u00bb40px\u00bb][\/vc_column][vc_column width=\u00bb1\/4&#8243;][\/vc_column][\/vc_row][vc_row css=\u00bb.vc_custom_1502527612643{padding-top: 20px !important;padding-bottom: 20px !important;}\u00bb][vc_column][vc_separator border_width=\u00bb3&#8243; css=\u00bb.vc_custom_1549738464471{padding-top: 20px !important;}\u00bb][\/vc_column][\/vc_row][vc_row full_width=\u00bbstretch_row_content\u00bb css=\u00bb.vc_custom_1543331053804{margin-right: 40px !important;margin-left: 40px !important;padding-top: 40px !important;padding-bottom: 60px !important;background-color: #86b8b9 !important;}\u00bb][vc_column width=\u00bb1\/3&#8243;][vc_icon icon_fontawesome=\u00bbfa fa-file-text-o\u00bb color=\u00bbgrey\u00bb background_style=\u00bbrounded-outline\u00bb background_color=\u00bbcustom\u00bb size=\u00bbxl\u00bb align=\u00bbcenter\u00bb custom_background_color=\u00bb#ffffff\u00bb][vc_column_text]<\/p>\n<h4>Un cat\u00e1logo tem\u00e1tico ideado para el uso diario en la florister\u00eda.<\/h4>\n<p>Con un pr\u00e1ctico formato, se podr\u00e1 compartir con clientes y tambi\u00e9n utilizarlo como referencia e inspiraci\u00f3n para creaciones propias.[\/vc_column_text][\/vc_column][vc_column width=\u00bb1\/3&#8243;][vc_icon icon_fontawesome=\u00bbfa fa-qrcode\u00bb color=\u00bbgrey\u00bb background_style=\u00bbrounded-outline\u00bb background_color=\u00bbcustom\u00bb size=\u00bbxl\u00bb align=\u00bbcenter\u00bb custom_background_color=\u00bb#ffffff\u00bb][vc_column_text]<\/p>\n<h4>Recetas completas accesibles mediante un c\u00f3digo QR de bajo coste<\/h4>\n<p>Todas las composiciones van compa\u00f1adas de un <strong>c\u00f3digo QR<\/strong> de bajo coste con acceso a la receta floral completa con detalladas instrucciones paso a paso.[\/vc_column_text][\/vc_column][vc_column width=\u00bb1\/3&#8243;][vc_icon icon_fontawesome=\u00bbfa fa-language\u00bb color=\u00bbgrey\u00bb background_style=\u00bbrounded-outline\u00bb background_color=\u00bbcustom\u00bb size=\u00bbxl\u00bb align=\u00bbcenter\u00bb custom_background_color=\u00bb#ffffff\u00bb][vc_column_text]<\/p>\n<h4>En formato multi idioma: Ingl\u00e9s, espa\u00f1ol y franc\u00e9s<\/h4>\n<p><strong>Todos los textos<\/strong> estan disponibles en diversos <strong>idiomas.<\/strong>[\/vc_column_text][\/vc_column][\/vc_row][vc_row css=\u00bb.vc_custom_1502525195589{padding-top: 40px !important;background-color: #ffffff !important;}\u00bb][vc_column css=\u00bb.vc_custom_1502525376437{background-color: #ffffff !important;}\u00bb][vc_column_text]<\/p>\n<h2 style=\"text-align: center;\">CREADO POR LOS MAESTROS FLORISTAS M\u00c1S INFLUYENTES<\/h2>\n<p>[\/vc_column_text][vc_tta_pageable no_fill_content_area=\u00bb1&#8243; autoplay=\u00bb5&#8243; active_section=\u00bb1&#8243; pagination_style=\u00bbflat-round\u00bb pagination_color=\u00bbpeacoc\u00bb css_animation=\u00bbslideInRight\u00bb css=\u00bb.vc_custom_1502525367292{background-color: #ffffff !important;}\u00bb][vc_tta_section title=\u00bbSection 1&#8243; tab_id=\u00bb1502103334724-1219f172-a730&#8243;][vc_row_inner][vc_column_inner width=\u00bb1\/4&#8243;][vc_hoverbox image=\u00bb7846&#8243; primary_title=\u00bb\u00bb hover_title=\u00bbBRIGITTE HEINRICHS\u00bb shape=\u00bbsquare\u00bb]<\/p>\n<p style=\"text-align: center;\">Maestra \ufb02orista. Trabaja y realiza demostraciones en Europa, Asia y Ocean\u00eda.<\/p>\n<p>[\/vc_hoverbox][vc_column_text css=\u00bb.vc_custom_1549731542229{background-color: #86b8b9 !important;background-position: center !important;background-repeat: no-repeat !important;background-size: cover !important;}\u00bb]<\/p>\n<div class=\"team\">\n<h2><span style=\"color: #f2f1ea;\">BRIGITTE<br \/>\nHEINRICHS<br \/>\n<\/span><\/h2>\n<h4><span style=\"color: #f2f1ea;\">Alemania<\/span><\/h4>\n<p>&nbsp;<\/p>\n<\/div>\n<p>[\/vc_column_text][\/vc_column_inner][vc_column_inner width=\u00bb1\/4&#8243;][vc_hoverbox image=\u00bb7840&#8243; primary_title=\u00bb\u00bb hover_title=\u00bbALEX SEGURA\u00bb shape=\u00bbsquare\u00bb]<\/p>\n<p style=\"text-align: center;\">Maestro \ufb02orista con m\u00e1s de 20 a\u00f1os de experiencia profesional. Ha impartido cursos y seminarios por Asia, Europa y Am\u00e9rica.<\/p>\n<p>[\/vc_hoverbox][vc_column_text css=\u00bb.vc_custom_1549731554165{background-color: #86b8b9 !important;}\u00bb]<\/p>\n<div class=\"team\">\n<h2><span style=\"color: #f2f1ea;\">ALEX<br \/>\n<\/span><span style=\"color: #f2f1ea;\">SEGURA<br \/>\n<\/span><\/h2>\n<h4><span style=\"color: #f2f1ea;\">Espa\u00f1a<\/span><\/h4>\n<p>&nbsp;<\/p>\n<\/div>\n<p>[\/vc_column_text][\/vc_column_inner][vc_column_inner width=\u00bb1\/4&#8243;][vc_hoverbox image=\u00bb7842&#8243; primary_title=\u00bb\u00bb hover_title=\u00bbBEA BEROY\u00bb shape=\u00bbsquare\u00bb]<\/p>\n<p style=\"text-align: center;\">Maestra \ufb02orista con m\u00e1s de 20 a\u00f1os de experiencia. Realiza demostraciones y cursos \ufb02orales nacionales e internacionales.<\/p>\n<p>[\/vc_hoverbox][vc_column_text css=\u00bb.vc_custom_1549731571645{background-color: #86b8b9 !important;}\u00bb]<\/p>\n<div class=\"team\">\n<h2><span style=\"color: #f2f1ea;\">BEA<br \/>\nBEROY<br \/>\n<\/span><\/h2>\n<h4><span style=\"color: #f2f1ea;\">Espa\u00f1a<\/span><\/h4>\n<p>&nbsp;<\/p>\n<\/div>\n<p>[\/vc_column_text][\/vc_column_inner][vc_column_inner width=\u00bb1\/4&#8243;][vc_hoverbox image=\u00bb7854&#8243; primary_title=\u00bb\u00bb hover_title=\u00bbNATALIA ZHIZHKO\u00bb shape=\u00bbsquare\u00bb]<\/p>\n<p style=\"text-align: center;\">Campeona de Europa de Arte floral. Realiza demostraciones por todo el mundo.<\/p>\n<p>[\/vc_hoverbox][vc_column_text css=\u00bb.vc_custom_1549731584924{background-color: #86b8b9 !important;}\u00bb]<\/p>\n<div class=\"team\">\n<h2><span style=\"color: #f2f1ea;\">NATALIA<br \/>\nZHIZHKO<br \/>\n<\/span><\/h2>\n<h4><span style=\"color: #f2f1ea;\">Rusia<\/span><\/h4>\n<p>&nbsp;<\/p>\n<\/div>\n<p>[\/vc_column_text][\/vc_column_inner][\/vc_row_inner][\/vc_tta_section][vc_tta_section title=\u00bbSection 2&#8243; tab_id=\u00bb1502103334768-bbfa1e73-b79d\u00bb][vc_row_inner][vc_column_inner width=\u00bb1\/4&#8243;][vc_hoverbox image=\u00bb7850&#8243; primary_title=\u00bb\u00bb hover_title=\u00bbDANIEL SANTAMARIA\u00bb shape=\u00bbsquare\u00bb]<\/p>\n<p style=\"text-align: center;\">2\u00ba Campe\u00f3n de Europa de Arte floral. Maestro \ufb02orista con m\u00e1s de 20 a\u00f1os de experiencia. Realiza cursos y demostraciones por todo el mundo.<\/p>\n<p>[\/vc_hoverbox][vc_column_text css=\u00bb.vc_custom_1549731628980{background-color: #86b8b9 !important;}\u00bb]<\/p>\n<div class=\"team\">\n<h2><span style=\"color: #f2f1ea;\">DANIEL<br \/>\nSANTAMARIA<br \/>\n<\/span><\/h2>\n<h4><span style=\"color: #f2f1ea;\">Espa\u00f1a<\/span><\/h4>\n<p>&nbsp;<\/p>\n<\/div>\n<p>[\/vc_column_text][\/vc_column_inner][vc_column_inner width=\u00bb1\/4&#8243;][vc_hoverbox image=\u00bb7852&#8243; primary_title=\u00bb\u00bb hover_title=\u00bbJoseph Massie\u00bb shape=\u00bbsquare\u00bb]<\/p>\n<p style=\"text-align: center;\">Maestro \ufb02orista ganador de los m\u00e1s destacados premios de dise\u00f1o \ufb02oral de \u00e1mbito brit\u00e1nico e internacional.<\/p>\n<p>[\/vc_hoverbox][vc_column_text css=\u00bb.vc_custom_1549731637956{background-color: #86b8b9 !important;}\u00bb]<\/p>\n<div class=\"team\">\n<h2><span style=\"color: #f2f1ea;\">JOSEPH<br \/>\nMASSIE<br \/>\n<\/span><\/h2>\n<h4><span style=\"color: #f2f1ea;\">Inglaterra<\/span><\/h4>\n<p>&nbsp;<\/p>\n<\/div>\n<p>[\/vc_column_text][\/vc_column_inner][vc_column_inner width=\u00bb1\/4&#8243;][vc_hoverbox image=\u00bb7844&#8243; primary_title=\u00bb\u00bb hover_title=\u00bbBerit Skj\u00f8ttgaard\u00bb shape=\u00bbsquare\u00bb]<\/p>\n<p style=\"text-align: center;\">Campeona de Dinamarca en Dise\u00f1o Floral en 2012 y Campeona Internacional de Maestros Floristas en 2013.<\/p>\n<p>[\/vc_hoverbox][vc_column_text css=\u00bb.vc_custom_1549731646932{background-color: #86b8b9 !important;}\u00bb]<\/p>\n<div class=\"team\">\n<h2><span style=\"color: #f2f1ea;\">BERIT<br \/>\nSKJOTTGAARD<br \/>\n<\/span><\/h2>\n<h4><span style=\"color: #f2f1ea;\">Dinamarca<\/span><\/h4>\n<p>&nbsp;<\/p>\n<\/div>\n<p>[\/vc_column_text][\/vc_column_inner][vc_column_inner width=\u00bb1\/4&#8243;][vc_hoverbox image=\u00bb8365&#8243; primary_title=\u00bb\u00bb hover_title=\u00bbStijn Simaeys\u00bb shape=\u00bbsquare\u00bb]<\/p>\n<p style=\"text-align: center;\">Maestro \ufb02orista (1973-2016), reconocido en todo el mundo. Trabaj\u00f3 en los Pa\u00edses Bajos, Polonia, Alemania, Inglaterra, China y Croacia.<\/p>\n<p>[\/vc_hoverbox][vc_column_text css=\u00bb.vc_custom_1549731664277{background-color: #86b8b9 !important;}\u00bb]<\/p>\n<div class=\"team\">\n<h2><span style=\"color: #f2f1ea;\">STIJN<br \/>\nSIMAEYS<br \/>\n<\/span><\/h2>\n<h4><span style=\"color: #f2f1ea;\">B\u00e9lgica<br \/>\n<\/span><\/h4>\n<p>&nbsp;<\/p>\n<\/div>\n<p>[\/vc_column_text][\/vc_column_inner][\/vc_row_inner][\/vc_tta_section][vc_tta_section title=\u00bbSection 3&#8243; tab_id=\u00bb1502361628059-2f563e32-92cf\u00bb][vc_row_inner][vc_column_inner width=\u00bb1\/4&#8243;][vc_hoverbox image=\u00bb8359&#8243; primary_title=\u00bb\u00bb hover_title=\u00bbFRANCESC PORRES\u00bb shape=\u00bbsquare\u00bb]<\/p>\n<p style=\"text-align: center;\">Maestro \ufb02orista y profesor internacional. Subcampe\u00f3n en la Copa de Espa\u00f1a 2013 y subcampe\u00f3n en la Copa Catalu\u00f1a.<\/p>\n<p>[\/vc_hoverbox][vc_column_text css=\u00bb.vc_custom_1549731673452{background-color: #86b8b9 !important;}\u00bb]<\/p>\n<div class=\"team\">\n<h2><span style=\"color: #f2f1ea;\">FRANCESC<br \/>\nPORRES<br \/>\n<\/span><\/h2>\n<h4><span style=\"color: #f2f1ea;\">Espa\u00f1a<\/span><\/h4>\n<p>&nbsp;<\/p>\n<\/div>\n<p>[\/vc_column_text][\/vc_column_inner][vc_column_inner width=\u00bb1\/4&#8243;][vc_hoverbox image=\u00bb8361&#8243; primary_title=\u00bb\u00bb hover_title=\u00bbMARK PAMPLING\u00bb shape=\u00bbsquare\u00bb]<\/p>\n<p style=\"text-align: center;\">Aclamado maestro \ufb02orista. Proclamado Fusion Flowers International Designer of the Year, y ganador, entre otros, del China International Orchid Show y la Asia Cup.<\/p>\n<p>[\/vc_hoverbox][vc_column_text css=\u00bb.vc_custom_1549731682165{background-color: #86b8b9 !important;}\u00bb]<\/p>\n<div class=\"team\">\n<h2><span style=\"color: #f2f1ea;\">MARK<br \/>\nPAMPLING<br \/>\n<\/span><\/h2>\n<h4><span style=\"color: #f2f1ea;\">Australia<\/span><\/h4>\n<p>&nbsp;<\/p>\n<\/div>\n<p>[\/vc_column_text][\/vc_column_inner][vc_column_inner width=\u00bb1\/4&#8243;][vc_hoverbox image=\u00bb8358&#8243; primary_title=\u00bb\u00bb hover_title=\u00bbDominique Herold\u00bb shape=\u00bbsquare\u00bb]<\/p>\n<p style=\"text-align: center;\">Maestra \ufb02orista con 10 a\u00f1os de experiencia. Ofrece cursos y demostraciones de \u00e1mbito nacional (en Alemania) e internacional.<\/p>\n<p>[\/vc_hoverbox][vc_column_text css=\u00bb.vc_custom_1549731689347{background-color: #86b8b9 !important;}\u00bb]<\/p>\n<div class=\"team\">\n<h2><span style=\"color: #f2f1ea;\">DOMINIQUE<br \/>\nHEROLD<br \/>\n<\/span><\/h2>\n<h4><span style=\"color: #f2f1ea;\">Alemania<\/span><\/h4>\n<p>&nbsp;<\/p>\n<\/div>\n<p>[\/vc_column_text][\/vc_column_inner][vc_column_inner width=\u00bb1\/4&#8243;][vc_hoverbox image=\u00bb8360&#8243; primary_title=\u00bb\u00bb hover_title=\u00bbJ\u00fcrgen Herold\u00bb shape=\u00bbsquare\u00bb]<\/p>\n<p style=\"text-align: center;\">Maestro \ufb02orista internacional. Primer Clasi\ufb01cado en: Walter Goebbels Pokal (2000), Bloom\u2019s New Faces of Floral Design (2012) y Deutsche Meisterschaw der Floristen (2012).<\/p>\n<p>[\/vc_hoverbox][vc_column_text css=\u00bb.vc_custom_1549731699452{background-color: #86b8b9 !important;}\u00bb]<\/p>\n<div class=\"team\">\n<h2><span style=\"color: #f2f1ea;\">J\u00dcRGEN<br \/>\nHEROLD<br \/>\n<\/span><\/h2>\n<h4><span style=\"color: #f2f1ea;\">Alemania<\/span><\/h4>\n<p>&nbsp;<\/p>\n<\/div>\n<p>[\/vc_column_text][\/vc_column_inner][\/vc_row_inner][\/vc_tta_section][vc_tta_section title=\u00bbSection 4&#8243; tab_id=\u00bb1502361618519-ec1b2c47-b450&#8243;][vc_row_inner][vc_column_inner width=\u00bb1\/4&#8243;][vc_hoverbox image=\u00bb8364&#8243; primary_title=\u00bb\u00bb hover_title=\u00bbP\u0159emysl Hytych\u00bb shape=\u00bbsquare\u00bb]<\/p>\n<p style=\"text-align: center;\">Aclamado por sus m\u00faltiples \u00e9xitos internacionales. Entre otros t\u00edtulos, ha ganado dos veces el International Floristry Championship.<\/p>\n<p>[\/vc_hoverbox][vc_column_text css=\u00bb.vc_custom_1549731709236{background-color: #86b8b9 !important;}\u00bb]<\/p>\n<div class=\"team\">\n<h2><span style=\"color: #f2f1ea;\">P\u0158EMYSL<br \/>\nHYTYCH<br \/>\n<\/span><\/h2>\n<h4><span style=\"color: #f2f1ea;\">Rep\u00fablica Checa<\/span><\/h4>\n<p>&nbsp;<\/p>\n<\/div>\n<p>[\/vc_column_text][\/vc_column_inner][vc_column_inner width=\u00bb1\/4&#8243;][vc_hoverbox image=\u00bb8362&#8243; primary_title=\u00bb\u00bb hover_title=\u00bbNicu Bocancea\u00bb shape=\u00bbsquare\u00bb]<\/p>\n<p style=\"text-align: center;\">Ganador de campeonatos de dise\u00f1o \ufb02oral a nivel nacional (Ruman\u00eda) e Internacional.<br \/>\nTrabaja y hace demostraciones en toda Europa.<\/p>\n<p>[\/vc_hoverbox][vc_column_text css=\u00bb.vc_custom_1549731717251{background-color: #86b8b9 !important;}\u00bb]<\/p>\n<div class=\"team\">\n<h2><span style=\"color: #f2f1ea;\">NICU<br \/>\nBOCANCEA<\/span><\/h2>\n<h4><span style=\"color: #f2f1ea;\">Ruman\u00eda<\/span><\/h4>\n<p>&nbsp;<\/p>\n<\/div>\n<p>[\/vc_column_text][\/vc_column_inner][vc_column_inner width=\u00bb1\/4&#8243;][vc_hoverbox image=\u00bb8363&#8243; primary_title=\u00bb\u00bb hover_title=\u00bbPirjo Koppi\u00bb shape=\u00bbsquare\u00bb]<\/p>\n<p style=\"text-align: center;\">Medalla de Oro de Honor por la Finnish Florists Association (2016), ganadora de la International Floral Art Competition (2011,2010, 2008, 2007) y campeona de Finlandia en 2007, entre otros t\u00edtulos.<\/p>\n<p>[\/vc_hoverbox][vc_column_text css=\u00bb.vc_custom_1549731724555{background-color: #86b8b9 !important;}\u00bb]<\/p>\n<div class=\"team\">\n<h2><span style=\"color: #f2f1ea;\">PIRJO<br \/>\nKOPPI<\/span><\/h2>\n<h4><span style=\"color: #f2f1ea;\">Finlandia<\/span><\/h4>\n<p>&nbsp;<\/p>\n<\/div>\n<p>[\/vc_column_text][\/vc_column_inner][vc_column_inner width=\u00bb1\/4&#8243;][vc_hoverbox image=\u00bb7848&#8243; primary_title=\u00bb\u00bb hover_title=\u00bbCarles J. Fontanillas\u00bb shape=\u00bbsquare\u00bb]<\/p>\n<p style=\"text-align: center;\">Maestro \ufb02orista reconocido en todo el mundo por sus innovadoras aportaciones al dise\u00f1o \ufb02oral y principal impulsor del proyecto FLOOS.<\/p>\n<p>[\/vc_hoverbox][vc_column_text css=\u00bb.vc_custom_1549731731941{background-color: #86b8b9 !important;}\u00bb]<\/p>\n<div class=\"team\">\n<h2><span style=\"color: #f2f1ea;\">CARLES J. FONTANILLAS<br \/>\n<\/span><\/h2>\n<h4><span style=\"color: #f2f1ea;\">Espa\u00f1a<\/span><\/h4>\n<p>&nbsp;<\/p>\n<\/div>\n<p>[\/vc_column_text][\/vc_column_inner][\/vc_row_inner][\/vc_tta_section][\/vc_tta_pageable][\/vc_column][vc_column][vc_separator border_width=\u00bb3&#8243;][\/vc_column][\/vc_row][vc_row css=\u00bb.vc_custom_1532777359832{padding-bottom: 20px !important;}\u00bb][vc_column width=\u00bb1\/6&#8243;][\/vc_column][vc_column width=\u00bb2\/3&#8243; css=\u00bb.vc_custom_1482332874519{padding-right: 20px !important;padding-left: 20px !important;}\u00bb][vc_column_text]<\/p>\n<h3 style=\"text-align: center;\"><em>El equipo de FLOOS\u00a0 presenta una nueva colecci\u00f3n de libros llamada\u00a0 \u2018FLOOS COLLECTIONS\u2019. Esta nueva propuesta anual, en formato cuadrado, recoje 99 ideas de dise\u00f1o floral sobre una tem\u00e1tica determinada que cambiar\u00e1 cada a\u00f1o. Ideas florales para bodas es el primero de las \u2018FLOOS COLLECTIONS\u2019 e incluye ramos, joyas para novias y dise\u00f1os de mesa.<\/em><\/h3>\n<p>[\/vc_column_text][\/vc_column][vc_column width=\u00bb1\/6&#8243;][\/vc_column][\/vc_row][vc_row css=\u00bb.vc_custom_1502378045490{padding-right: 50px !important;padding-left: 50px !important;}\u00bb][vc_column width=\u00bb1\/2&#8243;][vc_single_image image=\u00bb12622&#8243; img_size=\u00bb800&#215;600&#8243; alignment=\u00bbcenter\u00bb][vc_column_text css=\u00bb.vc_custom_1577715841921{padding-right: 30px !important;}\u00bb]<\/p>\n<p style=\"text-align: left; font-size: 18px;\"><strong>Con la ayuda de ROOBOS nuestro principal patrocinador.<\/strong> M\u00e1xima calidad en m\u00e1s de 15.000 productos florales para realizar todas las composiciones de FLOOS.<\/p>\n<p>[\/vc_column_text][\/vc_column][vc_column width=\u00bb1\/2&#8243;][vc_single_image image=\u00bb12625&#8243; img_size=\u00bb800&#215;600&#8243; alignment=\u00bbcenter\u00bb][vc_column_text css=\u00bb.vc_custom_1577715545253{padding-right: 30px !important;}\u00bb]<\/p>\n<p style=\"text-align: left; font-size: 18px;\"><strong>Descubre ideas de 30 de los mejores maestros floristas internacionales. <\/strong>Aprende e insp\u00edrate con su particular visi\u00f3n floral de las bodas.<\/p>\n<p>[\/vc_column_text][\/vc_column][\/vc_row][vc_row css=\u00bb.vc_custom_1510830837411{background-color: #ffffff !important;}\u00bb][vc_column][vc_column_text]<\/p>\n<h2 style=\"text-align: center;\">DESCUBRE TAMBI\u00c9N NUESTROS LIBROS \u00abTHE CRAFTER&#8217;S SECRETS\u00bb<\/h2>\n<p>[\/vc_column_text][vc_row_inner content_placement=\u00bbmiddle\u00bb][vc_column_inner][vc_single_image image=\u00bb12442&#8243; img_size=\u00bbfull\u00bb alignment=\u00bbcenter\u00bb onclick=\u00bbcustom_link\u00bb link=\u00bbhttp:\/\/shop.floos.org\/es\/producto\/the-crafters-secret-vol-04\/\u00bb][\/vc_column_inner][\/vc_row_inner][\/vc_column][\/vc_row]<\/p>\n<\/div>","protected":false},"excerpt":{"rendered":"<p>[vc_row css=\u00bb.vc_custom_1510830837411{background-color: #ffffff !important;}\u00bb][vc_column][vc_column_text] THE FLOOS COLLECTIONS BOOK SERIES [\/vc_column_text][vc_row_inner content_placement=\u00bbmiddle\u00bb][vc_column_inner][vc_single_image image=\u00bb12635&#8243; img_size=\u00bbfull\u00bb alignment=\u00bbcenter\u00bb onclick=\u00bbcustom_link\u00bb link=\u00bbhttp:\/\/shop.floos.org\/es\/producto\/floos-collections-99-ideas-para-bodas\u00bb][vc_btn title=\u00bbVER EL LIBRO AHORA &gt;&gt;\u00bb style=\u00bbflat\u00bb shape=\u00bbsquare\u00bb color=\u00bbdanger\u00bb size=\u00bblg\u00bb align=\u00bbcenter\u00bb link=\u00bburl:https%3A%2F%2Fshop.floos.org%2Fes%2Fproducto%2Ffloos-collections-99-ideas-para-bodas||target:%20_blank|\u00bb el_class=\u00bbhome-button\u00bb][\/vc_column_inner][\/vc_row_inner][\/vc_column][\/vc_row][vc_row full_width=\u00bbstretch_row_content\u00bb][vc_column width=\u00bb1\/4&#8243;][\/vc_column][vc_column width=\u00bb1\/2&#8243;][vc_empty_space height=\u00bb20px\u00bb][vc_column_text] 99 ideas florales para Bodas 30 de los mejores maestros floristas internacionales \u00a0participan con sus ideas y formas de interpretar el mundo de&hellip;<\/p>\n","protected":false},"author":1,"featured_media":0,"parent":0,"menu_order":0,"comment_status":"closed","ping_status":"closed","template":"","meta":{"footnotes":""},"class_list":["post-12601","page","type-page","status-publish","hentry","description-off"],"_links":{"self":[{"href":"https:\/\/shop.floos.org\/es\/wp-json\/wp\/v2\/pages\/12601","targetHints":{"allow":["GET"]}}],"collection":[{"href":"https:\/\/shop.floos.org\/es\/wp-json\/wp\/v2\/pages"}],"about":[{"href":"https:\/\/shop.floos.org\/es\/wp-json\/wp\/v2\/types\/page"}],"author":[{"embeddable":true,"href":"https:\/\/shop.floos.org\/es\/wp-json\/wp\/v2\/users\/1"}],"replies":[{"embeddable":true,"href":"https:\/\/shop.floos.org\/es\/wp-json\/wp\/v2\/comments?post=12601"}],"version-history":[{"count":7,"href":"https:\/\/shop.floos.org\/es\/wp-json\/wp\/v2\/pages\/12601\/revisions"}],"predecessor-version":[{"id":12644,"href":"https:\/\/shop.floos.org\/es\/wp-json\/wp\/v2\/pages\/12601\/revisions\/12644"}],"wp:attachment":[{"href":"https:\/\/shop.floos.org\/es\/wp-json\/wp\/v2\/media?parent=12601"}],"curies":[{"name":"wp","href":"https:\/\/api.w.org\/{rel}","templated":true}]}}