{"id":7514,"date":"2016-12-21T10:07:18","date_gmt":"2016-12-21T10:07:18","guid":{"rendered":"http:\/\/shop.floos.org\/home\/"},"modified":"2019-02-09T18:16:46","modified_gmt":"2019-02-09T18:16:46","slug":"home","status":"publish","type":"page","link":"https:\/\/shop.floos.org\/es\/home\/","title":{"rendered":"Home"},"content":{"rendered":"<div class=\"wpb-content-wrapper\"><p>[vc_row css=\u00bb.vc_custom_1483346496787{padding-top: 0px !important;background-color: #adadad !important;}\u00bb][vc_column width=\u00bb1\/2&#8243;][vc_column_text]<\/p>\n<h5>Esta es la nueva TIENDA ONLINE de FLOOS<\/h5>\n<p>[\/vc_column_text][\/vc_column][vc_column width=\u00bb1\/2&#8243;][vc_column_text]<\/p>\n<h5 style=\"text-align: right;\">Si deseas ver la librer\u00eda digital con m\u00e1s de 250 recetas florales visita&nbsp;<strong><a href=\"http:\/\/www.floos.org\/categories.php?filterType=filter_items\">www.floos.org<\/a><\/strong><\/h5>\n<p>[\/vc_column_text][\/vc_column][\/vc_row][vc_row css=\u00bb.vc_custom_1482434800671{padding-top: 100px !important;background-color: #d4b8b8 !important;}\u00bb][vc_column][vc_column_text]<\/p>\n<p style=\"text-align: center; font-size: 50px; line-height: 45px; font-weight: bold;\">THE CRAFTER\u2019S SECRET VOL. 01<\/p>\n<p style=\"text-align: center; font-size: 36px; font-weight: 300;\">a flower book by Floos<\/p>\n<p>[\/vc_column_text][\/vc_column][\/vc_row][vc_row full_height=\u00bbyes\u00bb columns_placement=\u00bbtop\u00bb content_placement=\u00bbtop\u00bb css=\u00bb.vc_custom_1482490814789{background-color: #d4b8b8 !important;background-position: center !important;background-repeat: no-repeat !important;background-size: cover !important;}\u00bb][vc_column width=\u00bb1\/2&#8243;][vc_single_image image=\u00bb7904&#8243; img_size=\u00bbfull\u00bb alignment=\u00bbright\u00bb][\/vc_column][vc_column width=\u00bb1\/2&#8243; css=\u00bb.vc_custom_1482492007588{padding-left: 60px !important;}\u00bb][vc_empty_space height=\u00bb50px\u00bb][vc_column_text]<\/p>\n<p style=\"font-size: 42px; font-weight: bold; text-align: left;\"><span style=\"color: #33cccc;\"><span style=\"color: #333333;\">Solo 49,50\u20ac<br \/>\n<span style=\"font-size: 20px; color: #999999;\">hasta un -25% de dto. para suscriptores<\/span><br \/>\n<\/span><\/span><\/p>\n<p>[\/vc_column_text][vc_btn title=\u00bbCOMPRARLO AHORA\u00bb style=\u00bbflat\u00bb shape=\u00bbsquare\u00bb color=\u00bbgreen\u00bb size=\u00bblg\u00bb align=\u00bbleft\u00bb el_class=\u00bbhome-button\u00bb link=\u00bburl:http%3A%2F%2Fshop.floos.org%2Fes%2Fcomprar%2F%3Fadd-to-cart%3D8021|||\u00bb][\/vc_column][\/vc_row][vc_row full_width=\u00bbstretch_row_content\u00bb css=\u00bb.vc_custom_1482320536757{margin-top: 30px !important;}\u00bb][vc_column width=\u00bb1\/4&#8243;][\/vc_column][vc_column width=\u00bb1\/2&#8243;][vc_column_text]<\/p>\n<h2>POR PRIMERA VEZ, FLOOS EN PAPEL<\/h2>\n<p>Nuestro libro THE CRAFTER\u2019S SECRET VOL. 01 recoge <strong>las mejores recetas florales de los or\u00edgenes de FLOOS.org,&nbsp;con los dise\u00f1os m\u00e1s personales de cada autor.<\/strong>&nbsp;Esta&nbsp;edici\u00f3n limitada y exclusiva ha sido cuidada al detalle para convertirse en un libro de cabecera para todos los amantes de la florister\u00eda.[\/vc_column_text][vc_empty_space height=\u00bb40px\u00bb][vc_separator color=\u00bbcustom\u00bb el_width=\u00bb60&#8243; accent_color=\u00bb#777777&#8243;][vc_empty_space height=\u00bb40px\u00bb][\/vc_column][vc_column width=\u00bb1\/4&#8243;][\/vc_column][\/vc_row][vc_row css=\u00bb.vc_custom_1482511755891{padding-top: 20px !important;padding-bottom: 20px !important;background-color: #86b8b9 !important;}\u00bb][vc_column][vc_column_text]<\/p>\n<h2 style=\"text-align: center;\">UN MANUAL IMPRESCINDIBLE PARA TU BIBLIOTECA<\/h2>\n<p>[\/vc_column_text][\/vc_column][\/vc_row][vc_row full_width=\u00bbstretch_row_content\u00bb css=\u00bb.vc_custom_1482511765090{padding-top: 40px !important;padding-bottom: 60px !important;}\u00bb][vc_column width=\u00bb1\/3&#8243;][vc_icon icon_fontawesome=\u00bbfa fa-file-text-o\u00bb color=\u00bbblack\u00bb background_style=\u00bbrounded-outline\u00bb background_color=\u00bbcustom\u00bb size=\u00bbxl\u00bb align=\u00bbcenter\u00bb custom_background_color=\u00bb#7d7c7a\u00bb][vc_column_text]<\/p>\n<h4>24 recetas de t\u00e9cnica avanzada explicadas paso a paso<\/h4>\n<p>Elegidas por los propios autores por tratarse de <strong>sus creaciones m\u00e1s personales<\/strong> o por ser las recetas que mejor reflejan su estilo o una t\u00e9cnica concreta.[\/vc_column_text][\/vc_column][vc_column width=\u00bb1\/3&#8243;][vc_icon icon_fontawesome=\u00bbfa fa-qrcode\u00bb color=\u00bbblack\u00bb background_style=\u00bbrounded-outline\u00bb background_color=\u00bbcustom\u00bb size=\u00bbxl\u00bb align=\u00bbcenter\u00bb custom_background_color=\u00bb#7d7c7a\u00bb][vc_column_text]<\/p>\n<h4>Con v\u00eddeos ilustrativos accesibles a trav\u00e9s de un c\u00f3digo QR<\/h4>\n<p>Cada creaci\u00f3n cuenta con un <strong>c\u00f3digo QR<\/strong> que permite acceder a un v\u00eddeo en el que se muestra la t\u00e9cnica de elaboraci\u00f3n planteada.[\/vc_column_text][\/vc_column][vc_column width=\u00bb1\/3&#8243;][vc_icon icon_fontawesome=\u00bbfa fa-language\u00bb color=\u00bbblack\u00bb background_style=\u00bbrounded-outline\u00bb background_color=\u00bbcustom\u00bb size=\u00bbxl\u00bb align=\u00bbcenter\u00bb custom_background_color=\u00bb#7d7c7a\u00bb][vc_column_text]<\/p>\n<h4>En formato multidioma: Ingl\u00e9s, Espa\u00f1ol y Ruso<\/h4>\n<p>Por su proyecci\u00f3n internacional, encontrar\u00e1s todos los textos del libro en estos <strong>3 idiomas<\/strong>.[\/vc_column_text][\/vc_column][\/vc_row][vc_row css=\u00bb.vc_custom_1482321714174{padding-top: 40px !important;background-color: #86b8b9 !important;}\u00bb][vc_column][vc_column_text]<\/p>\n<h2 style=\"text-align: center;\">CREADO POR LOS MAESTROS FLORISTAS M\u00c1S&nbsp;INFLUYENTES<\/h2>\n<p>[\/vc_column_text][\/vc_column][\/vc_row][vc_row css=\u00bb.vc_custom_1482321657653{padding-top: 40px !important;background-color: #86b8b9 !important;}\u00bb][vc_column width=\u00bb1\/4&#8243;][vc_single_image image=\u00bb7846&#8243; img_size=\u00bbfull\u00bb alignment=\u00bbcenter\u00bb][vc_column_text]<\/p>\n<div class=\"team\">\n<h2><span style=\"color: #f2f1ea;\">BRIGITTE<br \/>\nHEINRICHS<br \/>\n<\/span><\/h2>\n<h4><span style=\"color: #f2f1ea;\">Germany<\/span><\/h4>\n<p>&nbsp;<\/p>\n<\/div>\n<p>[\/vc_column_text][\/vc_column][vc_column width=\u00bb1\/4&#8243;][vc_single_image image=\u00bb7840&#8243; img_size=\u00bbfull\u00bb alignment=\u00bbcenter\u00bb][vc_column_text]<\/p>\n<div class=\"team\">\n<h2><span style=\"color: #f2f1ea;\">ALEX<br \/>\n<\/span><span style=\"color: #f2f1ea;\">SEGURA<br \/>\n<\/span><\/h2>\n<h4><span style=\"color: #f2f1ea;\">Spain<\/span><\/h4>\n<p>&nbsp;<\/p>\n<\/div>\n<p>[\/vc_column_text][\/vc_column][vc_column width=\u00bb1\/4&#8243;][vc_single_image image=\u00bb7842&#8243; img_size=\u00bbfull\u00bb alignment=\u00bbcenter\u00bb][vc_column_text]<\/p>\n<div class=\"team\">\n<h2><span style=\"color: #f2f1ea;\">BEA<br \/>\nBEROY<br \/>\n<\/span><\/h2>\n<h4><span style=\"color: #f2f1ea;\">Spain<\/span><\/h4>\n<p>&nbsp;<\/p>\n<\/div>\n<p>[\/vc_column_text][\/vc_column][vc_column width=\u00bb1\/4&#8243;][vc_single_image image=\u00bb7854&#8243; img_size=\u00bbfull\u00bb alignment=\u00bbcenter\u00bb][vc_column_text]<\/p>\n<div class=\"team\">\n<h2><span style=\"color: #f2f1ea;\">NATALIA<br \/>\nZHIZHKO<br \/>\n<\/span><\/h2>\n<h4><span style=\"color: #f2f1ea;\">Russia<\/span><\/h4>\n<p>&nbsp;<\/p>\n<\/div>\n<p>[\/vc_column_text][\/vc_column][\/vc_row][vc_row css=\u00bb.vc_custom_1482323194491{padding-top: 40px !important;padding-bottom: 60px !important;background-color: #86b8b9 !important;}\u00bb][vc_column width=\u00bb1\/4&#8243;][vc_single_image image=\u00bb7850&#8243; img_size=\u00bbfull\u00bb alignment=\u00bbcenter\u00bb][vc_column_text]<\/p>\n<div class=\"team\">\n<h2><span style=\"color: #f2f1ea;\">DANIEL<br \/>\nSANTAMARIA<br \/>\n<\/span><\/h2>\n<h4><span style=\"color: #f2f1ea;\">Spain<\/span><\/h4>\n<p>&nbsp;<\/p>\n<\/div>\n<p>[\/vc_column_text][\/vc_column][vc_column width=\u00bb1\/4&#8243;][vc_single_image image=\u00bb7852&#8243; img_size=\u00bbfull\u00bb alignment=\u00bbcenter\u00bb][vc_column_text]<\/p>\n<div class=\"team\">\n<h2><span style=\"color: #f2f1ea;\">JOSEPH<br \/>\nMASSIE<br \/>\n<\/span><\/h2>\n<h4><span style=\"color: #f2f1ea;\">England<\/span><\/h4>\n<p>&nbsp;<\/p>\n<\/div>\n<p>[\/vc_column_text][\/vc_column][vc_column width=\u00bb1\/4&#8243;][vc_single_image image=\u00bb7844&#8243; img_size=\u00bbfull\u00bb alignment=\u00bbcenter\u00bb][vc_column_text]<\/p>\n<div class=\"team\">\n<h2><span style=\"color: #f2f1ea;\">BERIT<br \/>\nSKJOTTGAARD<br \/>\n<\/span><\/h2>\n<h4><span style=\"color: #f2f1ea;\">Denmark<\/span><\/h4>\n<p>&nbsp;<\/p>\n<\/div>\n<p>[\/vc_column_text][\/vc_column][vc_column width=\u00bb1\/4&#8243;][vc_single_image image=\u00bb7848&#8243; img_size=\u00bbfull\u00bb alignment=\u00bbcenter\u00bb][vc_column_text]<\/p>\n<div class=\"team\">\n<h2><span style=\"color: #f2f1ea;\">CARLES J. FONTANILLAS<br \/>\n<\/span><\/h2>\n<h4><span style=\"color: #f2f1ea;\">Spain<\/span><\/h4>\n<p>&nbsp;<\/p>\n<\/div>\n<p>[\/vc_column_text][\/vc_column][\/vc_row][vc_row css=\u00bb.vc_custom_1482323676105{padding-top: 60px !important;padding-bottom: 40px !important;}\u00bb][vc_column][vc_column_text]<\/p>\n<h2 style=\"text-align: center;\">268&nbsp;P\u00c1GINAS DE PASI\u00d3N POR LA ARTESAN\u00cdA FLORAL<\/h2>\n<p>[\/vc_column_text][\/vc_column][\/vc_row][vc_row css=\u00bb.vc_custom_1482323825416{padding-right: 50px !important;padding-bottom: 60px !important;padding-left: 50px !important;}\u00bb][vc_column width=\u00bb1\/2&#8243;][vc_single_image image=\u00bb7862&#8243; img_size=\u00bb800&#215;600&#8243; alignment=\u00bbcenter\u00bb][vc_column_text css=\u00bb.vc_custom_1482398373583{padding-right: 30px !important;}\u00bb]<\/p>\n<p style=\"text-align: left;\"><strong>Con fotograf\u00edas de gran belleza <\/strong>que ilustran a la perfecci\u00f3n los pasos a seguir en cada composici\u00f3n floral.<\/p>\n<p>[\/vc_column_text][vc_row_inner][vc_column_inner width=\u00bb1\/2&#8243;][\/vc_column_inner][vc_column_inner width=\u00bb1\/2&#8243;][\/vc_column_inner][\/vc_row_inner][\/vc_column][vc_column width=\u00bb1\/2&#8243;][vc_single_image image=\u00bb7863&#8243; img_size=\u00bb800&#215;600&#8243; alignment=\u00bbcenter\u00bb][vc_column_text css=\u00bb.vc_custom_1482323770952{padding-right: 30px !important;}\u00bb]<\/p>\n<p style=\"text-align: left;\"><strong>Con reflexiones y <\/strong><strong>consejos de cada autor<\/strong>, para apreciar sus razonamientos y su visi\u00f3n de la florister\u00eda.<\/p>\n<p>[\/vc_column_text][vc_row_inner][vc_column_inner width=\u00bb1\/2&#8243;][\/vc_column_inner][vc_column_inner width=\u00bb1\/2&#8243;][\/vc_column_inner][\/vc_row_inner][\/vc_column][\/vc_row][vc_row css=\u00bb.vc_custom_1482325754395{padding-top: 30px !important;padding-bottom: 40px !important;}\u00bb][vc_column][vc_separator color=\u00bbcustom\u00bb el_width=\u00bb30&#8243; accent_color=\u00bb#c1c1c1&#8243;][vc_empty_space][vc_column_text]<\/p>\n<p style=\"text-align: center; font-size: 40px;\"><strong>ADM\u00cdRALO.<br \/>\nPOR DENTRO Y POR FUERA<br \/>\n<\/strong><\/p>\n<p>[\/vc_column_text][\/vc_column][\/vc_row][vc_row full_width=\u00bbstretch_row_content_no_spaces\u00bb isfullwidth=\u00bb0&#8243;][vc_column][vc_video link=\u00bb https:\/\/youtu.be\/K7X5kkXteYU\u00bb align=\u00bbcenter\u00bb][\/vc_column][\/vc_row][vc_row css=\u00bb.vc_custom_1482325640799{padding-top: 60px !important;padding-bottom: 60px !important;}\u00bb][vc_column width=\u00bb1\/6&#8243;][\/vc_column][vc_column width=\u00bb2\/3&#8243; css=\u00bb.vc_custom_1482332874519{padding-right: 20px !important;padding-left: 20px !important;}\u00bb][vc_column_text]<\/p>\n<p style=\"text-align: center; font-size: 24px;\"><em>\u201cEspecialmente pensado <strong>para tener a mano las recetas m\u00e1s destacadas<\/strong> de los autores de FLOOS. Para profundizar en la visi\u00f3n personal que cada maestro tiene del arte floral.\u201d<\/em><\/p>\n<p style=\"text-align: right; font-size: 18px;\">Carles J. Fontanillas (Spain)<\/p>\n<p>[\/vc_column_text][\/vc_column][vc_column width=\u00bb1\/6&#8243;][\/vc_column][\/vc_row][vc_row css=\u00bb.vc_custom_1482493452562{padding-top: 100px !important;background-color: #332b34 !important;background-position: center !important;background-repeat: no-repeat !important;background-size: contain !important;}\u00bb el_class=\u00bbbottom-home\u00bb][vc_column width=\u00bb1\/4&#8243;][\/vc_column][vc_column width=\u00bb1\/2&#8243;][vc_empty_space height=\u00bb100px\u00bb][vc_column_text]<\/p>\n<h4 style=\"font-size: 48px; text-align: center;\"><span style=\"color: #ffffff;\">P\u00cdDELO AHORA<\/span><\/h4>\n<h4 style=\"font-size: 48px; text-align: center;\"><span style=\"font-size: 24px; color: #ffffff;\">Escoge el libro perfecto para ti<\/span><\/h4>\n<p>[\/vc_column_text][vc_empty_space height=\u00bb40px\u00bb][vc_btn title=\u00bbCOMPRARLO &gt;&gt;\u00bb style=\u00bbflat\u00bb shape=\u00bbsquare\u00bb color=\u00bbgreen\u00bb size=\u00bblg\u00bb align=\u00bbcenter\u00bb link=\u00bburl:http%3A%2F%2Fshop.floos.org%2Fes%2Fcomprar%2F%3Fadd-to-cart%3D8021|||\u00bb el_class=\u00bbhome-button\u00bb][vc_empty_space height=\u00bb100px\u00bb][\/vc_column][vc_column width=\u00bb1\/4&#8243;][\/vc_column][\/vc_row]<\/p>\n<\/div>","protected":false},"excerpt":{"rendered":"<p>[vc_row css=\u00bb.vc_custom_1483346496787{padding-top: 0px !important;background-color: #adadad !important;}\u00bb][vc_column width=\u00bb1\/2&#8243;][vc_column_text] Esta es la nueva TIENDA ONLINE de FLOOS [\/vc_column_text][\/vc_column][vc_column width=\u00bb1\/2&#8243;][vc_column_text] Si deseas ver la librer\u00eda digital con m\u00e1s de 250 recetas florales visita&nbsp;www.floos.org [\/vc_column_text][\/vc_column][\/vc_row][vc_row css=\u00bb.vc_custom_1482434800671{padding-top: 100px !important;background-color: #d4b8b8 !important;}\u00bb][vc_column][vc_column_text] THE CRAFTER\u2019S SECRET VOL. 01 a flower book by Floos [\/vc_column_text][\/vc_column][\/vc_row][vc_row full_height=\u00bbyes\u00bb columns_placement=\u00bbtop\u00bb content_placement=\u00bbtop\u00bb css=\u00bb.vc_custom_1482490814789{background-color: #d4b8b8 !important;background-position: center !important;background-repeat:&hellip;<\/p>\n","protected":false},"author":1,"featured_media":0,"parent":0,"menu_order":0,"comment_status":"closed","ping_status":"closed","template":"","meta":{"footnotes":""},"class_list":["post-7514","page","type-page","status-publish","hentry","description-off"],"_links":{"self":[{"href":"https:\/\/shop.floos.org\/es\/wp-json\/wp\/v2\/pages\/7514","targetHints":{"allow":["GET"]}}],"collection":[{"href":"https:\/\/shop.floos.org\/es\/wp-json\/wp\/v2\/pages"}],"about":[{"href":"https:\/\/shop.floos.org\/es\/wp-json\/wp\/v2\/types\/page"}],"author":[{"embeddable":true,"href":"https:\/\/shop.floos.org\/es\/wp-json\/wp\/v2\/users\/1"}],"replies":[{"embeddable":true,"href":"https:\/\/shop.floos.org\/es\/wp-json\/wp\/v2\/comments?post=7514"}],"version-history":[{"count":0,"href":"https:\/\/shop.floos.org\/es\/wp-json\/wp\/v2\/pages\/7514\/revisions"}],"wp:attachment":[{"href":"https:\/\/shop.floos.org\/es\/wp-json\/wp\/v2\/media?parent=7514"}],"curies":[{"name":"wp","href":"https:\/\/api.w.org\/{rel}","templated":true}]}}