{"id":11077,"date":"2018-07-26T09:08:38","date_gmt":"2018-07-26T09:08:40","guid":{"rendered":"http:\/\/shop.floos.org\/?post_type=product&#038;p=11077"},"modified":"2019-04-11T17:05:12","modified_gmt":"2019-04-11T17:05:12","slug":"the-crafters-secret-vol-03","status":"publish","type":"product","link":"https:\/\/shop.floos.org\/es\/producto\/the-crafters-secret-vol-03\/","title":{"rendered":"THE CRAFTER\u2019S SECRET VOL.03"},"content":{"rendered":"<div class=\"issuuembed\" style=\"width: 100%; height: 644px;\" data-configid=\"28229154\/63480432\"><\/div>\n<p><script type=\"text\/javascript\" src=\"\/\/e.issuu.com\/embed.js\" async=\"true\"><\/script><\/p>\n<p>&nbsp;<\/p>\n<p>&nbsp;<\/p>\n<p><strong><u>INFORMACI\u00d3N T\u00c9CNICA<\/u><\/strong><\/p>\n<p><strong>Portada:<\/strong>\u00a0Blanda con solapas<\/p>\n<p><strong>Editor:<\/strong> FLOOS, the crafter&#8217;s secret<\/p>\n<p><strong>Fecha publicaci\u00f3n:<\/strong> 18 de septiembre del 2018<\/p>\n<p><strong>N\u00famero de p\u00e1ginas:<\/strong> 288<\/p>\n<p><strong>Idioma:<\/strong> Multilingual (Ingl\u00e9s, Espa\u00f1ol y franc\u00e9s)<\/p>\n<p><strong>Dimensions:<\/strong> 30x24x2cm<\/p>\n<p><strong>ISBN-13:<\/strong><br \/>\n978-84-09-04658-4<\/p>\n<h3>Nuestro \u20183\u2019 es un n\u00famero m\u00e1gico<\/h3>\n<p>&nbsp;<\/p>\n<p><strong><em>THE CRAFTER\u2019S SECRET Vol. 03 <\/em><\/strong>consolida el proyecto FLOOS.org como <strong>una referencia internacional de primer orden<\/strong> en materia de aprendizaje y perfeccionamiento de t\u00e9cnicas florales de nivel avanzado, y coloca la edici\u00f3n en papel de sus recetas paso a paso <strong>entre los manuales m\u00e1s \u00fatiles e inspiradores de dise\u00f1o floral.<\/strong><\/p>\n<p>Adem\u00e1s de su funci\u00f3n pr\u00e1ctica, como herramienta de uso diario, este libro tambi\u00e9n ofrece una importante labor divulgativa, acerc\u00e1ndote a <strong>una gran variedad de t\u00e9cnicas y de tradiciones florales,<\/strong> que van desde Espa\u00f1a hasta Corea, pasando por Dinamarca, Francia, Holanda, Suecia y Alemania.<\/p>\n<p>Y todo, de la mano de<strong> 10 prestigiosos maestros floristas <\/strong>que participaron en la temporada 2017-2018 de FLOOS: <strong>Daniel Santamaria, Max Van de Sluis, Britta Ohlrogge, Berit Skj\u00f8ttgaard Laursen, Brigitte Heinrichs, Jordi Abell\u00f3, Fr\u00e9d\u00e9ric Dupr\u00e9, Carles J. Fontanillas<\/strong> y los campeones del mundo<br \/>\n<strong> Per Benjamin y Alex Choi.<\/strong><\/p>\n<p>En total, <strong>30 recetas de dise\u00f1o floral explicadas paso a paso<\/strong>, con las que descubrir\u00e9is la filosof\u00eda de sus creadores y con las que conocer\u00e9is su forma de conceptualizar y evolucionar una composici\u00f3n para aplicarlo luego en vuestros propios trabajos.<\/p>\n<p><strong>Sumerg\u00edos en sus p\u00e1ginas y descubrir\u00e9is por qu\u00e9 nuestro \u20183\u2019 es un n\u00famero m\u00e1gico.<\/strong><\/p>\n","protected":false},"excerpt":{"rendered":"<h2><strong>THE CRAFTER&#8217;S SECRET VOL.03<\/strong><\/h2>\n<p>Descubre las <b>recetas de dise\u00f1o floral <\/b>m\u00e1s destacadas de la temporada 2017-2018 de FLOOS, en formato libro y explicadas paso a paso por los maestros floristas que las crearon:<b> Daniel Santamaria, Per Benjamin, Max Van de Sluis, Britta Ohlrogge, Berit Skj\u00f8ttgaard Laursen, Brigitte Heinrichs, Jordi Abell\u00f3, Fr\u00e9d\u00e9ric Dupr\u00e9, Alex Choi y Carles J. Fontanillas.<\/b><\/p>\n","protected":false},"featured_media":12284,"template":"","meta":[],"product_brand":[],"product_cat":[186],"product_tag":[192,193,194,248,190,195],"class_list":{"0":"post-11077","1":"product","2":"type-product","3":"status-publish","4":"has-post-thumbnail","6":"product_cat-libros-de-floos","7":"product_tag-floos-es","8":"product_tag-floosweb-es","9":"product_tag-libro-flores","10":"product_tag-libro-de-flores-es","11":"product_tag-libro-floral-es","12":"product_tag-paso-a-paso","13":"description-off","15":"first","16":"instock","17":"sale","18":"taxable","19":"shipping-taxable","20":"purchasable","21":"product-type-simple"},"_links":{"self":[{"href":"https:\/\/shop.floos.org\/es\/wp-json\/wp\/v2\/product\/11077","targetHints":{"allow":["GET"]}}],"collection":[{"href":"https:\/\/shop.floos.org\/es\/wp-json\/wp\/v2\/product"}],"about":[{"href":"https:\/\/shop.floos.org\/es\/wp-json\/wp\/v2\/types\/product"}],"wp:featuredmedia":[{"embeddable":true,"href":"https:\/\/shop.floos.org\/es\/wp-json\/wp\/v2\/media\/12284"}],"wp:attachment":[{"href":"https:\/\/shop.floos.org\/es\/wp-json\/wp\/v2\/media?parent=11077"}],"wp:term":[{"taxonomy":"product_brand","embeddable":true,"href":"https:\/\/shop.floos.org\/es\/wp-json\/wp\/v2\/product_brand?post=11077"},{"taxonomy":"product_cat","embeddable":true,"href":"https:\/\/shop.floos.org\/es\/wp-json\/wp\/v2\/product_cat?post=11077"},{"taxonomy":"product_tag","embeddable":true,"href":"https:\/\/shop.floos.org\/es\/wp-json\/wp\/v2\/product_tag?post=11077"}],"curies":[{"name":"wp","href":"https:\/\/api.w.org\/{rel}","templated":true}]}}