{"id":12186,"date":"2019-07-29T09:07:10","date_gmt":"2019-07-29T09:07:11","guid":{"rendered":"http:\/\/shop.floos.org\/?post_type=product&#038;p=12186"},"modified":"2019-09-02T00:03:10","modified_gmt":"2019-09-02T00:03:10","slug":"the-crafters-secret-vol-04","status":"publish","type":"product","link":"https:\/\/shop.floos.org\/es\/producto\/the-crafters-secret-vol-04\/","title":{"rendered":"THE CRAFTER\u2019S SECRET VOL04"},"content":{"rendered":"<p><strong><u>INFORMACI\u00d3N T\u00c9CNICA<\/u><\/strong><\/p>\n<p><strong>Portada:<\/strong>\u00a0Blanda con solapas<\/p>\n<p><strong>Editor:<\/strong> FLOOS, the crafter&#8217;s secret<\/p>\n<p><strong>Fecha publicaci\u00f3n:<\/strong> 2 de septiembre del 2019<\/p>\n<p><strong>N\u00famero de p\u00e1ginas:<\/strong> 271<\/p>\n<p><strong>Idioma:<\/strong> Multilingual (Ingl\u00e9s, Espa\u00f1ol y franc\u00e9s)<\/p>\n<p><strong>Dimensions:<\/strong> 30x24x2cm<\/p>\n<h3>El \u2018n\u00famero 4\u2019, la creaci\u00f3n y el ingenio.<\/h3>\n<p>&nbsp;<\/p>\n<p>La publicaci\u00f3n del libro <strong>THE CRAFTER\u2019S SECRET Vol. 04<\/strong> nos embarca en una nueva aventura de experiencias dentro del <strong>dise\u00f1o floral internacional<\/strong>.<\/p>\n<p>El <strong>volumen 04<\/strong> se caracteriza por la <strong>creatividad<\/strong>, la <strong>lucha contra los l\u00edmites<\/strong>, una <strong>mentalidad avanzada<\/strong>, el <strong>detallismo<\/strong>, etc. intentando ser capaces de alcanzar grandes logros con ingenio y habilidad.<\/p>\n<p>El libro re\u00fane los <strong>dise\u00f1os favoritos de cada uno de los maestros<\/strong> que han participando en FLOOS.org durante la <strong>temporada 2018-2019<\/strong>. <strong>Cada maestro<\/strong> ha creado una colecci\u00f3n de <strong>ocho recetas de dise\u00f1o floral,<\/strong> tres de las cuales se encuentran detalladas paso a paso en este nuevo libro. A parte, se muestran cuatro dise\u00f1os m\u00e1s de cada maestro, en las que tambi\u00e9n se publica el paso a paso y sus consejos en FLOOS.org.<\/p>\n<p>Los <strong>nueve reconocidos internacionalmente maestros de dise\u00f1o floral<\/strong> que forman este libro son, al fin y al cabo, un resumen de culturas y diferentes puntos de vista del arte floral. La florister\u00eda de Espa\u00f1a, Alemania, Francia, B\u00e9lgica, Italia y Rusia quedan plasmadas en estas casi<strong> 300 p\u00e1ginas<\/strong> de tendencias, t\u00e9cnicas, mec\u00e1nicas, novedades y, sobretodo, de <strong>todos los trucos utilizados por cada uno de los maestros.<\/strong><\/p>\n","protected":false},"excerpt":{"rendered":"<h2><strong>THE CRAFTER&#8217;S SECRET VOL.04<\/strong><\/h2>\n<p>Descubre las <b>recetas de dise\u00f1o floral <\/b>m\u00e1s destacadas de la temporada 2018-2019 de FLOOS, en formato libro y explicadas paso a paso por los maestros floristas que las crearon:<b> Miguel Angel Delgado, Rudy Casati, Natalia Zhizhko, Alex Segura, Dominique Herold, Max Hurtaud, Stefan Van Berlo, Jurgen Herold and Carles J. Fontanillas.<\/b><\/p>\n","protected":false},"featured_media":12303,"template":"","meta":[],"product_brand":[],"product_cat":[186],"product_tag":[192,193,194,248,190,195],"class_list":{"0":"post-12186","1":"product","2":"type-product","3":"status-publish","4":"has-post-thumbnail","6":"product_cat-libros-de-floos","7":"product_tag-floos-es","8":"product_tag-floosweb-es","9":"product_tag-libro-flores","10":"product_tag-libro-de-flores-es","11":"product_tag-libro-floral-es","12":"product_tag-paso-a-paso","13":"description-off","15":"first","16":"instock","17":"featured","18":"taxable","19":"shipping-taxable","20":"purchasable","21":"product-type-simple"},"_links":{"self":[{"href":"https:\/\/shop.floos.org\/es\/wp-json\/wp\/v2\/product\/12186","targetHints":{"allow":["GET"]}}],"collection":[{"href":"https:\/\/shop.floos.org\/es\/wp-json\/wp\/v2\/product"}],"about":[{"href":"https:\/\/shop.floos.org\/es\/wp-json\/wp\/v2\/types\/product"}],"wp:featuredmedia":[{"embeddable":true,"href":"https:\/\/shop.floos.org\/es\/wp-json\/wp\/v2\/media\/12303"}],"wp:attachment":[{"href":"https:\/\/shop.floos.org\/es\/wp-json\/wp\/v2\/media?parent=12186"}],"wp:term":[{"taxonomy":"product_brand","embeddable":true,"href":"https:\/\/shop.floos.org\/es\/wp-json\/wp\/v2\/product_brand?post=12186"},{"taxonomy":"product_cat","embeddable":true,"href":"https:\/\/shop.floos.org\/es\/wp-json\/wp\/v2\/product_cat?post=12186"},{"taxonomy":"product_tag","embeddable":true,"href":"https:\/\/shop.floos.org\/es\/wp-json\/wp\/v2\/product_tag?post=12186"}],"curies":[{"name":"wp","href":"https:\/\/api.w.org\/{rel}","templated":true}]}}