{"id":12273,"date":"2019-07-29T14:43:49","date_gmt":"2019-07-29T14:43:49","guid":{"rendered":"http:\/\/shop.floos.org\/?post_type=product&#038;p=12273"},"modified":"2019-08-13T16:04:14","modified_gmt":"2019-08-13T16:04:14","slug":"pack-quattro","status":"publish","type":"product","link":"https:\/\/shop.floos.org\/es\/producto\/pack-quattro\/","title":{"rendered":"PACK QUATTRO"},"content":{"rendered":"<p>Este pack contiene:<\/p>\n<h3>VOLUMEN 01<\/h3>\n<p>Corresponde a la temporada 2015-2016, y contiene 24 recetas de dise\u00f1o floral paso a paso de los siguientes maestros \ufb02oristas de FLOOS: <b>Brigitte Heinrichs, Alex Segura, Bea Beroy, Natalia Zhizhko, Daniel Santamaria, Joseph Massie, Berit Skj\u00f8ttgaard y Carles J. Fontanillas.<\/b><\/p>\n<h3>VOLUMEN 02<\/h3>\n<p>Corresponde a la temporada 2016-2017, y contiene 27 recetas de dise\u00f1o floral paso a paso de los siguientes maestros \ufb02oristas de FLOOS: <b>Stijn Simaeys, Francesc Porres, Mark Pampling, Dominique Ostheeren, J\u00fcrgen Herold, P\u0159emysl Hytych, Nicu Bocancea, Pirjo Koppi y Carles J. Fontanillas.<\/b><\/p>\n<h3>VOLUMEN 03<\/h3>\n<p>Corresponde a la temporada 2017-2018, y contiene 30 recetas de dise\u00f1o floral paso a paso de los siguientes maestros \ufb02oristas de FLOOS: <b>Daniel Santamaria, Per Benjamin, Max Van de Sluis, Britta Ohlrogge, Berit Skj\u00f8ttgaard, Brigitte Heinrichs, Jordi Abell\u00f3, Fr\u00e9d\u00e9ric Dupr\u00e9, Alex Choi y Carles J. Fontanillas.<\/b><\/p>\n<h3>VOLUMEN 04<\/h3>\n<p>Descubre las <b>recetas de dise\u00f1o floral <\/b>m\u00e1s destacadas de la temporada 2018-2019 de FLOOS, en formato libro y explicadas paso a paso por los maestros floristas que las crearon:<b> Miguel Angel Delgado, Rudy Casati, Natalia Zhizhko, Alex Segura, Dominique Herold, Max Hurtaud, Stefan Van Berlo, Jurgen Herold and Carles J. Fontanillas.<\/b><\/p>\n<p>Si buscas inspiraci\u00f3n o quieres perfeccionar tu t\u00e9cnica de dise\u00f1o floral y todav\u00eda no tienes ninguno de nuestros libros, este pack es ideal para ti.<\/p>\n<p><b>\u00a1Haz tu pedido ahora y descubre el secreto!<\/b><\/p>\n","protected":false},"excerpt":{"rendered":"<h2>PACK QUATTRO<\/h2>\n<h3>THE CRAFTER\u2019S SECRET VOL. 01 + 02 + 03 +04<\/h3>\n<p>\u00bfA\u00fan no tienes nuestros libros? El PACK QUATTRO es ideal para ti. <b>Una oferta inigualable<\/b> con la que podr\u00e1s hacerte con todos los vol\u00famenes de la serie publicados hasta ahora: <b>m\u00e1s de 100 recetas de dise\u00f1o floral paso a paso explicadas por 28 de los mejores maestros floristas del mundo. <\/b><\/p>\n","protected":false},"featured_media":12279,"template":"","meta":[],"product_brand":[],"product_cat":[530],"product_tag":[714,194,190,195],"class_list":{"0":"post-12273","1":"product","2":"type-product","3":"status-publish","4":"has-post-thumbnail","6":"product_cat-packs-floos-es","7":"product_tag-floos-libros","8":"product_tag-libro-flores","9":"product_tag-libro-floral-es","10":"product_tag-paso-a-paso","11":"description-off","13":"first","14":"instock","15":"sale","16":"featured","17":"taxable","18":"shipping-taxable","19":"purchasable","20":"product-type-variable"},"_links":{"self":[{"href":"https:\/\/shop.floos.org\/es\/wp-json\/wp\/v2\/product\/12273","targetHints":{"allow":["GET"]}}],"collection":[{"href":"https:\/\/shop.floos.org\/es\/wp-json\/wp\/v2\/product"}],"about":[{"href":"https:\/\/shop.floos.org\/es\/wp-json\/wp\/v2\/types\/product"}],"wp:featuredmedia":[{"embeddable":true,"href":"https:\/\/shop.floos.org\/es\/wp-json\/wp\/v2\/media\/12279"}],"wp:attachment":[{"href":"https:\/\/shop.floos.org\/es\/wp-json\/wp\/v2\/media?parent=12273"}],"wp:term":[{"taxonomy":"product_brand","embeddable":true,"href":"https:\/\/shop.floos.org\/es\/wp-json\/wp\/v2\/product_brand?post=12273"},{"taxonomy":"product_cat","embeddable":true,"href":"https:\/\/shop.floos.org\/es\/wp-json\/wp\/v2\/product_cat?post=12273"},{"taxonomy":"product_tag","embeddable":true,"href":"https:\/\/shop.floos.org\/es\/wp-json\/wp\/v2\/product_tag?post=12273"}],"curies":[{"name":"wp","href":"https:\/\/api.w.org\/{rel}","templated":true}]}}