{"id":12297,"date":"2019-07-29T15:53:36","date_gmt":"2019-07-29T15:53:36","guid":{"rendered":"http:\/\/shop.floos.org\/?post_type=product&#038;p=12297"},"modified":"2019-08-13T16:03:26","modified_gmt":"2019-08-13T16:03:26","slug":"pack-uno","status":"publish","type":"product","link":"https:\/\/shop.floos.org\/es\/producto\/pack-uno\/","title":{"rendered":"PACK UNO"},"content":{"rendered":"<div class=\"issuuembed\" style=\"width: 100%; height: 644px;\" data-configid=\"28229154\/44326552\">\n<p>UN LIBRO A ESCOGER DE LA COLECCI\u00d3N THE CRAFTER&#8217;S SECRET + UNA SUSCRIPCI\u00d3N ANUAL<\/p>\n<h3>VOLUMEN 01<\/h3>\n<p>Corresponde a la temporada 2015-2016, y contiene 24 recetas de dise\u00f1o floral paso a paso de los siguientes maestros \ufb02oristas de FLOOS: <b>Brigitte Heinrichs, Alex Segura, Bea Beroy, Natalia Zhizhko, Daniel Santamaria, Joseph Massie, Berit Skj\u00f8ttgaard y Carles J. Fontanillas.<\/b><\/p>\n<h3>VOLUMEN 02<\/h3>\n<p>Corresponde a la temporada 2016-2017, y contiene 27 recetas de dise\u00f1o floral paso a paso de los siguientes maestros \ufb02oristas de FLOOS: <b>Stijn Simaeys, Francesc Porres, Mark Pampling, Dominique Ostheeren, J\u00fcrgen Herold, P\u0159emysl Hytych, Nicu Bocancea, Pirjo Koppi y Carles J. Fontanillas.<\/b><\/p>\n<h3>VOLUMEN 03<\/h3>\n<p>Corresponde a la temporada 2017-2018, y contiene 30 recetas de dise\u00f1o floral paso a paso de los siguientes maestros \ufb02oristas de FLOOS: <b>Daniel Santamaria, Per Benjamin, Max Van de Sluis, Britta Ohlrogge, Berit Skj\u00f8ttgaard, Brigitte Heinrichs, Jordi Abell\u00f3, Fr\u00e9d\u00e9ric Dupr\u00e9, Alex Choi y Carles J. Fontanillas.<\/b><\/p>\n<h3>VOLUMEN 04<\/h3>\n<p>Descubre las <b>recetas de dise\u00f1o floral <\/b>m\u00e1s destacadas de la temporada 2018-2019 de FLOOS, en formato libro y explicadas paso a paso por los maestros floristas que las crearon:<b> Miguel Angel Delgado, Rudy Casati, Natalia Zhizhko, Alex Segura, Dominique Herold, Max Hurtaud, Stefan Van Berlo, Jurgen Herold and Carles J. Fontanillas.<\/b><\/p>\n<p><b>\u00a1Haz tu pedido ahora y descubre el secreto!<\/b><\/p>\n<\/div>\n","protected":false},"excerpt":{"rendered":"<h2><strong>PACK UNO<\/strong><\/h2>\n<p><b><i>Consigue uno de nuestros libros <\/i><\/b><i>y ahorra a\u00f1\u00e1diendo una<\/i><b><i> SUSCRIPCI\u00d3N ANUAL A FLOOS.ORG<\/i><\/b><\/p>\n<p>Insp\u00edrate con los mejores maestros floristas internacionales con m\u00e1s de 500 recetas de dise\u00f1o floral y disfruta m\u00e1s de la experiencia FLOOS con uno de nuestros libros.<\/p>\n","protected":false},"featured_media":12303,"template":"","meta":[],"product_brand":[],"product_cat":[530],"product_tag":[192,714,248,190,195],"class_list":{"0":"post-12297","1":"product","2":"type-product","3":"status-publish","4":"has-post-thumbnail","6":"product_cat-packs-floos-es","7":"product_tag-floos-es","8":"product_tag-floos-libros","9":"product_tag-libro-de-flores-es","10":"product_tag-libro-floral-es","11":"product_tag-paso-a-paso","12":"description-off","14":"first","15":"instock","16":"sale","17":"taxable","18":"shipping-taxable","19":"purchasable","20":"product-type-variable"},"_links":{"self":[{"href":"https:\/\/shop.floos.org\/es\/wp-json\/wp\/v2\/product\/12297","targetHints":{"allow":["GET"]}}],"collection":[{"href":"https:\/\/shop.floos.org\/es\/wp-json\/wp\/v2\/product"}],"about":[{"href":"https:\/\/shop.floos.org\/es\/wp-json\/wp\/v2\/types\/product"}],"wp:featuredmedia":[{"embeddable":true,"href":"https:\/\/shop.floos.org\/es\/wp-json\/wp\/v2\/media\/12303"}],"wp:attachment":[{"href":"https:\/\/shop.floos.org\/es\/wp-json\/wp\/v2\/media?parent=12297"}],"wp:term":[{"taxonomy":"product_brand","embeddable":true,"href":"https:\/\/shop.floos.org\/es\/wp-json\/wp\/v2\/product_brand?post=12297"},{"taxonomy":"product_cat","embeddable":true,"href":"https:\/\/shop.floos.org\/es\/wp-json\/wp\/v2\/product_cat?post=12297"},{"taxonomy":"product_tag","embeddable":true,"href":"https:\/\/shop.floos.org\/es\/wp-json\/wp\/v2\/product_tag?post=12297"}],"curies":[{"name":"wp","href":"https:\/\/api.w.org\/{rel}","templated":true}]}}