{"id":12310,"date":"2019-07-29T13:44:33","date_gmt":"2019-07-29T17:28:52","guid":{"rendered":"http:\/\/shop.floos.org\/?post_type=product&#038;p=12310"},"modified":"2019-08-13T15:49:58","modified_gmt":"2019-08-13T15:49:58","slug":"pack-duo","status":"publish","type":"product","link":"https:\/\/shop.floos.org\/es\/producto\/pack-duo\/","title":{"rendered":"PACK DUO"},"content":{"rendered":"<p>ESTE PACK CONTIENE DOS LIBROS A ESCOGER DE LA COLECCI\u00d3N THE CRAFTER&#8217;S SECRET<\/p>\n<h3>VOLUMEN 01<\/h3>\n<p>Corresponde a la temporada 2015-2016, y contiene 24 recetas de dise\u00f1o floral paso a paso de los siguientes maestros \ufb02oristas de FLOOS: <b>Brigitte Heinrichs, Alex Segura, Bea Beroy, Natalia Zhizhko, Daniel Santamaria, Joseph Massie, Berit Skj\u00f8ttgaard y Carles J. Fontanillas.<\/b><\/p>\n<h3>VOLUMEN 02<\/h3>\n<p>Corresponde a la temporada 2016-2017, y contiene 27 recetas de dise\u00f1o floral paso a paso de los siguientes maestros \ufb02oristas de FLOOS: <b>Stijn Simaeys, Francesc Porres, Mark Pampling, Dominique Ostheeren, J\u00fcrgen Herold, P\u0159emysl Hytych, Nicu Bocancea, Pirjo Koppi y Carles J. Fontanillas.<\/b><\/p>\n<h3>VOLUMEN 03<\/h3>\n<p>Corresponde a la temporada 2017-2018, y contiene 30 recetas de dise\u00f1o floral paso a paso de los siguientes maestros \ufb02oristas de FLOOS: <b>Daniel Santamaria, Per Benjamin, Max Van de Sluis, Britta Ohlrogge, Berit Skj\u00f8ttgaard, Brigitte Heinrichs, Jordi Abell\u00f3, Fr\u00e9d\u00e9ric Dupr\u00e9, Alex Choi y Carles J. Fontanillas.<\/b><\/p>\n<h3>VOLUMEN 04<\/h3>\n<p>Descubre las <b>recetas de dise\u00f1o floral <\/b>m\u00e1s destacadas de la temporada 2018-2019 de FLOOS, en formato libro y explicadas paso a paso por los maestros floristas que las crearon:<b> Miguel Angel Delgado, Rudy Casati, Natalia Zhizhko, Alex Segura, Dominique Herold, Max Hurtaud, Stefan Van Berlo, Jurgen Herold and Carles J. Fontanillas.<\/b><\/p>\n<p><b>\u00a1Haz tu pedido ahora y descubre el secreto!<\/b><\/p>\n","protected":false},"excerpt":{"rendered":"<h2><strong>PACK DUO<\/strong><\/h2>\n<p><em><strong>TU ELECCI\u00d3N DE DOS LIBROS DE LA SERIE THE CRAFTER&#8217;S SECRET<br \/>\n<\/strong><\/em>\u00bfPor qu\u00e9 escoger cuando lo puedes tener todo? Haz tu pedido ahora y disfruta de dos libros a un precio excelente.<\/p>\n","protected":false},"featured_media":8907,"template":"","meta":[],"product_brand":[],"product_cat":[530],"product_tag":[192,193,194,248,190,195],"class_list":{"0":"post-12310","1":"product","2":"type-product","3":"status-publish","4":"has-post-thumbnail","6":"product_cat-packs-floos-es","7":"product_tag-floos-es","8":"product_tag-floosweb-es","9":"product_tag-libro-flores","10":"product_tag-libro-de-flores-es","11":"product_tag-libro-floral-es","12":"product_tag-paso-a-paso","13":"description-off","15":"first","16":"instock","17":"sale","18":"featured","19":"taxable","20":"shipping-taxable","21":"purchasable","22":"product-type-variable"},"_links":{"self":[{"href":"https:\/\/shop.floos.org\/es\/wp-json\/wp\/v2\/product\/12310","targetHints":{"allow":["GET"]}}],"collection":[{"href":"https:\/\/shop.floos.org\/es\/wp-json\/wp\/v2\/product"}],"about":[{"href":"https:\/\/shop.floos.org\/es\/wp-json\/wp\/v2\/types\/product"}],"wp:featuredmedia":[{"embeddable":true,"href":"https:\/\/shop.floos.org\/es\/wp-json\/wp\/v2\/media\/8907"}],"wp:attachment":[{"href":"https:\/\/shop.floos.org\/es\/wp-json\/wp\/v2\/media?parent=12310"}],"wp:term":[{"taxonomy":"product_brand","embeddable":true,"href":"https:\/\/shop.floos.org\/es\/wp-json\/wp\/v2\/product_brand?post=12310"},{"taxonomy":"product_cat","embeddable":true,"href":"https:\/\/shop.floos.org\/es\/wp-json\/wp\/v2\/product_cat?post=12310"},{"taxonomy":"product_tag","embeddable":true,"href":"https:\/\/shop.floos.org\/es\/wp-json\/wp\/v2\/product_tag?post=12310"}],"curies":[{"name":"wp","href":"https:\/\/api.w.org\/{rel}","templated":true}]}}