{"id":12593,"date":"2019-12-27T12:32:03","date_gmt":"2019-12-27T12:32:06","guid":{"rendered":"http:\/\/shop.floos.org\/?post_type=product&#038;p=12593"},"modified":"2020-02-07T15:13:01","modified_gmt":"2020-02-07T15:13:01","slug":"floos-collections-99-ideas-para-bodas","status":"publish","type":"product","link":"https:\/\/shop.floos.org\/es\/producto\/floos-collections-99-ideas-para-bodas\/","title":{"rendered":"FLOOS COLLECTIONS 99 Ideas para Bodas"},"content":{"rendered":"<p><strong><u>INFORMACI\u00d3N T\u00c9CNICA<\/u><\/strong><\/p>\n<p><strong>Portada:<\/strong> Tapa dura<\/p>\n<p><strong>Editor:<\/strong> FLOOS, the crafter&#8217;s secret<\/p>\n<p><strong>Fecha publicaci\u00f3n:<\/strong> 2 de enero de 2020<\/p>\n<p><strong>N\u00famero de p\u00e1ginas:<\/strong> 231<\/p>\n<p><strong>Idioma:<\/strong> Multi idioma (Ingl\u00e9s, Espa\u00f1ol y franc\u00e9s)<\/p>\n<p><strong>Dimensions:<\/strong> 23x23x2cm<\/p>\n<h3>99 Ideas para Bodas<\/h3>\n<p>&nbsp;<\/p>\n<p>Presentamos una nueva colecci\u00f3n anual de libros denominada <strong>\u2018FLOOS COLLECTIONS\u2019<\/strong> en la que se recogen<strong> 99 ideas de dise\u00f1o floral<\/strong> sobre un tem\u00e1tica determinada.<\/p>\n<p>La tem\u00e1tica de este primer libro, Wedding flowers, est\u00e1 relacionada con las bodas y en \u00e9l se incluyen <strong>ramos y joyas nupciales y centros para celebraciones y de sobre mesa.<\/strong><\/p>\n<p><strong>30 de los mejores maestros floristas internacionales participan con sus ideas<\/strong> y formas de interpretar el mundo nupcial. \u00c9ste es un cat\u00e1logo muy variado pensado para ser utilizado a diario en la florister\u00eda.<\/p>\n","protected":false},"excerpt":{"rendered":"<h2><strong>THE FLOOS COLLECTIONS &#8211; 99 Ideas para Bodas<\/strong><\/h2>\n<p>Presentamos una nueva colecci\u00f3n anual de libros denominada <strong>\u2018FLOOS COLLECTIONS\u2019<\/strong> en la que se recogen<strong> 99 ideas de dise\u00f1o floral<\/strong> sobre un tem\u00e1tica determinada.<\/p>\n<p>La tem\u00e1tica de este primer libro, Wedding flowers, est\u00e1 relacionada con las bodas y en \u00e9l se incluyen <strong>ramos y joyas nupciales y centros para celebraciones y de sobre mesa.<\/strong><\/p>\n","protected":false},"featured_media":12633,"template":"","meta":[],"product_brand":[],"product_cat":[719,186],"product_tag":[192,193,194,248,190,195],"class_list":{"0":"post-12593","1":"product","2":"type-product","3":"status-publish","4":"has-post-thumbnail","6":"product_cat-floos-collections-es","7":"product_cat-libros-de-floos","8":"product_tag-floos-es","9":"product_tag-floosweb-es","10":"product_tag-libro-flores","11":"product_tag-libro-de-flores-es","12":"product_tag-libro-floral-es","13":"product_tag-paso-a-paso","14":"description-off","16":"first","17":"instock","18":"featured","19":"taxable","20":"shipping-taxable","21":"purchasable","22":"product-type-simple"},"_links":{"self":[{"href":"https:\/\/shop.floos.org\/es\/wp-json\/wp\/v2\/product\/12593","targetHints":{"allow":["GET"]}}],"collection":[{"href":"https:\/\/shop.floos.org\/es\/wp-json\/wp\/v2\/product"}],"about":[{"href":"https:\/\/shop.floos.org\/es\/wp-json\/wp\/v2\/types\/product"}],"wp:featuredmedia":[{"embeddable":true,"href":"https:\/\/shop.floos.org\/es\/wp-json\/wp\/v2\/media\/12633"}],"wp:attachment":[{"href":"https:\/\/shop.floos.org\/es\/wp-json\/wp\/v2\/media?parent=12593"}],"wp:term":[{"taxonomy":"product_brand","embeddable":true,"href":"https:\/\/shop.floos.org\/es\/wp-json\/wp\/v2\/product_brand?post=12593"},{"taxonomy":"product_cat","embeddable":true,"href":"https:\/\/shop.floos.org\/es\/wp-json\/wp\/v2\/product_cat?post=12593"},{"taxonomy":"product_tag","embeddable":true,"href":"https:\/\/shop.floos.org\/es\/wp-json\/wp\/v2\/product_tag?post=12593"}],"curies":[{"name":"wp","href":"https:\/\/api.w.org\/{rel}","templated":true}]}}