{"id":7571,"date":"2016-12-21T13:39:03","date_gmt":"2016-12-23T17:19:54","guid":{"rendered":"http:\/\/shop.floos.org\/?post_type=product&#038;p=7571\/"},"modified":"2019-04-12T07:51:01","modified_gmt":"2019-04-12T07:51:01","slug":"libro-the-crafters-secret-vol-01","status":"publish","type":"product","link":"https:\/\/shop.floos.org\/es\/producto\/libro-the-crafters-secret-vol-01\/","title":{"rendered":"THE CRAFTER\u2019S SECRET VOL.01"},"content":{"rendered":"<div class=\"issuuembed\" style=\"width: 100%; height: 644px;\" data-configid=\"28229154\/44326552\"><\/div>\n<p><script type=\"text\/javascript\" src=\"\/\/e.issuu.com\/embed.js\" async=\"true\"><\/script><\/p>\n<p><strong><u>INFORMACI\u00d3N T\u00c9CNICA<\/u><\/strong><\/p>\n<p><strong>Portada:<\/strong>\u00a0Blanda con solapas<\/p>\n<p><strong>Editor:<\/strong> FLOOS, the crafter&#8217;s secret<\/p>\n<p><strong>Fecha publicaci\u00f3n:<\/strong> 24 de diciembre del 2016<\/p>\n<p><strong>N\u00famero de p\u00e1ginas:<\/strong> 268<br \/>\n<strong>Idioma:<\/strong> Multilingual (Ing\u00e9s, Espa\u00f1ol y Ruso)<\/p>\n<p><strong>Dimensions:<\/strong> 30x24x1.7cm<\/p>\n<p><strong>ISBN-13:<\/strong> 978-84-617-7136-3<\/p>\n<p>La publicaci\u00f3n de este volumen es la segunda etapa del proyecto que comenz\u00f3 online en 2015, cuando la plataforma digital <strong>www.floos.org<\/strong> reuni\u00f3 a algunos de los m\u00e1s innovadores e influyentes maestros de florister\u00eda de todo el mundo.<\/p>\n<p>El presente libro detalla paso a paso<strong>\u00a024 recetas florales desde el inicio de FLOOS<\/strong> y muestra el impresionante trabajo de 8 maestros floristas internacionales que han formado parte del proyecto desde el principio: <strong>Brigitte Heinrichs, Alex Segura, Bea Beroy, Natalia Zhizhko, Daniel Santamaria, Joseph Massie, Berit Skj\u00f8ttgaard <\/strong>y<strong> Carles J. Fontanillas<\/strong>.<\/p>\n<p>Las recetas seleccionadas en THE CRAFTER&#8217;S SECRET &#8211;\u00a0VOL. 01 han sido <strong>cuidadosamente selecionadas por cada autor<\/strong> y representan la visi\u00f3n personal de los dise\u00f1adores y su acercamiento \u00fanico al arte floral.<\/p>\n<p>Dentro del libro, el usuario puede encontrar el punto de vista de cada autor, su razonamiento y su consejo; Todo lo que se muestra en <strong>una gu\u00eda detallada del paso a paso<\/strong> que permite al lector recrear f\u00e1cilmente el dise\u00f1o de cada arreglo.<\/p>\n<p>Cada composici\u00f3n ofrece <strong>instrucciones en profundidad, hermosas fotograf\u00edas y c\u00f3digos QR pr\u00e1cticos<\/strong>, que permiten al lector ver las t\u00e9cnicas utilizadas por los maestros artesanos.<\/p>\n<p>Hablando sobre el lanzamiento de su primer libro, el principal promotor del proyecto, el maestro florista Carles J. Fontanillas, dijo: \u00abEl prop\u00f3sito de este volumen es llevar las creaciones destacadas de nuestros autores a aquellos profesionales que no usan internet a menudo, de modo que puedan tener las recetas a mano en un manual que sea f\u00e1cil de utilizar.\u00bb<\/p>\n","protected":false},"excerpt":{"rendered":"<h2><strong>THE CRAFTER&#8217;S SECRET VOL.01<\/strong><\/h2>\n<p><em><strong>AHORA, FLOOS EN PAPEL<\/strong><\/em><br \/>\nEl primer libro en papel publicado por FLOOS re\u00fane las recetas de dise\u00f1o floral m\u00e1s personales de sus autores, aparecidas originalmente en la librer\u00eda digital www.floos.org<\/p>\n","protected":false},"featured_media":8904,"template":"","meta":[],"product_brand":[],"product_cat":[186],"product_tag":[192,193,194,248,190,195],"class_list":{"0":"post-7571","1":"product","2":"type-product","3":"status-publish","4":"has-post-thumbnail","6":"product_cat-libros-de-floos","7":"product_tag-floos-es","8":"product_tag-floosweb-es","9":"product_tag-libro-flores","10":"product_tag-libro-de-flores-es","11":"product_tag-libro-floral-es","12":"product_tag-paso-a-paso","13":"description-off","15":"first","16":"instock","17":"sale","18":"taxable","19":"shipping-taxable","20":"purchasable","21":"product-type-simple"},"_links":{"self":[{"href":"https:\/\/shop.floos.org\/es\/wp-json\/wp\/v2\/product\/7571","targetHints":{"allow":["GET"]}}],"collection":[{"href":"https:\/\/shop.floos.org\/es\/wp-json\/wp\/v2\/product"}],"about":[{"href":"https:\/\/shop.floos.org\/es\/wp-json\/wp\/v2\/types\/product"}],"wp:featuredmedia":[{"embeddable":true,"href":"https:\/\/shop.floos.org\/es\/wp-json\/wp\/v2\/media\/8904"}],"wp:attachment":[{"href":"https:\/\/shop.floos.org\/es\/wp-json\/wp\/v2\/media?parent=7571"}],"wp:term":[{"taxonomy":"product_brand","embeddable":true,"href":"https:\/\/shop.floos.org\/es\/wp-json\/wp\/v2\/product_brand?post=7571"},{"taxonomy":"product_cat","embeddable":true,"href":"https:\/\/shop.floos.org\/es\/wp-json\/wp\/v2\/product_cat?post=7571"},{"taxonomy":"product_tag","embeddable":true,"href":"https:\/\/shop.floos.org\/es\/wp-json\/wp\/v2\/product_tag?post=7571"}],"curies":[{"name":"wp","href":"https:\/\/api.w.org\/{rel}","templated":true}]}}