{"id":8670,"date":"2017-08-07T11:25:18","date_gmt":"2017-08-07T11:25:18","guid":{"rendered":"http:\/\/shop.floos.org\/?post_type=product&#038;p=8670\/"},"modified":"2019-04-12T07:50:28","modified_gmt":"2019-04-12T07:50:28","slug":"the-crafters-secret-vol-02","status":"publish","type":"product","link":"https:\/\/shop.floos.org\/es\/producto\/the-crafters-secret-vol-02\/","title":{"rendered":"THE CRAFTER\u2019S SECRET VOL.02"},"content":{"rendered":"<div class=\"issuuembed\" style=\"width: 100%; height: 644px;\" data-configid=\"28229154\/52995397\"><\/div>\n<p><script type=\"text\/javascript\" src=\"\/\/e.issuu.com\/embed.js\" async=\"true\"><\/script><\/p>\n<p><strong><u>INFORMACI\u00d3N T\u00c9CNICA<\/u><\/strong><\/p>\n<p><strong>Portada:<\/strong> Blanda con solapas<\/p>\n<p><strong>Editor:<\/strong> FLOOS, the crafter&#8217;s secret<\/p>\n<p><strong>Fecha publicaci\u00f3n:<\/strong>\u00a018 de septiembre de 2017<br \/>\n<strong>N\u00famero de p\u00e1ginas:<\/strong>\u00a0295<\/p>\n<p><strong>Idioma:<\/strong>Multilingual (Ingl\u00e9s, Espa\u00f1ol y Franc\u00e9s)<\/p>\n<p><strong>Dimensiones:<\/strong> 30x24x1.9cm<\/p>\n<p><strong>ISBN-13:<\/strong> 978-84-697-5733-8<\/p>\n<p>&nbsp;<\/p>\n<p>\u201cTHE CRAFTER\u2019S SECRET vol. 02\u201d es el segundo libro de la serie en papel del proyecto FLOOS, y re\u00fane las mejores recetas \ufb02orales del a\u00f1o creadas por los maestros \ufb02oristas de www.\ufb02oos.org que participaron en nuestra temporada 2016 \u2013 2017:<\/p>\n<p><strong>Stijn Simaeys, Francesc Porres, Mark Pampling, Dominique Ostheeren, J\u00fcrgen Herold, P\u0159emysl Hytych, Nicu Bocancea, Pirjo Koppi y Carles J. Fontanillas.<\/strong><\/p>\n<p>Tras el \u00e9xito de \u201cTHE CRAFTER\u2019S SECRET vol. 01\u201d, con la publicaci\u00f3n de este segundo volumen pretendemos seguir acercando las creaciones m\u00e1s destacadas de nuestros dise\u00f1adores a los profesionales que no suelen utilizar internet con frecuencia.<\/p>\n<p>Con el presente tomo, podr\u00e9is conocer los secretos de 8 nuevos maestros \ufb02oristas de FLOOS de gran prestigio internacional y con Carles J. Fontanillas, impulsor del proyecto. A trav\u00e9s de 27 recetas completas, cada uno de ellos os mostrar\u00e1 su propia visi\u00f3n del arte \ufb02oral y os explicar\u00e1 c\u00f3mo su \ufb01losof\u00eda se re\ufb02eja en la forma de trabajar cada composici\u00f3n. Todo con instrucciones paso a paso y con im\u00e1genes de gran belleza, adem\u00e1s de un c\u00f3digo QR con acceso a un v\u00eddeo que muestra de forma detallada la t\u00e9cnica de elaboraci\u00f3n planteada. Os deseamos que disfrut\u00e9is de estas p\u00e1ginas tanto como nosotros y esperamos que continu\u00e9is compartiendo nuestros secretos durante mucho tiempo en www.\ufb02oos.org.<\/p>\n","protected":false},"excerpt":{"rendered":"<h2>THE CRAFTER\u2019S SECRET \u2013 VOL. 02<\/h2>\n<p><strong><em>NUEVOS MAESTROS. NUEVOS SECRETOS. M\u00c1S FLOOS.<\/em><\/strong><\/p>\n<p>&nbsp;<\/p>\n<p>P\u00eddelo ahora y descubre antes que nadie y al mejor precio las recetas \ufb02orales m\u00e1s destacadas de nuestros maestros \ufb02oristas en la temporada 2016-2017: <strong>Stijn Simaeys, Francesc Porres, Mark Pampling, Dominique Ostheeren, J\u00fcrgen Herold, P\u0159emysl Hytych, Nicu Bocancea, Pirjo Koppi<\/strong> y <strong>Carles J. Fontanillas<\/strong>.<\/p>\n","protected":false},"featured_media":11164,"template":"","meta":[],"product_brand":[],"product_cat":[186],"product_tag":[192,193,194,248,190,195],"class_list":{"0":"post-8670","1":"product","2":"type-product","3":"status-publish","4":"has-post-thumbnail","6":"product_cat-libros-de-floos","7":"product_tag-floos-es","8":"product_tag-floosweb-es","9":"product_tag-libro-flores","10":"product_tag-libro-de-flores-es","11":"product_tag-libro-floral-es","12":"product_tag-paso-a-paso","13":"description-off","15":"first","16":"instock","17":"sale","18":"taxable","19":"shipping-taxable","20":"purchasable","21":"product-type-simple"},"_links":{"self":[{"href":"https:\/\/shop.floos.org\/es\/wp-json\/wp\/v2\/product\/8670","targetHints":{"allow":["GET"]}}],"collection":[{"href":"https:\/\/shop.floos.org\/es\/wp-json\/wp\/v2\/product"}],"about":[{"href":"https:\/\/shop.floos.org\/es\/wp-json\/wp\/v2\/types\/product"}],"wp:featuredmedia":[{"embeddable":true,"href":"https:\/\/shop.floos.org\/es\/wp-json\/wp\/v2\/media\/11164"}],"wp:attachment":[{"href":"https:\/\/shop.floos.org\/es\/wp-json\/wp\/v2\/media?parent=8670"}],"wp:term":[{"taxonomy":"product_brand","embeddable":true,"href":"https:\/\/shop.floos.org\/es\/wp-json\/wp\/v2\/product_brand?post=8670"},{"taxonomy":"product_cat","embeddable":true,"href":"https:\/\/shop.floos.org\/es\/wp-json\/wp\/v2\/product_cat?post=8670"},{"taxonomy":"product_tag","embeddable":true,"href":"https:\/\/shop.floos.org\/es\/wp-json\/wp\/v2\/product_tag?post=8670"}],"curies":[{"name":"wp","href":"https:\/\/api.w.org\/{rel}","templated":true}]}}