{"id":12602,"date":"2020-01-02T12:14:31","date_gmt":"2020-01-02T12:14:31","guid":{"rendered":"http:\/\/shop.floos.org\/?page_id=12602"},"modified":"2020-01-02T12:18:55","modified_gmt":"2020-01-02T12:18:55","slug":"livre-de-fleurs-pour-mariage","status":"publish","type":"page","link":"https:\/\/shop.floos.org\/fr\/livre-de-fleurs-pour-mariage\/","title":{"rendered":"FLOOS Collections 99 id\u00e9es de mariage"},"content":{"rendered":"<div class=\"wpb-content-wrapper\"><p>[vc_row css=\u00a0\u00bb.vc_custom_1502373982870{background-color: #ffffff !important;}\u00a0\u00bb][vc_column][vc_column_text]<\/p>\n<h2 style=\"text-align: center; font-size: 42px;\"><strong>THE FLOOS COLLECTIONS<br \/>\n<\/strong><strong>BOOK SERIES<\/strong><\/h2>\n<p>[\/vc_column_text][vc_row_inner content_placement=\u00a0\u00bbmiddle\u00a0\u00bb][vc_column_inner][vc_single_image image=\u00a0\u00bb12614&Prime; img_size=\u00a0\u00bbfull\u00a0\u00bb alignment=\u00a0\u00bbcenter\u00a0\u00bb onclick=\u00a0\u00bbcustom_link\u00a0\u00bb link=\u00a0\u00bbhttp:\/\/shop.floos.org\/fr\/produit\/99-idees-de-mariage\/\u00a0\u00bb][\/vc_column_inner][\/vc_row_inner][vc_btn title=\u00a0\u00bbVOIR LE LIVRE &gt;&gt;\u00a0\u00bb style=\u00a0\u00bbflat\u00a0\u00bb shape=\u00a0\u00bbsquare\u00a0\u00bb color=\u00a0\u00bbdanger\u00a0\u00bb size=\u00a0\u00bblg\u00a0\u00bb align=\u00a0\u00bbcenter\u00a0\u00bb link=\u00a0\u00bburl:https%3A%2F%2Fshop.floos.org%2Ffr%2Fproduit%2F99-idees-de-mariage%2F|||\u00a0\u00bb el_class=\u00a0\u00bbhome-button\u00a0\u00bb][\/vc_column][\/vc_row][vc_row full_width=\u00a0\u00bbstretch_row_content\u00a0\u00bb][vc_column width=\u00a0\u00bb1\/4&Prime;][\/vc_column][vc_column width=\u00a0\u00bb1\/2&Prime;][vc_empty_space height=\u00a0\u00bb20px\u00a0\u00bb][vc_column_text]<\/p>\n<h2 style=\"text-align: center;\">99 id\u00e9es florales pour les mariages<\/h2>\n<p><strong>30 des meilleurs mai\u0302tres fleuristes internationaux <\/strong>participent avec leurs ide\u0301es et leurs fac\u0327ons d\u2019interpre\u0301ter le monde nuptial, avec diffe\u0301rents points de vue : romantisme, audace, luxe ou symbolisme nuptial. D\u00e9couvrez un catalogue vari\u00e9 con\u00e7u au quotidien chez votre fleuriste.[\/vc_column_text][vc_empty_space height=\u00a0\u00bb40px\u00a0\u00bb][\/vc_column][vc_column width=\u00a0\u00bb1\/4&Prime;][\/vc_column][\/vc_row][vc_row css=\u00a0\u00bb.vc_custom_1502527612643{padding-top: 20px !important;padding-bottom: 20px !important;}\u00a0\u00bb][vc_column][vc_separator border_width=\u00a0\u00bb3&Prime;][vc_column_text]<\/p>\n<h2 style=\"text-align: center; color: #ffffff;\"><span style=\"color: #ffffff;\">CHOOSE YOUR BOOKS<\/span><\/h2>\n<p>[\/vc_column_text][\/vc_column][\/vc_row][vc_row full_width=\u00a0\u00bbstretch_row_content\u00a0\u00bb css=\u00a0\u00bb.vc_custom_1502527630357{padding-top: 40px !important;padding-bottom: 60px !important;background-color: #86b8b9 !important;}\u00a0\u00bb][vc_column width=\u00a0\u00bb1\/3&Prime;][vc_icon icon_fontawesome=\u00a0\u00bbfa fa-file-text-o\u00a0\u00bb color=\u00a0\u00bbgrey\u00a0\u00bb background_style=\u00a0\u00bbrounded-outline\u00a0\u00bb background_color=\u00a0\u00bbcustom\u00a0\u00bb size=\u00a0\u00bbxl\u00a0\u00bb align=\u00a0\u00bbcenter\u00a0\u00bb custom_background_color=\u00a0\u00bb#ffffff\u00a0\u00bb][vc_column_text]<\/p>\n<h4>Un catalogue th\u00e9matique con\u00e7u pour une utilisation quotidienne chez le fleuriste.<\/h4>\n<p>Avec un format pratique, vous pouvez partager avec les clients et \u00e9galement l&rsquo;utiliser comme r\u00e9f\u00e9rence et inspiration pour vos propres cr\u00e9ations.[\/vc_column_text][\/vc_column][vc_column width=\u00a0\u00bb1\/3&Prime;][vc_icon icon_fontawesome=\u00a0\u00bbfa fa-qrcode\u00a0\u00bb color=\u00a0\u00bbgrey\u00a0\u00bb background_style=\u00a0\u00bbrounded-outline\u00a0\u00bb background_color=\u00a0\u00bbcustom\u00a0\u00bb size=\u00a0\u00bbxl\u00a0\u00bb align=\u00a0\u00bbcenter\u00a0\u00bb custom_background_color=\u00a0\u00bb#ffffff\u00a0\u00bb][vc_column_text]<\/p>\n<h4>Recettes compl\u00e8tes accessibles via un code QR \u00e0 bas co\u00fbt<\/h4>\n<p>Toutes les compositions sont accompagn\u00e9es d&rsquo;un code QR \u00e0 faible co\u00fbt avec acc\u00e8s \u00e0 la recette florale compl\u00e8te avec des instructions d\u00e9taill\u00e9es \u00e9tape par \u00e9tape.[\/vc_column_text][\/vc_column][vc_column width=\u00a0\u00bb1\/3&Prime;][vc_icon icon_fontawesome=\u00a0\u00bbfa fa-language\u00a0\u00bb color=\u00a0\u00bbgrey\u00a0\u00bb background_style=\u00a0\u00bbrounded-outline\u00a0\u00bb background_color=\u00a0\u00bbcustom\u00a0\u00bb size=\u00a0\u00bbxl\u00a0\u00bb align=\u00a0\u00bbcenter\u00a0\u00bb custom_background_color=\u00a0\u00bb#ffffff\u00a0\u00bb][vc_column_text]<\/p>\n<h4>Dans une version multilingue: Anglais, Espagnol et Fran\u00e7aise<\/h4>\n<p>Par sa projection internationale, vous trouverez<strong> tous les textes<\/strong> du livre dans<strong> ces langues.<\/strong>[\/vc_column_text][\/vc_column][\/vc_row][vc_row css=\u00a0\u00bb.vc_custom_1502525195589{padding-top: 40px !important;background-color: #ffffff !important;}\u00a0\u00bb][vc_column css=\u00a0\u00bb.vc_custom_1502525376437{background-color: #ffffff !important;}\u00a0\u00bb][vc_column_text]<\/p>\n<h2 style=\"text-align: center;\">CR\u00c9\u00c9S POUR LES MA\u00ceTRES FLEURISTES LES PLUS PRESTIGIEUX<\/h2>\n<p>[\/vc_column_text][vc_tta_pageable no_fill_content_area=\u00a0\u00bb1&Prime; autoplay=\u00a0\u00bb5&Prime; active_section=\u00a0\u00bb1&Prime; pagination_style=\u00a0\u00bbflat-round\u00a0\u00bb pagination_color=\u00a0\u00bbpeacoc\u00a0\u00bb css_animation=\u00a0\u00bbslideInRight\u00a0\u00bb css=\u00a0\u00bb.vc_custom_1502525367292{background-color: #ffffff !important;}\u00a0\u00bb][vc_tta_section title=\u00a0\u00bbSection 1&Prime; tab_id=\u00a0\u00bb1502103334724-1219f172-a730&Prime;][vc_row_inner][vc_column_inner width=\u00a0\u00bb1\/4&Prime;][vc_hoverbox image=\u00a0\u00bb7845&Prime; primary_title=\u00a0\u00bb\u00a0\u00bb hover_title=\u00a0\u00bbBRIGITTE HEINRICHS\u00a0\u00bb shape=\u00a0\u00bbsquare\u00a0\u00bb]<\/p>\n<p style=\"text-align: center;\">Ma\u00eetresse fleuriste. Elle travaille et r\u00e9alise des d\u00e9monstrations en Europe, en Asie et en Oc\u00e9anie.<\/p>\n<p>[\/vc_hoverbox][vc_column_text css=\u00a0\u00bb.vc_custom_1549737858647{background-color: #5d9697 !important;background-position: center !important;background-repeat: no-repeat !important;background-size: cover !important;}\u00a0\u00bb]<\/p>\n<div class=\"team\">\n<h2><span style=\"color: #f2f1ea;\">BRIGITTE<br \/>\nHEINRICHS<br \/>\n<\/span><\/h2>\n<h4><span style=\"color: #f2f1ea;\">Germany<\/span><\/h4>\n<p>&nbsp;<\/p>\n<\/div>\n<p>[\/vc_column_text][\/vc_column_inner][vc_column_inner width=\u00a0\u00bb1\/4&Prime;][vc_hoverbox image=\u00a0\u00bb7839&Prime; primary_title=\u00a0\u00bb\u00a0\u00bb hover_title=\u00a0\u00bbALEX SEGURA\u00a0\u00bb shape=\u00a0\u00bbsquare\u00a0\u00bb]<\/p>\n<p style=\"text-align: center;\">Ma\u00eetre fleuriste avec plus de 20 ans d&rsquo;exp\u00e9rience professionnelle. Il a accord\u00e9 des cours et des s\u00e9minaires par l&rsquo;Asie, l&rsquo;Europe et l&rsquo;Am\u00e9rique.<\/p>\n<p>[\/vc_hoverbox][vc_column_text css=\u00a0\u00bb.vc_custom_1549737867575{background-color: #5d9697 !important;}\u00a0\u00bb]<\/p>\n<div class=\"team\">\n<h2><span style=\"color: #f2f1ea;\">ALEX<br \/>\n<\/span><span style=\"color: #f2f1ea;\">SEGURA<br \/>\n<\/span><\/h2>\n<h4><span style=\"color: #f2f1ea;\">Spain<\/span><\/h4>\n<p>&nbsp;<\/p>\n<\/div>\n<p>[\/vc_column_text][\/vc_column_inner][vc_column_inner width=\u00a0\u00bb1\/4&Prime;][vc_hoverbox image=\u00a0\u00bb7841&Prime; primary_title=\u00a0\u00bb\u00a0\u00bb hover_title=\u00a0\u00bbBEA BEROY\u00a0\u00bb shape=\u00a0\u00bbsquare\u00a0\u00bb]<\/p>\n<p style=\"text-align: center;\">Ma\u00eetresse fleuriste avec plus de 20 ans d&rsquo;exp\u00e9rience. Elle r\u00e9alise des d\u00e9monstrations et des cours floraux nationaux et internationaux.<\/p>\n<p>[\/vc_hoverbox][vc_column_text css=\u00a0\u00bb.vc_custom_1549737874854{background-color: #5d9697 !important;}\u00a0\u00bb]<\/p>\n<div class=\"team\">\n<h2><span style=\"color: #f2f1ea;\">BEA<br \/>\nBEROY<br \/>\n<\/span><\/h2>\n<h4><span style=\"color: #f2f1ea;\">Spain<\/span><\/h4>\n<p>&nbsp;<\/p>\n<\/div>\n<p>[\/vc_column_text][\/vc_column_inner][vc_column_inner width=\u00a0\u00bb1\/4&Prime;][vc_hoverbox image=\u00a0\u00bb7853&Prime; primary_title=\u00a0\u00bb\u00a0\u00bb hover_title=\u00a0\u00bbNATALIA ZHIZHKO\u00a0\u00bb shape=\u00a0\u00bbsquare\u00a0\u00bb]<\/p>\n<p style=\"text-align: center;\">Championne de l&rsquo;Europe d&rsquo;Art floral. Elle r\u00e9alise des d\u00e9monstrations dans tout le monde.<\/p>\n<p>[\/vc_hoverbox][vc_column_text css=\u00a0\u00bb.vc_custom_1549737882559{background-color: #5d9697 !important;}\u00a0\u00bb]<\/p>\n<div class=\"team\">\n<h2><span style=\"color: #f2f1ea;\">NATALIA<br \/>\nZHIZHKO<br \/>\n<\/span><\/h2>\n<h4><span style=\"color: #f2f1ea;\">Russia<\/span><\/h4>\n<p>&nbsp;<\/p>\n<\/div>\n<p>[\/vc_column_text][\/vc_column_inner][\/vc_row_inner][\/vc_tta_section][vc_tta_section title=\u00a0\u00bbSection 2&Prime; tab_id=\u00a0\u00bb1502103334768-bbfa1e73-b79d\u00a0\u00bb][vc_row_inner][vc_column_inner width=\u00a0\u00bb1\/4&Prime;][vc_hoverbox image=\u00a0\u00bb7849&Prime; primary_title=\u00a0\u00bb\u00a0\u00bb hover_title=\u00a0\u00bbDANIEL SANTAMARIA\u00a0\u00bb shape=\u00a0\u00bbsquare\u00a0\u00bb]<\/p>\n<p style=\"text-align: center;\">Deuxi\u00e8me champion de l&rsquo;Europe d&rsquo;Art floral. Ma\u00eetre fleuriste avec plus de 20 ans d&rsquo;exp\u00e9rience. Il r\u00e9alise des cours et des d\u00e9monstrations dans tout le monde.<\/p>\n<p>[\/vc_hoverbox][vc_column_text css=\u00a0\u00bb.vc_custom_1549737897272{background-color: #5d9697 !important;}\u00a0\u00bb]<\/p>\n<div class=\"team\">\n<h2><span style=\"color: #f2f1ea;\">DANIEL<br \/>\nSANTAMARIA<br \/>\n<\/span><\/h2>\n<h4><span style=\"color: #f2f1ea;\">Spain<\/span><\/h4>\n<p>&nbsp;<\/p>\n<\/div>\n<p>[\/vc_column_text][\/vc_column_inner][vc_column_inner width=\u00a0\u00bb1\/4&Prime;][vc_hoverbox image=\u00a0\u00bb7851&Prime; primary_title=\u00a0\u00bb\u00a0\u00bb hover_title=\u00a0\u00bbJoseph Massie\u00a0\u00bb shape=\u00a0\u00bbsquare\u00a0\u00bb]<\/p>\n<p style=\"text-align: center;\">Ma\u00eetre fleuriste gagnant de prix les plus remarquables de design floral de domaine britannique et international.<\/p>\n<p>[\/vc_hoverbox][vc_column_text css=\u00a0\u00bb.vc_custom_1549737905347{background-color: #5d9697 !important;}\u00a0\u00bb]<\/p>\n<div class=\"team\">\n<h2><span style=\"color: #f2f1ea;\">JOSEPH<br \/>\nMASSIE<br \/>\n<\/span><\/h2>\n<h4><span style=\"color: #f2f1ea;\">England<\/span><\/h4>\n<p>&nbsp;<\/p>\n<\/div>\n<p>[\/vc_column_text][\/vc_column_inner][vc_column_inner width=\u00a0\u00bb1\/4&Prime;][vc_hoverbox image=\u00a0\u00bb7843&Prime; primary_title=\u00a0\u00bb\u00a0\u00bb hover_title=\u00a0\u00bbBerit Skj\u00f8ttgaard\u00a0\u00bb shape=\u00a0\u00bbsquare\u00a0\u00bb]<\/p>\n<p style=\"text-align: center;\">Championne du Danemark dans le Design Floral en 2012 et Championne Internationale de Ma\u00eetres Fleuristes en 2013.<\/p>\n<p>[\/vc_hoverbox][vc_column_text css=\u00a0\u00bb.vc_custom_1549737912934{background-color: #5d9697 !important;}\u00a0\u00bb]<\/p>\n<div class=\"team\">\n<h2><span style=\"color: #f2f1ea;\">BERIT<br \/>\nSKJOTTGAARD<br \/>\n<\/span><\/h2>\n<h4><span style=\"color: #f2f1ea;\">Denmark<\/span><\/h4>\n<p>&nbsp;<\/p>\n<\/div>\n<p>[\/vc_column_text][\/vc_column_inner][vc_column_inner width=\u00a0\u00bb1\/4&Prime;][vc_hoverbox image=\u00a0\u00bb8365&Prime; primary_title=\u00a0\u00bb\u00a0\u00bb hover_title=\u00a0\u00bbStijn Simaeys\u00a0\u00bb shape=\u00a0\u00bbsquare\u00a0\u00bb]<\/p>\n<p style=\"text-align: center;\">Ma\u00eetre fleuriste (1973-2016), reconnu dans tout le monde. Il a travaill\u00e9 aux Pays-Bas, en Pologne, en Allemagne, en Angleterre, en Chine et en Croatie.<\/p>\n<p>[\/vc_hoverbox][vc_column_text css=\u00a0\u00bb.vc_custom_1549737931200{background-color: #5d9697 !important;}\u00a0\u00bb]<\/p>\n<div class=\"team\">\n<h2><span style=\"color: #f2f1ea;\">STIJN<br \/>\nSIMAEYS<br \/>\n<\/span><\/h2>\n<h4><span style=\"color: #f2f1ea;\">Belgium<br \/>\n<\/span><\/h4>\n<p>&nbsp;<\/p>\n<\/div>\n<p>[\/vc_column_text][\/vc_column_inner][\/vc_row_inner][\/vc_tta_section][vc_tta_section title=\u00a0\u00bbSection 3&Prime; tab_id=\u00a0\u00bb1502361628059-2f563e32-92cf\u00a0\u00bb][vc_row_inner][vc_column_inner width=\u00a0\u00bb1\/4&Prime;][vc_hoverbox image=\u00a0\u00bb8359&Prime; primary_title=\u00a0\u00bb\u00a0\u00bb hover_title=\u00a0\u00bbFRANCESC PORRES\u00a0\u00bb shape=\u00a0\u00bbsquare\u00a0\u00bb]<\/p>\n<p style=\"text-align: center;\">Ma\u00eetre fleuriste et professeur international. Sous-champion \u00e0 la Coupe de l&rsquo;Espagne 2013 et sous-champion \u00e0 la Coupe Catalogne.<\/p>\n<p>[\/vc_hoverbox][vc_column_text css=\u00a0\u00bb.vc_custom_1549737941032{background-color: #5d9697 !important;}\u00a0\u00bb]<\/p>\n<div class=\"team\">\n<h2><span style=\"color: #f2f1ea;\">FRANCESC<br \/>\nPORRES<br \/>\n<\/span><\/h2>\n<h4><span style=\"color: #f2f1ea;\">Spain<\/span><\/h4>\n<p>&nbsp;<\/p>\n<\/div>\n<p>[\/vc_column_text][\/vc_column_inner][vc_column_inner width=\u00a0\u00bb1\/4&Prime;][vc_hoverbox image=\u00a0\u00bb8361&Prime; primary_title=\u00a0\u00bb\u00a0\u00bb hover_title=\u00a0\u00bbMARK PAMPLING\u00a0\u00bb shape=\u00a0\u00bbsquare\u00a0\u00bb]<\/p>\n<p style=\"text-align: center;\">Acclam\u00e9 ma\u00eetre fleuriste. Proclam\u00e9 Fusion Flowers International Designer of the Year, et gagnant, entre des autres, du Chine International Orchid Show et l&rsquo;Asie Cup.<\/p>\n<p>[\/vc_hoverbox][vc_column_text css=\u00a0\u00bb.vc_custom_1549737949193{background-color: #5d9697 !important;}\u00a0\u00bb]<\/p>\n<div class=\"team\">\n<h2><span style=\"color: #f2f1ea;\">MARK<br \/>\nPAMPLING<br \/>\n<\/span><\/h2>\n<h4><span style=\"color: #f2f1ea;\">Australia<\/span><\/h4>\n<p>&nbsp;<\/p>\n<\/div>\n<p>[\/vc_column_text][\/vc_column_inner][vc_column_inner width=\u00a0\u00bb1\/4&Prime;][vc_hoverbox image=\u00a0\u00bb8358&Prime; primary_title=\u00a0\u00bb\u00a0\u00bb hover_title=\u00a0\u00bbDominique Ostheeren\u00a0\u00bb shape=\u00a0\u00bbsquare\u00a0\u00bb]<\/p>\n<p style=\"text-align: center;\">Ma\u00eetresse fleuriste avec 10 ans d&rsquo;exp\u00e9rience. Elle offre des cours et les d\u00e9monstrations de domaine national (en Allemagne) et international.<\/p>\n<p>[\/vc_hoverbox][vc_column_text css=\u00a0\u00bb.vc_custom_1549737962975{background-color: #5d9697 !important;}\u00a0\u00bb]<\/p>\n<div class=\"team\">\n<h2><span style=\"color: #f2f1ea;\">DOMINIQUE<br \/>\nOSTHEEREN<br \/>\n<\/span><\/h2>\n<h4><span style=\"color: #f2f1ea;\">Germany<\/span><\/h4>\n<p>&nbsp;<\/p>\n<\/div>\n<p>[\/vc_column_text][\/vc_column_inner][vc_column_inner width=\u00a0\u00bb1\/4&Prime;][vc_hoverbox image=\u00a0\u00bb8360&Prime; primary_title=\u00a0\u00bb\u00a0\u00bb hover_title=\u00a0\u00bbJ\u00fcrgen Herold\u00a0\u00bb shape=\u00a0\u00bbsquare\u00a0\u00bb]<\/p>\n<p style=\"text-align: center;\">Ma\u00eetre feuriste international. Premier Class\u00e9 au : Walter Goebbels Pokal (2000), Bloom&rsquo;s New Faces of Design Floral (2012) et Deutsche Meisterschaw der Floristen (2012)<\/p>\n<p>[\/vc_hoverbox][vc_column_text css=\u00a0\u00bb.vc_custom_1549737972528{background-color: #5d9697 !important;}\u00a0\u00bb]<\/p>\n<div class=\"team\">\n<h2><span style=\"color: #f2f1ea;\">J\u00dcRGEN<br \/>\nHEROLD<br \/>\n<\/span><\/h2>\n<h4><span style=\"color: #f2f1ea;\">Germany<\/span><\/h4>\n<p>&nbsp;<\/p>\n<\/div>\n<p>[\/vc_column_text][\/vc_column_inner][\/vc_row_inner][\/vc_tta_section][vc_tta_section title=\u00a0\u00bbSection 4&Prime; tab_id=\u00a0\u00bb1502361618519-ec1b2c47-b450&Prime;][vc_row_inner][vc_column_inner width=\u00a0\u00bb1\/4&Prime;][vc_hoverbox image=\u00a0\u00bb8364&Prime; primary_title=\u00a0\u00bb\u00a0\u00bb hover_title=\u00a0\u00bbP\u0159emysl Hytych\u00a0\u00bb shape=\u00a0\u00bbsquare\u00a0\u00bb]<\/p>\n<p style=\"text-align: center;\">Acclam\u00e9 par ses multiples succ\u00e8s internationaux. Entre d&rsquo;autres titres, il a gagn\u00e9 deux fois l&rsquo;International Floristry Championship.<\/p>\n<p>[\/vc_hoverbox][vc_column_text css=\u00a0\u00bb.vc_custom_1549737985728{background-color: #5d9697 !important;}\u00a0\u00bb]<\/p>\n<div class=\"team\">\n<h2><span style=\"color: #f2f1ea;\">P\u0158EMYSL<br \/>\nHYTYCH<br \/>\n<\/span><\/h2>\n<h4><span style=\"color: #f2f1ea;\">Czech Republic<\/span><\/h4>\n<p>&nbsp;<\/p>\n<\/div>\n<p>[\/vc_column_text][\/vc_column_inner][vc_column_inner width=\u00a0\u00bb1\/4&Prime;][vc_hoverbox image=\u00a0\u00bb8362&Prime; primary_title=\u00a0\u00bb\u00a0\u00bb hover_title=\u00a0\u00bbNicu Bocancea\u00a0\u00bb shape=\u00a0\u00bbsquare\u00a0\u00bb]<\/p>\n<p style=\"text-align: center;\">Gagnant de championnats de design floral au plan national (la Roumanie) et International. Il travaille et fait des d\u00e9monstrations dans toute Europe.<\/p>\n<p>[\/vc_hoverbox][vc_column_text css=\u00a0\u00bb.vc_custom_1549737992811{background-color: #5d9697 !important;}\u00a0\u00bb]<\/p>\n<div class=\"team\">\n<h2><span style=\"color: #f2f1ea;\">NICU<br \/>\nBOCANCEA<\/span><\/h2>\n<h4><span style=\"color: #f2f1ea;\">Romania<\/span><\/h4>\n<p>&nbsp;<\/p>\n<\/div>\n<p>[\/vc_column_text][\/vc_column_inner][vc_column_inner width=\u00a0\u00bb1\/4&Prime;][vc_hoverbox image=\u00a0\u00bb8363&Prime; primary_title=\u00a0\u00bb\u00a0\u00bb hover_title=\u00a0\u00bbPirjo Koppi\u00a0\u00bb shape=\u00a0\u00bbsquare\u00a0\u00bb]<\/p>\n<p style=\"text-align: center;\">M\u00e9daille d&rsquo;Or d\u2019Honneur par la Finnish Florists Association (2016), gagnante de l&rsquo;International Floral Art Competition (2011,2010, 2008, 2007) et championne de la Finlande en 2007, entre d&rsquo;autres titres.<\/p>\n<p>[\/vc_hoverbox][vc_column_text css=\u00a0\u00bb.vc_custom_1549738000015{background-color: #5d9697 !important;}\u00a0\u00bb]<\/p>\n<div class=\"team\">\n<h2><span style=\"color: #f2f1ea;\">PIRJO<br \/>\nKOPPI<\/span><\/h2>\n<h4><span style=\"color: #f2f1ea;\">Finland<\/span><\/h4>\n<p>&nbsp;<\/p>\n<\/div>\n<p>[\/vc_column_text][\/vc_column_inner][vc_column_inner width=\u00a0\u00bb1\/4&Prime;][vc_hoverbox image=\u00a0\u00bb7847&Prime; primary_title=\u00a0\u00bb\u00a0\u00bb hover_title=\u00a0\u00bbCarles J. Fontanillas\u00a0\u00bb shape=\u00a0\u00bbsquare\u00a0\u00bb]<\/p>\n<p style=\"text-align: center;\">Ma\u00eetre fleuriste reconnu dans tout le monde par ses innovateurs apports au design floral et promoteur principal et du projet FLOOS.<\/p>\n<p>[\/vc_hoverbox][vc_column_text css=\u00a0\u00bb.vc_custom_1549738008022{background-color: #5d9697 !important;}\u00a0\u00bb]<\/p>\n<div class=\"team\">\n<h2><span style=\"color: #f2f1ea;\">CARLES J. FONTANILLAS<br \/>\n<\/span><\/h2>\n<h4><span style=\"color: #f2f1ea;\">Spain<\/span><\/h4>\n<p>&nbsp;<\/p>\n<\/div>\n<p>[\/vc_column_text][\/vc_column_inner][\/vc_row_inner][\/vc_tta_section][\/vc_tta_pageable][\/vc_column][vc_column][vc_separator border_width=\u00a0\u00bb3&Prime;][\/vc_column][\/vc_row][vc_row css=\u00a0\u00bb.vc_custom_1502378074888{padding-bottom: 50px !important;}\u00a0\u00bb][vc_column width=\u00a0\u00bb1\/6&Prime;][\/vc_column][vc_column width=\u00a0\u00bb2\/3&Prime; css=\u00a0\u00bb.vc_custom_1482332874519{padding-right: 20px !important;padding-left: 20px !important;}\u00a0\u00bb][vc_column_text]<\/p>\n<h3><em>L\u2019e\u0301quipe de FLOOS pre\u0301sente une nouvelle collection de livres : \u2018FLOOS COLLECTIONS\u2019. Cette nouvelle proposition Wedding Flowers, comprend des bouquets et des bijoux pour les marie\u0301es et des designs pour les ce\u0301le\u0301brations ou pour la table. <\/em><\/h3>\n<p>[\/vc_column_text][\/vc_column][vc_column width=\u00a0\u00bb1\/6&Prime;][\/vc_column][\/vc_row][vc_row css=\u00a0\u00bb.vc_custom_1502378045490{padding-right: 50px !important;padding-left: 50px !important;}\u00a0\u00bb][vc_column width=\u00a0\u00bb1\/2&Prime;][vc_single_image image=\u00a0\u00bb12621&Prime; img_size=\u00a0\u00bb800&#215;600&Prime; alignment=\u00a0\u00bbcenter\u00a0\u00bb][vc_column_text css=\u00a0\u00bb.vc_custom_1577966341339{padding-right: 30px !important;}\u00a0\u00bb]<\/p>\n<p style=\"text-align: left; font-size: 18px;\"><strong>Avec l&rsquo;aide de ROOBOS notre sponsor principal.<\/strong> La plus haute qualit\u00e9 dans plus de 15 000 produits floraux pour r\u00e9aliser toutes les compositions de FLOOS.<\/p>\n<p>[\/vc_column_text][\/vc_column][vc_column width=\u00a0\u00bb1\/2&Prime;][vc_single_image image=\u00a0\u00bb12624&Prime; img_size=\u00a0\u00bb800&#215;600&Prime; alignment=\u00a0\u00bbcenter\u00a0\u00bb][vc_column_text css=\u00a0\u00bb.vc_custom_1577966519589{padding-right: 30px !important;}\u00a0\u00bb]<\/p>\n<p style=\"text-align: left; font-size: 18px;\"><strong>D\u00e9couvrez les id\u00e9es de 30 des meilleurs mai\u0302tres fleuristes internationaux.<\/strong> Apprenez et laissez-vous inspirer par son vision de le monde nuptial.<\/p>\n<p>[\/vc_column_text][\/vc_column][\/vc_row][vc_row css=\u00a0\u00bb.vc_custom_1502373982870{background-color: #ffffff !important;}\u00a0\u00bb][vc_column][vc_column_text]<\/p>\n<h3 style=\"text-align: center;\">D\u00c9COUVREZ NOS LIVRES \u00abTHE CRAFTER&rsquo;S SECRET\u00bb<\/h3>\n<p>[\/vc_column_text][vc_row_inner content_placement=\u00a0\u00bbmiddle\u00a0\u00bb][vc_column_inner][vc_single_image image=\u00a0\u00bb12444&Prime; img_size=\u00a0\u00bbfull\u00a0\u00bb alignment=\u00a0\u00bbcenter\u00a0\u00bb onclick=\u00a0\u00bbcustom_link\u00a0\u00bb link=\u00a0\u00bbhttp:\/\/shop.floos.org\/fr\/produit\/the-crafters-secret-vol-04\/\u00a0\u00bb][\/vc_column_inner][\/vc_row_inner][\/vc_column][\/vc_row]<\/p>\n<\/div>","protected":false},"excerpt":{"rendered":"<p>[vc_row css=\u00a0\u00bb.vc_custom_1502373982870{background-color: #ffffff !important;}\u00a0\u00bb][vc_column][vc_column_text] THE FLOOS COLLECTIONS BOOK SERIES [\/vc_column_text][vc_row_inner content_placement=\u00a0\u00bbmiddle\u00a0\u00bb][vc_column_inner][vc_single_image image=\u00a0\u00bb12614&Prime; img_size=\u00a0\u00bbfull\u00a0\u00bb alignment=\u00a0\u00bbcenter\u00a0\u00bb onclick=\u00a0\u00bbcustom_link\u00a0\u00bb link=\u00a0\u00bbhttp:\/\/shop.floos.org\/fr\/produit\/99-idees-de-mariage\/\u00a0\u00bb][\/vc_column_inner][\/vc_row_inner][vc_btn title=\u00a0\u00bbVOIR LE LIVRE &gt;&gt;\u00a0\u00bb style=\u00a0\u00bbflat\u00a0\u00bb shape=\u00a0\u00bbsquare\u00a0\u00bb color=\u00a0\u00bbdanger\u00a0\u00bb size=\u00a0\u00bblg\u00a0\u00bb align=\u00a0\u00bbcenter\u00a0\u00bb link=\u00a0\u00bburl:https%3A%2F%2Fshop.floos.org%2Ffr%2Fproduit%2F99-idees-de-mariage%2F|||\u00a0\u00bb el_class=\u00a0\u00bbhome-button\u00a0\u00bb][\/vc_column][\/vc_row][vc_row full_width=\u00a0\u00bbstretch_row_content\u00a0\u00bb][vc_column width=\u00a0\u00bb1\/4&Prime;][\/vc_column][vc_column width=\u00a0\u00bb1\/2&Prime;][vc_empty_space height=\u00a0\u00bb20px\u00a0\u00bb][vc_column_text] 99 id\u00e9es florales pour les mariages 30 des meilleurs mai\u0302tres fleuristes internationaux participent avec leurs ide\u0301es et leurs fac\u0327ons d\u2019interpre\u0301ter le monde nuptial, avec&hellip;<\/p>\n","protected":false},"author":1,"featured_media":0,"parent":0,"menu_order":0,"comment_status":"closed","ping_status":"closed","template":"","meta":{"footnotes":""},"class_list":["post-12602","page","type-page","status-publish","hentry","description-off"],"_links":{"self":[{"href":"https:\/\/shop.floos.org\/fr\/wp-json\/wp\/v2\/pages\/12602","targetHints":{"allow":["GET"]}}],"collection":[{"href":"https:\/\/shop.floos.org\/fr\/wp-json\/wp\/v2\/pages"}],"about":[{"href":"https:\/\/shop.floos.org\/fr\/wp-json\/wp\/v2\/types\/page"}],"author":[{"embeddable":true,"href":"https:\/\/shop.floos.org\/fr\/wp-json\/wp\/v2\/users\/1"}],"replies":[{"embeddable":true,"href":"https:\/\/shop.floos.org\/fr\/wp-json\/wp\/v2\/comments?post=12602"}],"version-history":[{"count":7,"href":"https:\/\/shop.floos.org\/fr\/wp-json\/wp\/v2\/pages\/12602\/revisions"}],"predecessor-version":[{"id":12651,"href":"https:\/\/shop.floos.org\/fr\/wp-json\/wp\/v2\/pages\/12602\/revisions\/12651"}],"wp:attachment":[{"href":"https:\/\/shop.floos.org\/fr\/wp-json\/wp\/v2\/media?parent=12602"}],"curies":[{"name":"wp","href":"https:\/\/api.w.org\/{rel}","templated":true}]}}