{"id":7975,"date":"2016-12-31T08:02:40","date_gmt":"2016-12-31T08:02:40","guid":{"rendered":"http:\/\/shop.floos.org\/?page_id=7975\/"},"modified":"2017-08-14T15:01:40","modified_gmt":"2017-08-14T15:01:40","slug":"__trashed","status":"publish","type":"page","link":"https:\/\/shop.floos.org\/fr\/__trashed\/","title":{"rendered":"Home"},"content":{"rendered":"<div class=\"wpb-content-wrapper\"><p>[vc_row css=\u00a0\u00bb.vc_custom_1483346698684{background-color: #adadad !important;}\u00a0\u00bb][vc_column width=\u00a0\u00bb1\/2&Prime;][vc_column_text]<\/p>\n<h5>C&rsquo;est le NOUVEAU WEBSHOP de FLOOS<\/h5>\n<p>[\/vc_column_text][\/vc_column][vc_column width=\u00a0\u00bb1\/2&Prime;][vc_column_text]<\/p>\n<h5 style=\"text-align: right;\">Si vous souhaitez voir la biblioth\u00e8que num\u00e9rique avec plus de 250 recettes florales, visitez <strong><a href=\"http:\/\/www.floos.org\/categories.php?filterType=filter_items\">www.floos.org<\/a><\/strong><\/h5>\n<p>[\/vc_column_text][\/vc_column][\/vc_row][vc_row css=\u00a0\u00bb.vc_custom_1482434800671{padding-top: 100px !important;background-color: #d4b8b8 !important;}\u00a0\u00bb][vc_column][vc_column_text]<\/p>\n<p style=\"text-align: center; font-size: 50px; line-height: 45px; font-weight: bold;\">THE CRAFTER\u2019S SECRET VOL. 01<\/p>\n<p style=\"text-align: center; font-size: 36px; font-weight: 300;\">a flower book by Floos<\/p>\n<p>[\/vc_column_text][\/vc_column][\/vc_row][vc_row full_height=\u00a0\u00bbyes\u00a0\u00bb columns_placement=\u00a0\u00bbtop\u00a0\u00bb content_placement=\u00a0\u00bbtop\u00a0\u00bb css=\u00a0\u00bb.vc_custom_1482490814789{background-color: #d4b8b8 !important;background-position: center !important;background-repeat: no-repeat !important;background-size: cover !important;}\u00a0\u00bb][vc_column width=\u00a0\u00bb1\/2&Prime;][vc_single_image image=\u00a0\u00bb7464&Prime; img_size=\u00a0\u00bbfull\u00a0\u00bb alignment=\u00a0\u00bbright\u00a0\u00bb][\/vc_column][vc_column width=\u00a0\u00bb1\/2&Prime; css=\u00a0\u00bb.vc_custom_1482492007588{padding-left: 60px !important;}\u00a0\u00bb][vc_empty_space height=\u00a0\u00bb50px\u00a0\u00bb][vc_column_text]<\/p>\n<p style=\"font-size: 42px; font-weight: bold; text-align: left;\"><span style=\"color: #33cccc;\"><span style=\"color: #333333;\">Pour seulement 49,50\u20ac<br \/>\n<span style=\"font-size: 20px; color: #999999;\">jusqu&rsquo;\u00e0 -25% de r\u00e9duction pou des souscripteurs<\/span><br \/>\n<\/span><\/span><\/p>\n<p>[\/vc_column_text][vc_btn title=\u00a0\u00bbACHETER MAINTENANT &gt;&gt;\u00a0\u00bb style=\u00a0\u00bbflat\u00a0\u00bb shape=\u00a0\u00bbsquare\u00a0\u00bb color=\u00a0\u00bbgreen\u00a0\u00bb size=\u00a0\u00bblg\u00a0\u00bb align=\u00a0\u00bbleft\u00a0\u00bb el_class=\u00a0\u00bbhome-button\u00a0\u00bb link=\u00a0\u00bburl:http%3A%2F%2Fshop.floos.org%2Ffr%2Fvalidation%2F%3Fadd-to-cart%3D8021|||\u00a0\u00bb][\/vc_column][\/vc_row][vc_row full_width=\u00a0\u00bbstretch_row_content\u00a0\u00bb css=\u00a0\u00bb.vc_custom_1482320536757{margin-top: 30px !important;}\u00a0\u00bb][vc_column width=\u00a0\u00bb1\/4&Prime;][\/vc_column][vc_column width=\u00a0\u00bb1\/2&Prime;][vc_column_text]<\/p>\n<h2>LA PREMI\u00c8RE FOIS QUE VOUS AVEZ FLOOS EN PAPIER<\/h2>\n<p>Notre livre THE CRAFTER&rsquo;S SECRET VOL. 01 reprend les <strong>meilleures recettes florales des origines de FLOOS.org, avec les designs les plus personnels de chaque auteur.<\/strong> Cette \u00e9dition limit\u00e9e et exclusive a \u00e9t\u00e9 soign\u00e9e dans les d\u00e9tails pour devenir un livre de chevet pour tous les amants des fleurs.[\/vc_column_text][vc_empty_space height=\u00a0\u00bb40px\u00a0\u00bb][vc_separator color=\u00a0\u00bbcustom\u00a0\u00bb el_width=\u00a0\u00bb60&Prime; accent_color=\u00a0\u00bb#777777&Prime;][vc_empty_space height=\u00a0\u00bb40px\u00a0\u00bb][\/vc_column][vc_column width=\u00a0\u00bb1\/4&Prime;][\/vc_column][\/vc_row][vc_row css=\u00a0\u00bb.vc_custom_1482510445977{padding-top: 20px !important;padding-bottom: 20px !important;background-color: #86b8b9 !important;}\u00a0\u00bb][vc_column][vc_column_text]<\/p>\n<h2 style=\"text-align: center;\">UN MANUEL INDISPENSABLE POUR votre BIBLIOTH\u00c8QUE<\/h2>\n<p>[\/vc_column_text][\/vc_column][\/vc_row][vc_row full_width=\u00a0\u00bbstretch_row_content\u00a0\u00bb css=\u00a0\u00bb.vc_custom_1482510475444{padding-top: 40px !important;padding-bottom: 60px !important;}\u00a0\u00bb][vc_column width=\u00a0\u00bb1\/3&Prime;][vc_icon icon_fontawesome=\u00a0\u00bbfa fa-file-text-o\u00a0\u00bb color=\u00a0\u00bbblack\u00a0\u00bb background_style=\u00a0\u00bbrounded-outline\u00a0\u00bb background_color=\u00a0\u00bbcustom\u00a0\u00bb size=\u00a0\u00bbxl\u00a0\u00bb align=\u00a0\u00bbcenter\u00a0\u00bb custom_background_color=\u00a0\u00bb#7d7c7a\u00a0\u00bb][vc_column_text]<\/p>\n<h4>24 recettes de technique avanc\u00e9e expliqu\u00e9es pas \u00e0 pas.<\/h4>\n<p>Choisies par les auteurs eux-m\u00eames, pour \u00eatre <strong>leurs cr\u00e9ations les plus personnelles<\/strong> ou pour \u00eatre les recettes qui refl\u00e8tent le mieux leur style ou une technique concr\u00e8te.[\/vc_column_text][\/vc_column][vc_column width=\u00a0\u00bb1\/3&Prime;][vc_icon icon_fontawesome=\u00a0\u00bbfa fa-qrcode\u00a0\u00bb color=\u00a0\u00bbblack\u00a0\u00bb background_style=\u00a0\u00bbrounded-outline\u00a0\u00bb background_color=\u00a0\u00bbcustom\u00a0\u00bb size=\u00a0\u00bbxl\u00a0\u00bb align=\u00a0\u00bbcenter\u00a0\u00bb custom_background_color=\u00a0\u00bb#7d7c7a\u00a0\u00bb][vc_column_text]<\/p>\n<h4>Avec des vid\u00e9os illustratives accessibles \u00e0 travers un code QR<\/h4>\n<p>Chaque cr\u00e9ation a un <strong>code QR<\/strong> qui permet d&rsquo;acc\u00e9der \u00e0 une vid\u00e9o dans laquelle on montre la technique d&rsquo;\u00e9laboration projet\u00e9e[\/vc_column_text][\/vc_column][vc_column width=\u00a0\u00bb1\/3&Prime;][vc_icon icon_fontawesome=\u00a0\u00bbfa fa-language\u00a0\u00bb color=\u00a0\u00bbblack\u00a0\u00bb background_style=\u00a0\u00bbrounded-outline\u00a0\u00bb background_color=\u00a0\u00bbcustom\u00a0\u00bb size=\u00a0\u00bbxl\u00a0\u00bb align=\u00a0\u00bbcenter\u00a0\u00bb custom_background_color=\u00a0\u00bb#7d7c7a\u00a0\u00bb][vc_column_text]<\/p>\n<h4>Dans un format de plusieurs langues: Anglais, Espagnol et Russe<\/h4>\n<p>Par leur projection internationale, on trouvera tous les textes du livre dans ces <strong>3 langues.<\/strong>[\/vc_column_text][\/vc_column][\/vc_row][vc_row css=\u00a0\u00bb.vc_custom_1482321714174{padding-top: 40px !important;background-color: #86b8b9 !important;}\u00a0\u00bb][vc_column][vc_column_text]<\/p>\n<h2 style=\"text-align: center;\">CR\u00c9\u00c9 PAR LES MA\u00ceTRES FLEURISTES LES PLUS INFLUENTS<\/h2>\n<p>[\/vc_column_text][\/vc_column][\/vc_row][vc_row css=\u00a0\u00bb.vc_custom_1482321657653{padding-top: 40px !important;background-color: #86b8b9 !important;}\u00a0\u00bb][vc_column width=\u00a0\u00bb1\/4&Prime;][vc_single_image image=\u00a0\u00bb7235&Prime; img_size=\u00a0\u00bbfull\u00a0\u00bb alignment=\u00a0\u00bbcenter\u00a0\u00bb][vc_column_text]<\/p>\n<div class=\"team\">\n<h2><span style=\"color: #f2f1ea;\">BRIGITTE<br \/>\nHEINRICHS<br \/>\n<\/span><\/h2>\n<h4><span style=\"color: #f2f1ea;\">Germany<\/span><\/h4>\n<p>&nbsp;<\/p>\n<\/div>\n<p>[\/vc_column_text][\/vc_column][vc_column width=\u00a0\u00bb1\/4&Prime;][vc_single_image image=\u00a0\u00bb7232&Prime; img_size=\u00a0\u00bbfull\u00a0\u00bb alignment=\u00a0\u00bbcenter\u00a0\u00bb][vc_column_text]<\/p>\n<div class=\"team\">\n<h2><span style=\"color: #f2f1ea;\">ALEX<br \/>\n<\/span><span style=\"color: #f2f1ea;\">SEGURA<br \/>\n<\/span><\/h2>\n<h4><span style=\"color: #f2f1ea;\">Spain<\/span><\/h4>\n<p>&nbsp;<\/p>\n<\/div>\n<p>[\/vc_column_text][\/vc_column][vc_column width=\u00a0\u00bb1\/4&Prime;][vc_single_image image=\u00a0\u00bb7233&Prime; img_size=\u00a0\u00bbfull\u00a0\u00bb alignment=\u00a0\u00bbcenter\u00a0\u00bb][vc_column_text]<\/p>\n<div class=\"team\">\n<h2><span style=\"color: #f2f1ea;\">BEA<br \/>\nBEROY<br \/>\n<\/span><\/h2>\n<h4><span style=\"color: #f2f1ea;\">Spain<\/span><\/h4>\n<p>&nbsp;<\/p>\n<\/div>\n<p>[\/vc_column_text][\/vc_column][vc_column width=\u00a0\u00bb1\/4&Prime;][vc_single_image image=\u00a0\u00bb7239&Prime; img_size=\u00a0\u00bbfull\u00a0\u00bb alignment=\u00a0\u00bbcenter\u00a0\u00bb][vc_column_text]<\/p>\n<div class=\"team\">\n<h2><span style=\"color: #f2f1ea;\">NATALIA<br \/>\nZHIZHKO<br \/>\n<\/span><\/h2>\n<h4><span style=\"color: #f2f1ea;\">Russia<\/span><\/h4>\n<p>&nbsp;<\/p>\n<\/div>\n<p>[\/vc_column_text][\/vc_column][\/vc_row][vc_row css=\u00a0\u00bb.vc_custom_1482323194491{padding-top: 40px !important;padding-bottom: 60px !important;background-color: #86b8b9 !important;}\u00a0\u00bb][vc_column width=\u00a0\u00bb1\/4&Prime;][vc_single_image image=\u00a0\u00bb7237&Prime; img_size=\u00a0\u00bbfull\u00a0\u00bb alignment=\u00a0\u00bbcenter\u00a0\u00bb][vc_column_text]<\/p>\n<div class=\"team\">\n<h2><span style=\"color: #f2f1ea;\">DANIEL<br \/>\nSANTAMARIA<br \/>\n<\/span><\/h2>\n<h4><span style=\"color: #f2f1ea;\">Spain<\/span><\/h4>\n<p>&nbsp;<\/p>\n<\/div>\n<p>[\/vc_column_text][\/vc_column][vc_column width=\u00a0\u00bb1\/4&Prime;][vc_single_image image=\u00a0\u00bb7238&Prime; img_size=\u00a0\u00bbfull\u00a0\u00bb alignment=\u00a0\u00bbcenter\u00a0\u00bb][vc_column_text]<\/p>\n<div class=\"team\">\n<h2><span style=\"color: #f2f1ea;\">JOSEPH<br \/>\nMASSIE<br \/>\n<\/span><\/h2>\n<h4><span style=\"color: #f2f1ea;\">England<\/span><\/h4>\n<p>&nbsp;<\/p>\n<\/div>\n<p>[\/vc_column_text][\/vc_column][vc_column width=\u00a0\u00bb1\/4&Prime;][vc_single_image image=\u00a0\u00bb7234&Prime; img_size=\u00a0\u00bbfull\u00a0\u00bb alignment=\u00a0\u00bbcenter\u00a0\u00bb][vc_column_text]<\/p>\n<div class=\"team\">\n<h2><span style=\"color: #f2f1ea;\">BERIT<br \/>\nSKJOTTGAARD<br \/>\n<\/span><\/h2>\n<h4><span style=\"color: #f2f1ea;\">Denmark<\/span><\/h4>\n<p>&nbsp;<\/p>\n<\/div>\n<p>[\/vc_column_text][\/vc_column][vc_column width=\u00a0\u00bb1\/4&Prime;][vc_single_image image=\u00a0\u00bb7236&Prime; img_size=\u00a0\u00bbfull\u00a0\u00bb alignment=\u00a0\u00bbcenter\u00a0\u00bb][vc_column_text]<\/p>\n<div class=\"team\">\n<h2><span style=\"color: #f2f1ea;\">CARLES J. FONTANILLAS<br \/>\n<\/span><\/h2>\n<h4><span style=\"color: #f2f1ea;\">Spain<\/span><\/h4>\n<p>&nbsp;<\/p>\n<\/div>\n<p>[\/vc_column_text][\/vc_column][\/vc_row][vc_row css=\u00a0\u00bb.vc_custom_1482323676105{padding-top: 60px !important;padding-bottom: 40px !important;}\u00a0\u00bb][vc_column][vc_column_text]<\/p>\n<h2 style=\"text-align: center;\">268 PAGES DE PASSION PAR L&rsquo;ARTISANAT FLORAL<\/h2>\n<p>[\/vc_column_text][\/vc_column][\/vc_row][vc_row css=\u00a0\u00bb.vc_custom_1482323825416{padding-right: 50px !important;padding-bottom: 60px !important;padding-left: 50px !important;}\u00a0\u00bb][vc_column width=\u00a0\u00bb1\/2&Prime;][vc_single_image image=\u00a0\u00bb7355&Prime; img_size=\u00a0\u00bb800&#215;600&Prime; alignment=\u00a0\u00bbcenter\u00a0\u00bb][vc_column_text css=\u00a0\u00bb.vc_custom_1483172435146{padding-right: 30px !important;}\u00a0\u00bb]<\/p>\n<p style=\"text-align: left;\"><strong>Avec de belles photographies<\/strong> qui illustrent \u00e0 la perfection les pas \u00e0 suivre dans chaque composition florale.<\/p>\n<p>[\/vc_column_text][vc_row_inner][vc_column_inner width=\u00a0\u00bb1\/2&Prime;][\/vc_column_inner][vc_column_inner width=\u00a0\u00bb1\/2&Prime;][\/vc_column_inner][\/vc_row_inner][\/vc_column][vc_column width=\u00a0\u00bb1\/2&Prime;][vc_single_image image=\u00a0\u00bb7357&Prime; img_size=\u00a0\u00bb800&#215;600&Prime; alignment=\u00a0\u00bbcenter\u00a0\u00bb][vc_column_text css=\u00a0\u00bb.vc_custom_1483172469178{padding-right: 30px !important;}\u00a0\u00bb]<\/p>\n<p style=\"text-align: left;\"><strong>Avec des r\u00e9flexions et conseils de chaque auteur,<\/strong> pour appr\u00e9cier leurs raisonnements et leur vision du magasin de fleurs.<\/p>\n<p>[\/vc_column_text][vc_row_inner][vc_column_inner width=\u00a0\u00bb1\/2&Prime;][\/vc_column_inner][vc_column_inner width=\u00a0\u00bb1\/2&Prime;][\/vc_column_inner][\/vc_row_inner][\/vc_column][\/vc_row][vc_row css=\u00a0\u00bb.vc_custom_1482325754395{padding-top: 30px !important;padding-bottom: 40px !important;}\u00a0\u00bb][vc_column][vc_separator color=\u00a0\u00bbcustom\u00a0\u00bb el_width=\u00a0\u00bb30&Prime; accent_color=\u00a0\u00bb#c1c1c1&Prime;][vc_empty_space][vc_column_text]<\/p>\n<p style=\"text-align: center; font-size: 40px;\"><strong>ADMIREZ-LE.<br \/>\n<\/strong><strong>DE L\u2019INTERIEUR ET A L\u2019EXTERIEUR<\/strong><\/p>\n<p>[\/vc_column_text][\/vc_column][\/vc_row][vc_row full_width=\u00a0\u00bbstretch_row_content_no_spaces\u00a0\u00bb isfullwidth=\u00a0\u00bb0&Prime;][vc_column][vc_video link=\u00a0\u00bbhttps:\/\/youtu.be\/K7X5kkXteYU\u00a0\u00bb align=\u00a0\u00bbcenter\u00a0\u00bb][\/vc_column][\/vc_row][vc_row css=\u00a0\u00bb.vc_custom_1482325640799{padding-top: 60px !important;padding-bottom: 60px !important;}\u00a0\u00bb][vc_column width=\u00a0\u00bb1\/6&Prime;][\/vc_column][vc_column width=\u00a0\u00bb2\/3&Prime; css=\u00a0\u00bb.vc_custom_1482332874519{padding-right: 20px !important;padding-left: 20px !important;}\u00a0\u00bb][vc_column_text]<\/p>\n<p style=\"text-align: center; font-size: 24px;\"><em>\u00ab\u00a0Sp\u00e9cialement pens\u00e9 pour avoir pr\u00e8s les recettes les plus remarquables des auteurs de FLOOS. Pour approfondir dans la vision personnelle que chaque ma\u00eetre a de l&rsquo;art floral.\u00a0\u00bb <\/em><\/p>\n<p style=\"text-align: right; font-size: 18px;\">Carles J. Fontanillas (Spain)<\/p>\n<p>[\/vc_column_text][\/vc_column][vc_column width=\u00a0\u00bb1\/6&Prime;][\/vc_column][\/vc_row][vc_row css=\u00a0\u00bb.vc_custom_1482493452562{padding-top: 100px !important;background-color: #332b34 !important;background-position: center !important;background-repeat: no-repeat !important;background-size: contain !important;}\u00a0\u00bb el_class=\u00a0\u00bbbottom-home\u00a0\u00bb][vc_column width=\u00a0\u00bb1\/4&Prime;][\/vc_column][vc_column width=\u00a0\u00bb1\/2&Prime;][vc_empty_space height=\u00a0\u00bb100px\u00a0\u00bb][vc_column_text]<\/p>\n<h4 style=\"font-size: 48px; text-align: center;\"><span style=\"color: #ffffff;\">DEMANDEZ-LE MAINTENANT<\/span><\/h4>\n<p style=\"text-align: center;\"><span style=\"font-size: 24px; color: #ffffff;\">Choisissez-vous le livre parfait pour vous.<\/span><\/p>\n<p>[\/vc_column_text][vc_empty_space height=\u00a0\u00bb40px\u00a0\u00bb][vc_btn title=\u00a0\u00bbACHETER MAINTENANT &gt;&gt;\u00a0\u00bb style=\u00a0\u00bbflat\u00a0\u00bb shape=\u00a0\u00bbsquare\u00a0\u00bb color=\u00a0\u00bbgreen\u00a0\u00bb size=\u00a0\u00bblg\u00a0\u00bb align=\u00a0\u00bbcenter\u00a0\u00bb link=\u00a0\u00bburl:http%3A%2F%2Fshop.floos.org%2Ffr%2Fvalidation%2F%3Fadd-to-cart%3D8021|||\u00a0\u00bb el_class=\u00a0\u00bbhome-button\u00a0\u00bb][vc_empty_space height=\u00a0\u00bb100px\u00a0\u00bb][\/vc_column][vc_column width=\u00a0\u00bb1\/4&Prime;][\/vc_column][\/vc_row]<\/p>\n<\/div>","protected":false},"excerpt":{"rendered":"<p>[vc_row css=\u00a0\u00bb.vc_custom_1483346698684{background-color: #adadad !important;}\u00a0\u00bb][vc_column width=\u00a0\u00bb1\/2&Prime;][vc_column_text] C&rsquo;est le NOUVEAU WEBSHOP de FLOOS [\/vc_column_text][\/vc_column][vc_column width=\u00a0\u00bb1\/2&Prime;][vc_column_text] Si vous souhaitez voir la biblioth\u00e8que num\u00e9rique avec plus de 250 recettes florales, visitez www.floos.org [\/vc_column_text][\/vc_column][\/vc_row][vc_row css=\u00a0\u00bb.vc_custom_1482434800671{padding-top: 100px !important;background-color: #d4b8b8 !important;}\u00a0\u00bb][vc_column][vc_column_text] THE CRAFTER\u2019S SECRET VOL. 01 a flower book by Floos [\/vc_column_text][\/vc_column][\/vc_row][vc_row full_height=\u00a0\u00bbyes\u00a0\u00bb columns_placement=\u00a0\u00bbtop\u00a0\u00bb content_placement=\u00a0\u00bbtop\u00a0\u00bb css=\u00a0\u00bb.vc_custom_1482490814789{background-color: #d4b8b8 !important;background-position: center !important;background-repeat: no-repeat !important;background-size:&hellip;<\/p>\n","protected":false},"author":2,"featured_media":0,"parent":0,"menu_order":0,"comment_status":"closed","ping_status":"closed","template":"page-templates\/full-width.php","meta":{"footnotes":""},"class_list":["post-7975","page","type-page","status-publish","hentry","description-off"],"_links":{"self":[{"href":"https:\/\/shop.floos.org\/fr\/wp-json\/wp\/v2\/pages\/7975","targetHints":{"allow":["GET"]}}],"collection":[{"href":"https:\/\/shop.floos.org\/fr\/wp-json\/wp\/v2\/pages"}],"about":[{"href":"https:\/\/shop.floos.org\/fr\/wp-json\/wp\/v2\/types\/page"}],"author":[{"embeddable":true,"href":"https:\/\/shop.floos.org\/fr\/wp-json\/wp\/v2\/users\/2"}],"replies":[{"embeddable":true,"href":"https:\/\/shop.floos.org\/fr\/wp-json\/wp\/v2\/comments?post=7975"}],"version-history":[{"count":0,"href":"https:\/\/shop.floos.org\/fr\/wp-json\/wp\/v2\/pages\/7975\/revisions"}],"wp:attachment":[{"href":"https:\/\/shop.floos.org\/fr\/wp-json\/wp\/v2\/media?parent=7975"}],"curies":[{"name":"wp","href":"https:\/\/api.w.org\/{rel}","templated":true}]}}