{"id":9436,"date":"2017-12-07T10:06:34","date_gmt":"2017-12-07T10:06:34","guid":{"rendered":"http:\/\/shop.floos.org\/?page_id=9436"},"modified":"2021-02-08T13:50:53","modified_gmt":"2021-02-08T13:50:53","slug":"offrez-floos-2","status":"publish","type":"page","link":"https:\/\/shop.floos.org\/fr\/offrez-floos-2\/","title":{"rendered":"REGALA_FLOOS_FRE"},"content":{"rendered":"<div class=\"wpb-content-wrapper\"><p>[vc_row css=\u00a0\u00bb.vc_custom_1483188823985{background-color: #adadad !important;}\u00a0\u00bb][vc_column][vc_column_text]<\/p>\n<p style=\"text-align: center; color: #ffffff; font-size: 11px;\"><span style=\"color: #ffffff;\">ACHATS EN LIGNE DE \u00a0<a style=\"color: #ffffff;\" href=\"https:\/\/floos.org\">FLOOS, THE CRAFTER\u2019S SECRET<\/a><\/span><\/p>\n<p>[\/vc_column_text][\/vc_column][\/vc_row][vc_row css=\u00a0\u00bb.vc_custom_1502373982870{background-color: #ffffff !important;}\u00a0\u00bb][vc_column][vc_column_text]<\/p>\n<h2 style=\"text-align: center; font-size: 42px;\"><strong>OFFREZ FLOOS<\/strong><\/h2>\n<p>[\/vc_column_text][\/vc_column][\/vc_row][vc_row full_width=\u00a0\u00bbstretch_row_content_no_spaces\u00a0\u00bb][vc_column][vc_single_image image=\u00a0\u00bb10462&Prime; img_size=\u00a0\u00bbfull\u00a0\u00bb alignment=\u00a0\u00bbcenter\u00a0\u00bb][\/vc_column][\/vc_row][vc_row full_width=\u00a0\u00bbstretch_row_content\u00a0\u00bb][vc_column][vc_column_text]<\/p>\n<h2 style=\"text-align: center;\"><span style=\"font-size: 36px;\">UN CADEAU PARFAIT POUR LES MA\u00ceTRES FLEURISTES<br \/>\nQUI AIMENT L&rsquo;ART FLORAL<\/span><\/h2>\n<p style=\"text-align: center;\"><span style=\"font-size: 22px;\">Dans FLOOS vous trouverez des cadeaux de design floral<br \/>\ncr\u00e9\u00e9s par les meilleurs ma\u00eetres fleuristes du monde, comme nos<br \/>\n<b>beaux et pratiques livres <em>The Crafter\u2019s Secret<\/em><\/b> de recettes florales pas \u00e0 pas ou<br \/>\n<b>une souscription \u00e0 <a href=\"https:\/\/floos.org\/es\" target=\"_blank\" rel=\"noopener noreferrer\">FLOOS.org<\/a> <\/b>avec l&rsquo;acc\u00e8s \u00e0 plus de 300<br \/>\nrecettes en ligne que vous pouvez offrir \u00e0 qui vous voulez.<\/span><\/p>\n<p>&nbsp;<\/p>\n<p style=\"text-align: center;\"><strong><span style=\"font-size: 22px;\">Avez-vous quelqu&rsquo;un en t\u00eate?<\/span><\/strong><\/p>\n<p>[\/vc_column_text][\/vc_column][\/vc_row][vc_row css=\u00a0\u00bb.vc_custom_1612782852523{background-color: #ffffff !important;}\u00a0\u00bb][vc_column][vc_column_text]<\/p>\n<p style=\"text-align: left;\">[gravityform id=\u00a0\u00bb5&Prime; title=\u00a0\u00bbfalse\u00a0\u00bb description=\u00a0\u00bbfalse\u00a0\u00bb]<\/p>\n<p style=\"text-align: center;\">***<\/p>\n<p>[\/vc_column_text][\/vc_column][\/vc_row]<\/p>\n<\/div>","protected":false},"excerpt":{"rendered":"<p>[vc_row css=\u00a0\u00bb.vc_custom_1483188823985{background-color: #adadad !important;}\u00a0\u00bb][vc_column][vc_column_text] ACHATS EN LIGNE DE \u00a0FLOOS, THE CRAFTER\u2019S SECRET [\/vc_column_text][\/vc_column][\/vc_row][vc_row css=\u00a0\u00bb.vc_custom_1502373982870{background-color: #ffffff !important;}\u00a0\u00bb][vc_column][vc_column_text] OFFREZ FLOOS [\/vc_column_text][\/vc_column][\/vc_row][vc_row full_width=\u00a0\u00bbstretch_row_content_no_spaces\u00a0\u00bb][vc_column][vc_single_image image=\u00a0\u00bb10462&Prime; img_size=\u00a0\u00bbfull\u00a0\u00bb alignment=\u00a0\u00bbcenter\u00a0\u00bb][\/vc_column][\/vc_row][vc_row full_width=\u00a0\u00bbstretch_row_content\u00a0\u00bb][vc_column][vc_column_text] UN CADEAU PARFAIT POUR LES MA\u00ceTRES FLEURISTES QUI AIMENT L&rsquo;ART FLORAL Dans FLOOS vous trouverez des cadeaux de design floral cr\u00e9\u00e9s par les meilleurs ma\u00eetres fleuristes du monde, comme nos beaux&hellip;<\/p>\n","protected":false},"author":2,"featured_media":0,"parent":0,"menu_order":0,"comment_status":"closed","ping_status":"closed","template":"","meta":{"footnotes":""},"class_list":["post-9436","page","type-page","status-publish","hentry","description-off"],"_links":{"self":[{"href":"https:\/\/shop.floos.org\/fr\/wp-json\/wp\/v2\/pages\/9436","targetHints":{"allow":["GET"]}}],"collection":[{"href":"https:\/\/shop.floos.org\/fr\/wp-json\/wp\/v2\/pages"}],"about":[{"href":"https:\/\/shop.floos.org\/fr\/wp-json\/wp\/v2\/types\/page"}],"author":[{"embeddable":true,"href":"https:\/\/shop.floos.org\/fr\/wp-json\/wp\/v2\/users\/2"}],"replies":[{"embeddable":true,"href":"https:\/\/shop.floos.org\/fr\/wp-json\/wp\/v2\/comments?post=9436"}],"version-history":[{"count":2,"href":"https:\/\/shop.floos.org\/fr\/wp-json\/wp\/v2\/pages\/9436\/revisions"}],"predecessor-version":[{"id":13321,"href":"https:\/\/shop.floos.org\/fr\/wp-json\/wp\/v2\/pages\/9436\/revisions\/13321"}],"wp:attachment":[{"href":"https:\/\/shop.floos.org\/fr\/wp-json\/wp\/v2\/media?parent=9436"}],"curies":[{"name":"wp","href":"https:\/\/api.w.org\/{rel}","templated":true}]}}