{"id":11087,"date":"2018-07-26T09:08:38","date_gmt":"2018-07-26T09:08:41","guid":{"rendered":"http:\/\/shop.floos.org\/?post_type=product&#038;p=11087"},"modified":"2019-04-11T17:05:51","modified_gmt":"2019-04-11T17:05:51","slug":"the-crafters-secret-vol-03","status":"publish","type":"product","link":"https:\/\/shop.floos.org\/fr\/produit\/the-crafters-secret-vol-03\/","title":{"rendered":"THE CRAFTER\u2019S SECRET VOL.03"},"content":{"rendered":"<div class=\"issuuembed\" style=\"width: 100%; height: 644px;\" data-configid=\"28229154\/63480432\"><\/div>\n<p><script type=\"text\/javascript\" src=\"\/\/e.issuu.com\/embed.js\" async=\"true\"><\/script><\/p>\n<p>&nbsp;<\/p>\n<p><strong><u>INFORMATIONS TECHNIQUES<\/u><\/strong><\/p>\n<p><strong>Couverture :<\/strong> pis\u00e9 avec rabat<\/p>\n<p><strong>\u00c9diteur :<\/strong> FLOOS, the crafter&rsquo;s secret<\/p>\n<p><strong>Date de publication :<\/strong>\u00a018 septembre 2018<\/p>\n<p><strong>Nombre de pages :<\/strong>\u00a0288<\/p>\n<p><strong>Langue:<\/strong> Multilingue (Anglais,Espagnol et Fran\u00e7aise)<\/p>\n<p><strong>Dimensions :<\/strong> 30x24x2cm<\/p>\n<p><strong>ISBN-13:<\/strong>\u00a0978-84-09-04658-4<\/p>\n<h3>Notre &lsquo;3&rsquo; est un nombre magique<\/h3>\n<p><strong><em>THE CRAFTER\u2019S SECRET Vol. 03 <\/em><\/strong>consolide le projet FLOOS.org comme<br \/>\n<strong>une r\u00e9f\u00e9rence internationale de premier ordre<\/strong> en mati\u00e8re d&rsquo;apprentissage et de perfectionnement de techniques florales de niveau avanc\u00e9, et place l&rsquo;\u00e9dition en papier de ses recettes pas \u00e0 pas <strong>parmi les manuels les plus utiles et inspirateurs de design floral.<\/strong><\/p>\n<p>En plus de sa fonction pratique, comme outil d&rsquo;usage quotidien, ce livre offre aussi un important travail vulgarisateur, en vous approchant \u00e0 <strong>une grande vari\u00e9t\u00e9 de techniques et de traditions florales, <\/strong>qui vont de l&rsquo;Espagne \u00e0 la Cor\u00e9e, en passant par le Danemark, la France, la Hollande, la Su\u00e8de et l&rsquo;Allemagne.<\/p>\n<p>Et tout \u00e7a, avec<strong> 10 ma\u00eetres fleuristes de prestige international <\/strong>qui ont particip\u00e9 \u00e0 la saison 2017-2018 de FLOOS: <strong>Daniel Santamaria, Max Van de Sluis, Britta Ohlrogge, Berit Skj\u00f8ttgaard Laursen, Brigitte Heinrichs, Jordi Abell\u00f3, Fr\u00e9d\u00e9ric Dupr\u00e9, Carles J. Fontanillas<\/strong> et les champions du monde <strong> Per Benjamin et Alex Choi.<\/strong><\/p>\n<p>Au total, <strong>30 recettes de design floral expliqu\u00e9es pas \u00e0 pas<\/strong>, avec lesquelles vous d\u00e9couvrirez la philosophie de leurs cr\u00e9ateurs et avec lesquelles vous conna\u00eetrez leur mani\u00e8re de conceptualiser et de faire \u00e9voluer une composition pour l&rsquo;appliquer apr\u00e8s \u00e0 vos propres travaux.<\/p>\n<p><strong>Plongez dans ses pages et vous d\u00e9couvrirez pourquoi notre &lsquo; 3 &lsquo; est un nombre magique.<\/strong><\/p>\n","protected":false},"excerpt":{"rendered":"<h2><strong>THE CRAFTER&rsquo;S SECRET VOL.03<\/strong><\/h2>\n<p>D\u00e9couvrez les <b>recettes de design floral <\/b>les plus remarquables de la saison 2017-2018 de FLOOS , en format livre et expliqu\u00e9es pas \u00e0 pas par les ma\u00eetres fleuristes qui les ont cr\u00e9\u00e9es : <b> Daniel Santamaria, Per Benjamin, Max Van de Sluis, Britta Ohlrogge, Berit Skj\u00f8ttgaard Laursen, Brigitte Heinrichs, Jordi Abell\u00f3, Fr\u00e9d\u00e9ric Dupr\u00e9, Alex Choi et Carles J. Fontanillas.<\/b><\/p>\n","protected":false},"featured_media":12283,"template":"","meta":[],"product_brand":[],"product_cat":[196],"product_tag":[202,198,199,200,201,197],"class_list":{"0":"post-11087","1":"product","2":"type-product","3":"status-publish","4":"has-post-thumbnail","6":"product_cat-floos-livres","7":"product_tag-etape-par-etape","8":"product_tag-floos-fr","9":"product_tag-floosweb-fr","10":"product_tag-livre-de-fleur","11":"product_tag-livre-de-fleurs","12":"product_tag-livre-floral","13":"description-off","15":"first","16":"instock","17":"sale","18":"taxable","19":"shipping-taxable","20":"purchasable","21":"product-type-simple"},"_links":{"self":[{"href":"https:\/\/shop.floos.org\/fr\/wp-json\/wp\/v2\/product\/11087","targetHints":{"allow":["GET"]}}],"collection":[{"href":"https:\/\/shop.floos.org\/fr\/wp-json\/wp\/v2\/product"}],"about":[{"href":"https:\/\/shop.floos.org\/fr\/wp-json\/wp\/v2\/types\/product"}],"wp:featuredmedia":[{"embeddable":true,"href":"https:\/\/shop.floos.org\/fr\/wp-json\/wp\/v2\/media\/12283"}],"wp:attachment":[{"href":"https:\/\/shop.floos.org\/fr\/wp-json\/wp\/v2\/media?parent=11087"}],"wp:term":[{"taxonomy":"product_brand","embeddable":true,"href":"https:\/\/shop.floos.org\/fr\/wp-json\/wp\/v2\/product_brand?post=11087"},{"taxonomy":"product_cat","embeddable":true,"href":"https:\/\/shop.floos.org\/fr\/wp-json\/wp\/v2\/product_cat?post=11087"},{"taxonomy":"product_tag","embeddable":true,"href":"https:\/\/shop.floos.org\/fr\/wp-json\/wp\/v2\/product_tag?post=11087"}],"curies":[{"name":"wp","href":"https:\/\/api.w.org\/{rel}","templated":true}]}}