{"id":12187,"date":"2019-07-29T09:07:10","date_gmt":"2019-07-29T09:07:11","guid":{"rendered":"http:\/\/shop.floos.org\/?post_type=product&#038;p=12187"},"modified":"2019-09-02T00:03:10","modified_gmt":"2019-09-02T00:03:10","slug":"the-crafters-secret-vol-04","status":"publish","type":"product","link":"https:\/\/shop.floos.org\/fr\/produit\/the-crafters-secret-vol-04\/","title":{"rendered":"THE CRAFTER\u2019S SECRET VOL.04"},"content":{"rendered":"<p><strong><u>INFORMATIONS TECHNIQUES<\/u><\/strong><\/p>\n<p><strong>Couverture :<\/strong> pis\u00e9 avec rabat<\/p>\n<p><strong>\u00c9diteur :<\/strong> FLOOS, the crafter&rsquo;s secret<\/p>\n<p><strong>Date de publication :<\/strong> 2 septembre 2019<\/p>\n<p><strong>Nombre de pages :<\/strong> 271<\/p>\n<p><strong>Langue:<\/strong> Multilingue (Anglais,Espagnol et Fran\u00e7aise)<\/p>\n<p><strong>Dimensions :<\/strong> 30x24x2cm<\/p>\n<p>&nbsp;<\/p>\n<h3>Le \u2018num\u00e9ro 4, cr\u00e9ation et ing\u00e9niosit\u00e9.<\/h3>\n<p>La publication du livre <strong>THE CRAFTER\u2019S SECRET Vol.<\/strong> 04 nous embarque dans une nouvelle aventure d\u2019exp\u00e9riences dans le <strong>design floral international.<\/strong><\/p>\n<p>Le volume 04 se caract\u00e9rise par la <strong>cr\u00e9ativit\u00e9<\/strong>, la <strong>lutte contre les limites<\/strong>, une <strong>mentalit\u00e9 avanc\u00e9e<\/strong>, le <strong>d\u00e9tail<\/strong>, etc. en essayant d\u2019atteindre de grandes r\u00e9alisations avec ing\u00e9niosit\u00e9 et habilet\u00e9.<\/p>\n<p><strong>Le livre rassemble les designs favoris de chacun des ma\u00eetres<\/strong> qui ont particip\u00e9 \u00e0 FLOOS.org pendant la <strong>saison 2018-2019<\/strong>. <strong>Chaque ma\u00eetre<\/strong> a cr\u00e9\u00e9 une collection de <strong>huit recettes florales<\/strong>, et trois d\u2019entre elles sont d\u00e9taill\u00e9es pas \u00e0 pas dans ce nouveau livre. En plus, on montre quatre designs suppl\u00e9mentaires de chaque ma\u00eetre, dans lesquels on montre aussi le pas \u00e0 pas et leurs conseils sur FLOOS.org.<\/p>\n<p>Les <strong>neuf ma\u00eetres de design floral de renomm\u00e9e internationale<\/strong> qui composent ce livre sont, apr\u00e8s tout, un r\u00e9sum\u00e9 des cultures et diff\u00e9rents points de vue de l\u2019art floral. La fleuristerie d\u2019Espagne, d\u2019Allemagne, de France, de Belgique, d\u2019Italie et de Russie sont repr\u00e9sent\u00e9es par pr\u00e8s de <strong>300 pages<\/strong> de tendances, de techniques, de m\u00e9caniques, de nouveaut\u00e9s et, surtout, de toutes <strong>les astuces utilis\u00e9es par chaque ma\u00eetre<\/strong>.<\/p>\n","protected":false},"excerpt":{"rendered":"<h2><strong>THE CRAFTER&rsquo;S SECRET VOL.04<\/strong><\/h2>\n<p>D\u00e9couvrez les <b>recettes de design floral <\/b>les plus remarquables de la saison 2018-2019 de FLOOS , en format livre et expliqu\u00e9es pas \u00e0 pas par les ma\u00eetres fleuristes qui les ont cr\u00e9\u00e9es : <b>Miguel Angel Delgado, Rudy Casati, Natalia Zhizhko, Alex Segura, Dominique Herold, Max Hurtaud, Stefan Van Berlo, Jurgen Herold and Carles J. Fontanillas.<\/b><\/p>\n","protected":false},"featured_media":12302,"template":"","meta":[],"product_brand":[],"product_cat":[196],"product_tag":[202,198,199,200,201,197],"class_list":{"0":"post-12187","1":"product","2":"type-product","3":"status-publish","4":"has-post-thumbnail","6":"product_cat-floos-livres","7":"product_tag-etape-par-etape","8":"product_tag-floos-fr","9":"product_tag-floosweb-fr","10":"product_tag-livre-de-fleur","11":"product_tag-livre-de-fleurs","12":"product_tag-livre-floral","13":"description-off","15":"first","16":"instock","17":"featured","18":"taxable","19":"shipping-taxable","20":"purchasable","21":"product-type-simple"},"_links":{"self":[{"href":"https:\/\/shop.floos.org\/fr\/wp-json\/wp\/v2\/product\/12187","targetHints":{"allow":["GET"]}}],"collection":[{"href":"https:\/\/shop.floos.org\/fr\/wp-json\/wp\/v2\/product"}],"about":[{"href":"https:\/\/shop.floos.org\/fr\/wp-json\/wp\/v2\/types\/product"}],"wp:featuredmedia":[{"embeddable":true,"href":"https:\/\/shop.floos.org\/fr\/wp-json\/wp\/v2\/media\/12302"}],"wp:attachment":[{"href":"https:\/\/shop.floos.org\/fr\/wp-json\/wp\/v2\/media?parent=12187"}],"wp:term":[{"taxonomy":"product_brand","embeddable":true,"href":"https:\/\/shop.floos.org\/fr\/wp-json\/wp\/v2\/product_brand?post=12187"},{"taxonomy":"product_cat","embeddable":true,"href":"https:\/\/shop.floos.org\/fr\/wp-json\/wp\/v2\/product_cat?post=12187"},{"taxonomy":"product_tag","embeddable":true,"href":"https:\/\/shop.floos.org\/fr\/wp-json\/wp\/v2\/product_tag?post=12187"}],"curies":[{"name":"wp","href":"https:\/\/api.w.org\/{rel}","templated":true}]}}