{"id":12275,"date":"2019-07-29T14:43:49","date_gmt":"2019-07-29T14:43:50","guid":{"rendered":"http:\/\/shop.floos.org\/?post_type=product&#038;p=12275"},"modified":"2019-08-13T16:00:31","modified_gmt":"2019-08-13T16:00:31","slug":"pack-quattro","status":"publish","type":"product","link":"https:\/\/shop.floos.org\/fr\/produit\/pack-quattro\/","title":{"rendered":"PACK QUATTRO"},"content":{"rendered":"<p>Ce pack contient:<\/p>\n<h3>VOLUME 01<\/h3>\n<p>Il s\u2019agit de la saison 2015-2016, et contient 24 recettes de design floral pas \u00e0 pas des ma\u00eetres fleuristes suivants de FLOOS : <b>Brigitte Heinrichs, Alex Segura, Bea Beroy, Natalia Zhizhko, Daniel Santamaria, Joseph Massie, Berit Skj\u00f8ttgaard Laursen et Carles J. Fontanillas.<\/b><\/p>\n<h3>VOLUME 02<\/h3>\n<p>Il s\u2019agit de la saison 2016-2017, et contient 27 recettes de design floral pas \u00e0 pas des ma\u00eetres fleuristes suivants de FLOOS: <b>Stijn Simaeys, Francesc Porres, Mark Pampling, Dominique Ostheeren, J\u00fcrgen Herold, P\u0159emysl Hytych, Nicu Bocancea, Pirjo Koppi et Carles J. Fontanillas.<\/b><\/p>\n<h3>VOLUME 03<\/h3>\n<p>Il s\u2019agit de la saison 2017-2018, et contient 30 recettes de design floral pas \u00e0 pas des ma\u00eetres fleuristes suivants de FLOOS: <b>Daniel Santamaria, Per Benjamin, Max Van de Sluis, Britta Ohlrogge, Berit Skj\u00f8ttgaard, Brigitte Heinrichs, Jordi Abell\u00f3, Fr\u00e9d\u00e9ric Dupr\u00e9, Alex Choi et Carles J. Fontanillas.<\/b><\/p>\n<h3>VOLUME 04<\/h3>\n<p>D\u00e9couvrez les <b>recettes de design floral <\/b>les plus remarquables de la saison 2018-2019 de FLOOS , en format livre et expliqu\u00e9es pas \u00e0 pas par les ma\u00eetres fleuristes qui les ont cr\u00e9\u00e9es : <b>Miguel Angel Delgado, Rudy Casati, Natalia Zhizhko, Alex Segura, Dominique Herold, Max Hurtaud, Stefan Van Berlo, Jurgen Herold and Carles J. Fontanillas.<\/b><\/p>\n<p>Si vous cherchez de l\u2019inspiration ou vous voulez perfectionner votre technique de design floral et vous n&rsquo;avez encore aucun de nos livres, ce pack est id\u00e9al pour vous.<\/p>\n<p><b>Faites votre commande maintenant et d\u00e9couvrez le secret !<\/b><\/p>\n","protected":false},"excerpt":{"rendered":"<h2>PACK TRIO<\/h2>\n<h3>THE CRAFTER\u2019S SECRET VOL. 01 + 02 + 03 +04<\/h3>\n<p>Vous n&rsquo;avez pas encore nos livres ? Le PACK TRIO est id\u00e9al pour vous. <b>Une offre in\u00e9galable <\/b> avec laquelle vous pourrez avoir tous les volumes de la s\u00e9rie publi\u00e9e jusqu&rsquo;\u00e0 aujourd\u2019hui : <b>plus de 100 recettes de design floral pas \u00e0 pas expliqu\u00e9es par 28 des mieux ma\u00eetres fleuristes du monde.<\/b><\/p>\n","protected":false},"featured_media":12278,"template":"","meta":[],"product_brand":[],"product_cat":[529],"product_tag":[202,715,200,197],"class_list":{"0":"post-12275","1":"product","2":"type-product","3":"status-publish","4":"has-post-thumbnail","6":"product_cat-packs-floos-fr","7":"product_tag-etape-par-etape","8":"product_tag-floos-livres","9":"product_tag-livre-de-fleur","10":"product_tag-livre-floral","11":"description-off","13":"first","14":"instock","15":"sale","16":"featured","17":"taxable","18":"shipping-taxable","19":"purchasable","20":"product-type-variable"},"_links":{"self":[{"href":"https:\/\/shop.floos.org\/fr\/wp-json\/wp\/v2\/product\/12275","targetHints":{"allow":["GET"]}}],"collection":[{"href":"https:\/\/shop.floos.org\/fr\/wp-json\/wp\/v2\/product"}],"about":[{"href":"https:\/\/shop.floos.org\/fr\/wp-json\/wp\/v2\/types\/product"}],"wp:featuredmedia":[{"embeddable":true,"href":"https:\/\/shop.floos.org\/fr\/wp-json\/wp\/v2\/media\/12278"}],"wp:attachment":[{"href":"https:\/\/shop.floos.org\/fr\/wp-json\/wp\/v2\/media?parent=12275"}],"wp:term":[{"taxonomy":"product_brand","embeddable":true,"href":"https:\/\/shop.floos.org\/fr\/wp-json\/wp\/v2\/product_brand?post=12275"},{"taxonomy":"product_cat","embeddable":true,"href":"https:\/\/shop.floos.org\/fr\/wp-json\/wp\/v2\/product_cat?post=12275"},{"taxonomy":"product_tag","embeddable":true,"href":"https:\/\/shop.floos.org\/fr\/wp-json\/wp\/v2\/product_tag?post=12275"}],"curies":[{"name":"wp","href":"https:\/\/api.w.org\/{rel}","templated":true}]}}