{"id":12296,"date":"2019-07-29T15:53:36","date_gmt":"2019-07-29T15:53:36","guid":{"rendered":"http:\/\/shop.floos.org\/?post_type=product&#038;p=12296"},"modified":"2019-08-13T16:01:07","modified_gmt":"2019-08-13T16:01:07","slug":"pack-uno","status":"publish","type":"product","link":"https:\/\/shop.floos.org\/fr\/produit\/pack-uno\/","title":{"rendered":"PACK UNO"},"content":{"rendered":"<p>UN LIVRE DE LA S\u00c9RIE THE CRAFTER&rsquo;S SECRET + ABONNEMENT ANNUEL<\/p>\n<h3>VOLUME 01<\/h3>\n<p>Il s\u2019agit de la saison 2015-2016, et contient 24 recettes de design floral pas \u00e0 pas des ma\u00eetres fleuristes suivants de FLOOS : <b>Brigitte Heinrichs, Alex Segura, Bea Beroy, Natalia Zhizhko, Daniel Santamaria, Joseph Massie, Berit Skj\u00f8ttgaard Laursen et Carles J. Fontanillas.<\/b><\/p>\n<h3>VOLUME 02<\/h3>\n<p>Il s\u2019agit de la saison 2016-2017, et contient 27 recettes de design floral pas \u00e0 pas des ma\u00eetres fleuristes suivants de FLOOS: <b>Stijn Simaeys, Francesc Porres, Mark Pampling, Dominique Ostheeren, J\u00fcrgen Herold, P\u0159emysl Hytych, Nicu Bocancea, Pirjo Koppi et Carles J. Fontanillas.<\/b><\/p>\n<h3>VOLUME 03<\/h3>\n<p>Il s\u2019agit de la saison 2017-2018, et contient 30 recettes de design floral pas \u00e0 pas des ma\u00eetres fleuristes suivants de FLOOS: <b>Daniel Santamaria, Per Benjamin, Max Van de Sluis, Britta Ohlrogge, Berit Skj\u00f8ttgaard, Brigitte Heinrichs, Jordi Abell\u00f3, Fr\u00e9d\u00e9ric Dupr\u00e9, Alex Choi et Carles J. Fontanillas.<\/b><\/p>\n<h3>VOLUME 04<\/h3>\n<p>D\u00e9couvrez les <b>recettes de design floral <\/b>les plus remarquables de la saison 2018-2019 de FLOOS , en format livre et expliqu\u00e9es pas \u00e0 pas par les ma\u00eetres fleuristes qui les ont cr\u00e9\u00e9es : <b>Miguel Angel Delgado, Rudy Casati, Natalia Zhizhko, Alex Segura, Dominique Herold, Max Hurtaud, Stefan Van Berlo, Jurgen Herold and Carles J. Fontanillas.<\/b><\/p>\n<p>&nbsp;<\/p>\n<p><b>Faites votre commande maintenant et d\u00e9couvrez le secret !<\/b><\/p>\n","protected":false},"excerpt":{"rendered":"<h2><strong>PACK UNO<\/strong><\/h2>\n<p>UN LIVRE DE LA S\u00c9RIE THE CRAFTER&rsquo;S SECRET + ABONNEMENT ANNUEL.<\/p>\n<p>FLOOS est la premi\u00e8re librairie en ligne o\u00f9 vous trouverez\u00a0<strong>plus de 500<br \/>\nrecettes florales pas \u00e0 pas<\/strong>\u00a0avec les conseils et les secrets des ma\u00eetres fleuristes les plus prestigieux du monde.<\/p>\n<p>&nbsp;<\/p>\n","protected":false},"featured_media":12302,"template":"","meta":[],"product_brand":[],"product_cat":[529],"product_tag":[202,198,715,201,197],"class_list":{"0":"post-12296","1":"product","2":"type-product","3":"status-publish","4":"has-post-thumbnail","6":"product_cat-packs-floos-fr","7":"product_tag-etape-par-etape","8":"product_tag-floos-fr","9":"product_tag-floos-livres","10":"product_tag-livre-de-fleurs","11":"product_tag-livre-floral","12":"description-off","14":"first","15":"instock","16":"sale","17":"taxable","18":"shipping-taxable","19":"purchasable","20":"product-type-variable"},"_links":{"self":[{"href":"https:\/\/shop.floos.org\/fr\/wp-json\/wp\/v2\/product\/12296","targetHints":{"allow":["GET"]}}],"collection":[{"href":"https:\/\/shop.floos.org\/fr\/wp-json\/wp\/v2\/product"}],"about":[{"href":"https:\/\/shop.floos.org\/fr\/wp-json\/wp\/v2\/types\/product"}],"wp:featuredmedia":[{"embeddable":true,"href":"https:\/\/shop.floos.org\/fr\/wp-json\/wp\/v2\/media\/12302"}],"wp:attachment":[{"href":"https:\/\/shop.floos.org\/fr\/wp-json\/wp\/v2\/media?parent=12296"}],"wp:term":[{"taxonomy":"product_brand","embeddable":true,"href":"https:\/\/shop.floos.org\/fr\/wp-json\/wp\/v2\/product_brand?post=12296"},{"taxonomy":"product_cat","embeddable":true,"href":"https:\/\/shop.floos.org\/fr\/wp-json\/wp\/v2\/product_cat?post=12296"},{"taxonomy":"product_tag","embeddable":true,"href":"https:\/\/shop.floos.org\/fr\/wp-json\/wp\/v2\/product_tag?post=12296"}],"curies":[{"name":"wp","href":"https:\/\/api.w.org\/{rel}","templated":true}]}}