{"id":13052,"date":"2020-10-21T15:04:39","date_gmt":"2020-10-21T15:04:39","guid":{"rendered":"http:\/\/shop.floos.org\/product\/natural-happy-xmas\/"},"modified":"2020-10-26T16:14:06","modified_gmt":"2020-10-26T16:14:06","slug":"natural-happy-xmas","status":"publish","type":"product","link":"https:\/\/shop.floos.org\/fr\/produit\/natural-happy-xmas\/","title":{"rendered":"4 webinars &#8211; Natural Happy Xmas"},"content":{"rendered":"<p>Le ma\u00eetre fleuriste \u00c0lex Segura nous propose\u00a0 4 <em>webinars<\/em> dans lesquels nous passerons en revue diff\u00e9rentes techniques qui tourneront autour d\u2019un th\u00e8me : No\u00ebl<\/p>\n<p>\u00c0 chacune de ces sessions, nous ferons ensemble le travail propos\u00e9 et, \u00e0 la fin de la session, il y aura une heure de questions et de r\u00e9ponses pour r\u00e9pondre \u00e0 toutes les questions soulev\u00e9es.<\/p>\n<p>Inscrivez-vous maintenant \u00e0 Natural Happy Xmas pour travailler ces techniques qui vous aideront \u00e0 pr\u00e9parer les pi\u00e8ces de la campagne de No\u00ebl :<\/p>\n<p><strong><br \/>\n10 NOVEMBRE 2020, 15h CET, COURONNE D\u2019AVENT <\/strong><\/p>\n<p>En utilisant la technique de r\u00e9p\u00e9tition des plans, nous r\u00e9aliserons une couronne qui \u00ab\u00a0l\u00e9vitera\u00a0\u00bb sur une base en bois, avec un effet surprenant. Un travail de design et \u00e9l\u00e9gant, mais sans perdre la chaleur de No\u00ebl, con\u00e7u pour un espace moderne.<\/p>\n<p><strong><br \/>\n11 NOVEMBRE 2020, 15h CET, <\/strong><strong>BOUQUET DE MAIN <\/strong><\/p>\n<p>Avec une structure de bandes de bois et de fil de fer, facile \u00e0 r\u00e9aliser, nous ferons un bouquet o\u00f9 le jeu de lignes et le mouvement seront les protagonistes. Une proposition polyvalente, adaptable \u00e0 vos besoins, et avec des possibilit\u00e9s infinies.<\/p>\n<p><strong>17 NOVEMBRE 2020, 15h CET, CENTRE DE TABLE <\/strong><\/p>\n<p>En utilisant des feuilles de bois et le concept de \u00ab\u00a0Sandwich\u00a0\u00bb, nous ferons un centre de table sp\u00e9cial avec des proportions allong\u00e9es. Une pi\u00e8ce originale, parfaite pour une ambiance contemporaine.<\/p>\n<p><strong>18 NOVEMBRE 2020, 15h CET, TRAVAIL AVEC LES PLANTES <\/strong><\/p>\n<p>Avec un vase, et avec la technique de la vannerie, nous cr\u00e9erons notre propre base pour une composition avec des plantes tr\u00e8s originales. Tradition et modernit\u00e9 vont de pair dans cette cr\u00e9ation avec une combinaison de plantes et une touche de fleur fra\u00eeche.<\/p>\n","protected":false},"excerpt":{"rendered":"<p>Le ma\u00eetre fleuriste \u00c0lex Segura nous propose\u00a0 4 <em>webinars<\/em> dans lesquels nous passerons en revue diff\u00e9rentes techniques qui tourneront autour d\u2019un th\u00e8me : No\u00ebl<\/p>\n<p>\u00c0 chacune de ces sessions, nous ferons ensemble le travail propos\u00e9 et, \u00e0 la fin de la session, il y aura une heure de questions et de r\u00e9ponses pour r\u00e9pondre \u00e0 toutes les questions soulev\u00e9es.<\/p>\n<p>Inscrivez-vous maintenant \u00e0 Natural Happy Xmas pour travailler ces techniques qui vous aideront \u00e0 pr\u00e9parer les pi\u00e8ces de la campagne de No\u00ebl :<\/p>\n<p>Ce produit vous donne acc\u00e8s aux 4 sessions qu\u2019on fera pendant les jours <strong>10-11<\/strong> et <strong>17<\/strong><strong>\u2011<\/strong><strong>18 novembre <\/strong><strong>\u00e0<\/strong><strong> 3:00 pm CET<\/strong> (Berlin, Barcelone) ainsi qu\u2019aux vid\u00e9os qui seront enregistr\u00e9es de <strong>chaque session<\/strong> pour que vous puissiez <strong>passer en revue les techniques travaill\u00e9es.<\/strong><\/p>\n<p>Les abonn\u00e9s de FLOOS ils ont une r\u00e9duction de 50\u20ac pour Natural Happy Xmas, si vous n\u2019avez pas re\u00e7u votre code <a href=\"https:\/\/floos.org\/fr\/contact\"><strong><u>contactez-nous &gt;<\/u><\/strong> <\/a><\/p>\n","protected":false},"featured_media":13069,"template":"","meta":[],"product_brand":[],"product_cat":[725,729],"product_tag":[],"class_list":{"0":"post-13052","1":"product","2":"type-product","3":"status-publish","4":"has-post-thumbnail","6":"product_cat-floos-live-fr","7":"product_cat-natural-happy-xmas-fr","8":"description-off","10":"first","11":"outofstock","12":"sale","13":"virtual","14":"sold-individually","15":"taxable","16":"purchasable","17":"product-type-simple"},"_links":{"self":[{"href":"https:\/\/shop.floos.org\/fr\/wp-json\/wp\/v2\/product\/13052","targetHints":{"allow":["GET"]}}],"collection":[{"href":"https:\/\/shop.floos.org\/fr\/wp-json\/wp\/v2\/product"}],"about":[{"href":"https:\/\/shop.floos.org\/fr\/wp-json\/wp\/v2\/types\/product"}],"wp:featuredmedia":[{"embeddable":true,"href":"https:\/\/shop.floos.org\/fr\/wp-json\/wp\/v2\/media\/13069"}],"wp:attachment":[{"href":"https:\/\/shop.floos.org\/fr\/wp-json\/wp\/v2\/media?parent=13052"}],"wp:term":[{"taxonomy":"product_brand","embeddable":true,"href":"https:\/\/shop.floos.org\/fr\/wp-json\/wp\/v2\/product_brand?post=13052"},{"taxonomy":"product_cat","embeddable":true,"href":"https:\/\/shop.floos.org\/fr\/wp-json\/wp\/v2\/product_cat?post=13052"},{"taxonomy":"product_tag","embeddable":true,"href":"https:\/\/shop.floos.org\/fr\/wp-json\/wp\/v2\/product_tag?post=13052"}],"curies":[{"name":"wp","href":"https:\/\/api.w.org\/{rel}","templated":true}]}}