{"id":13056,"date":"2020-10-22T09:28:21","date_gmt":"2020-10-22T09:28:21","guid":{"rendered":"http:\/\/shop.floos.org\/product\/18-novembre-2020-travail-avec-les-plantes\/"},"modified":"2020-10-26T16:12:27","modified_gmt":"2020-10-26T16:12:27","slug":"18-novembre-2020-travail-avec-les-plantes","status":"publish","type":"product","link":"https:\/\/shop.floos.org\/fr\/produit\/18-novembre-2020-travail-avec-les-plantes\/","title":{"rendered":"18 NOVEMBRE 2020 &#8211; TRAVAIL AVEC LES PLANTES"},"content":{"rendered":"<p>Le ma\u00eetre fleuriste \u00c0lex Segura nous propose\u00a0 4 <em>webinars<\/em> dans lesquels nous passerons en revue diff\u00e9rentes techniques qui tourneront autour d\u2019un th\u00e8me : No\u00ebl<\/p>\n<p>\u00c0 chacune de ces sessions, nous ferons ensemble le travail propos\u00e9 et, \u00e0 la fin de la session, il y aura une heure de questions et de r\u00e9ponses pour r\u00e9pondre \u00e0 toutes les questions soulev\u00e9es.<\/p>\n<p><strong>Langues:<\/strong><\/p>\n<ul>\n<li>Espagnol<\/li>\n<li>Anglais<\/li>\n<\/ul>\n<p><strong>18 NOVEMBRE 2020, 15h CET, TRAVAIL AVEC LES PLANTES <\/strong><\/p>\n<p>Avec un vase, et avec la technique de la vannerie, nous cr\u00e9erons notre propre base pour une composition avec des plantes tr\u00e8s originales. Tradition et modernit\u00e9 vont de pair dans cette cr\u00e9ation avec une combinaison de plantes et une touche de fleur fra\u00eeche.<\/p>\n<p>&nbsp;<\/p>\n<p>*Les sessions se feront quand on aura le nombre minimum d\u2019\u00e9l\u00e8ves n\u00e9cessaire pour leur r\u00e9alisation et en maintenant un nombre limit\u00e9 d\u2019\u00e9l\u00e8ves pour que les cours puissent se d\u00e9rouler dans les meilleures conditions.<\/p>\n<p>Dans le cas o\u00f9 la session ne pourrait \u00eatre r\u00e9alis\u00e9e parce qu\u2019elle n\u2019atteint pas le nombre minimum d\u2019\u00e9l\u00e8ves, le prix int\u00e9gral des inscriptions r\u00e9alis\u00e9es sera rembours\u00e9. Dans le cas de probl\u00e8me technique et si on ne peut pas faire la session, FLOOS proposera une nouvelle date pour la r\u00e9aliser. Si un utilisateur ne peut pas assister \u00e0 la session aux nouvelles dates, il lui sera remis un bon pour qu\u2019il puisse assister \u00e0 une session ult\u00e9rieure.<\/p>\n<p>Les \u00e9l\u00e8ves doivent avoir une bonne connexion Internet, un ordinateur, un ordinateur portable ou une tablette qui peut recevoir du son et aussi un clavier pour poser les questions au moment de Q&amp;R (questions-r\u00e9ponses). En aucun cas le prix du <em>webinar<\/em> ne pourra \u00eatre r\u00e9clam\u00e9 en cas de dysfonctionnement de l\u2019\u00e9quipement de l\u2019utilisateur.<\/p>\n","protected":false},"excerpt":{"rendered":"<p>Le ma\u00eetre fleuriste \u00c0lex Segura nous propose\u00a0 <strong>4 <em>webinars<\/em><\/strong> dans lesquels nous passerons en revue diff\u00e9rentes techniques qui tourneront autour d\u2019un th\u00e8me : No\u00ebl<\/p>\n<p>\u00c0 chacune de ces sessions, nous ferons ensemble le travail propos\u00e9 et, \u00e0 la fin de la session, il y aura une heure de questions et de r\u00e9ponses pour r\u00e9pondre \u00e0 toutes les questions soulev\u00e9es.<\/p>\n<p><strong>Langues:<\/strong><\/p>\n<ul>\n<li>Espagnol<\/li>\n<li>Anglais<\/li>\n<\/ul>\n<p>Ce produit vous donne acc\u00e8s aux <strong>TRAVAIL AVEC LES PLANTES <\/strong>, qu\u2019on fera pendant le jour <strong>18<\/strong><strong>\u00a0novembre <\/strong><strong>\u00e0<\/strong><strong> 3:00 pm CET<\/strong> (Berlin, Barcelone) ainsi qu\u2019aux vid\u00e9os qui seront enregistr\u00e9es de <strong>chaque session<\/strong> pour que vous puissiez <strong>passer en revue les techniques travaill\u00e9es.<\/strong><\/p>\n<p>Les abonn\u00e9s de FLOOS ils ont une <strong>r\u00e9duction de 10\u20ac<\/strong> pour <strong>TRAVAIL AVEC LES PLANTES <\/strong>, si vous n\u2019avez pas re\u00e7u votre code <a href=\"https:\/\/floos.org\/fr\/contact\"><strong><u>contactez-nous &gt;<\/u><\/strong><\/a><\/p>\n","protected":false},"featured_media":13066,"template":"","meta":[],"product_brand":[],"product_cat":[725,729],"product_tag":[],"class_list":{"0":"post-13056","1":"product","2":"type-product","3":"status-publish","4":"has-post-thumbnail","6":"product_cat-floos-live-fr","7":"product_cat-natural-happy-xmas-fr","8":"description-off","10":"first","11":"outofstock","12":"virtual","13":"sold-individually","14":"taxable","15":"purchasable","16":"product-type-simple"},"_links":{"self":[{"href":"https:\/\/shop.floos.org\/fr\/wp-json\/wp\/v2\/product\/13056","targetHints":{"allow":["GET"]}}],"collection":[{"href":"https:\/\/shop.floos.org\/fr\/wp-json\/wp\/v2\/product"}],"about":[{"href":"https:\/\/shop.floos.org\/fr\/wp-json\/wp\/v2\/types\/product"}],"wp:featuredmedia":[{"embeddable":true,"href":"https:\/\/shop.floos.org\/fr\/wp-json\/wp\/v2\/media\/13066"}],"wp:attachment":[{"href":"https:\/\/shop.floos.org\/fr\/wp-json\/wp\/v2\/media?parent=13056"}],"wp:term":[{"taxonomy":"product_brand","embeddable":true,"href":"https:\/\/shop.floos.org\/fr\/wp-json\/wp\/v2\/product_brand?post=13056"},{"taxonomy":"product_cat","embeddable":true,"href":"https:\/\/shop.floos.org\/fr\/wp-json\/wp\/v2\/product_cat?post=13056"},{"taxonomy":"product_tag","embeddable":true,"href":"https:\/\/shop.floos.org\/fr\/wp-json\/wp\/v2\/product_tag?post=13056"}],"curies":[{"name":"wp","href":"https:\/\/api.w.org\/{rel}","templated":true}]}}