{"id":13100,"date":"2020-11-23T18:42:34","date_gmt":"2020-11-23T18:42:34","guid":{"rendered":"http:\/\/shop.floos.org\/?post_type=product&#038;p=13100"},"modified":"2020-12-01T00:01:01","modified_gmt":"2020-12-01T00:01:01","slug":"2-decembre-2020-centre-de-table","status":"publish","type":"product","link":"https:\/\/shop.floos.org\/fr\/produit\/2-decembre-2020-centre-de-table\/","title":{"rendered":"2 D\u00c9CEMBRE 2020 &#8211; CENTRE DE TABLE"},"content":{"rendered":"<p>Le ma\u00eetre fleuriste Jordi Abell\u00f3 nous propose 4 <em>webinars<\/em> dans lesquels nous passerons en revue diff\u00e9rentes techniques qui tourneront autour d\u2019un th\u00e8me :\u00a0Polyvalence des compositions construites pour une campagne concr\u00e8te, transform\u00e9e \u00e0 la suivante, en choisissant tr\u00e8s bien le mat\u00e9riel<\/p>\n<p>\u00c0 chacune de ces sessions, nous ferons ensemble le travail propos\u00e9 et, \u00e0 la fin de la session, il y aura une heure de questions et de r\u00e9ponses pour r\u00e9pondre \u00e0 toutes les questions soulev\u00e9es. <strong>Langues:<\/strong><\/p>\n<ul>\n<li>Espagnol<\/li>\n<li>Anglais<\/li>\n<\/ul>\n<p><strong>2 D\u00c9CEMBRE 2020, 15h CET, &#8211; CENTRE DE TABLE<br \/>\nASYM\u00c9TRIE RISQU\u00c9E<br \/>\n<\/strong><\/p>\n<p>Centre allong\u00e9 et \u00e9troit, textur\u00e9. Superposition de travail lin\u00e9aire en asym\u00e9trie. Int\u00e9gration d\u2019\u00e9l\u00e9ments de fantaisie, en accord avec l\u2019harmonie choisie.<\/p>\n<p>*Les sessions se feront quand on aura le nombre minimum d\u2019\u00e9l\u00e8ves n\u00e9cessaire pour leur r\u00e9alisation et en maintenant un nombre limit\u00e9 d\u2019\u00e9l\u00e8ves pour que les cours puissent se d\u00e9rouler dans les meilleures conditions. Dans le cas o\u00f9 la session ne pourrait \u00eatre r\u00e9alis\u00e9e parce qu\u2019elle n\u2019atteint pas le nombre minimum d\u2019\u00e9l\u00e8ves, le prix int\u00e9gral des inscriptions r\u00e9alis\u00e9es sera rembours\u00e9. Dans le cas de probl\u00e8me technique et si on ne peut pas faire la session, FLOOS proposera une nouvelle date pour la r\u00e9aliser. Si un utilisateur ne peut pas assister \u00e0 la session aux nouvelles dates, il lui sera remis un bon pour qu\u2019il puisse assister \u00e0 une session ult\u00e9rieure. Les \u00e9l\u00e8ves doivent avoir une bonne connexion Internet, un ordinateur, un ordinateur portable ou une tablette qui peut recevoir du son et aussi un clavier pour poser les questions au moment de Q&amp;R (questions-r\u00e9ponses). En aucun cas le prix du <em>webinar<\/em> ne pourra \u00eatre r\u00e9clam\u00e9 en cas de dysfonctionnement de l\u2019\u00e9quipement de l\u2019utilisateur.<\/p>\n","protected":false},"excerpt":{"rendered":"<p>Le ma\u00eetre fleuriste Jordi Abell\u00f3 nous propose 4 <em>webinars<\/em> dans lesquels nous passerons en revue diff\u00e9rentes techniques qui tourneront autour d\u2019un th\u00e8me :\u00a0Polyvalence des compositions construites pour une campagne concr\u00e8te, transform\u00e9e \u00e0 la suivante, en choisissant tr\u00e8s bien le mat\u00e9riel<\/p>\n<p>\u00c0 chacune de ces sessions, nous ferons ensemble le travail propos\u00e9 et, \u00e0 la fin de la session, il y aura une heure de questions et de r\u00e9ponses pour r\u00e9pondre \u00e0 toutes les questions soulev\u00e9es. <strong>Langues:<\/strong><\/p>\n<ul>\n<li>Espagnol<\/li>\n<li>Anglais<\/li>\n<\/ul>\n<p>Ce produit vous donne acc\u00e8s aux <strong>CENTRE DE TABLE<\/strong>, qu\u2019on fera pendant le jour <strong>2 D\u00c9CEMBRE <\/strong><strong>\u00e0<\/strong><strong> 3:00 pm CET<\/strong> (Berlin, Barcelone) ainsi qu\u2019aux vid\u00e9os qui seront enregistr\u00e9es de <strong>chaque session<\/strong> pour que vous puissiez <strong>passer en revue les techniques travaill\u00e9es.<\/strong> Les abonn\u00e9s de FLOOS ils ont une <strong>r\u00e9duction de 10\u20ac<\/strong> pour <strong>CENTRE DE TABLE<\/strong>, si vous n\u2019avez pas re\u00e7u votre code <a href=\"https:\/\/floos.org\/fr\/contact\"><strong><u>contactez-nous &gt;<\/u><\/strong> <\/a><\/p>\n","protected":false},"featured_media":13147,"template":"","meta":[],"product_brand":[],"product_cat":[732,725],"product_tag":[],"class_list":{"0":"post-13100","1":"product","2":"type-product","3":"status-publish","4":"has-post-thumbnail","6":"product_cat-de-lautomne-a-noel","7":"product_cat-floos-live-fr","8":"description-off","10":"first","11":"outofstock","12":"virtual","13":"sold-individually","14":"taxable","15":"purchasable","16":"product-type-simple"},"_links":{"self":[{"href":"https:\/\/shop.floos.org\/fr\/wp-json\/wp\/v2\/product\/13100","targetHints":{"allow":["GET"]}}],"collection":[{"href":"https:\/\/shop.floos.org\/fr\/wp-json\/wp\/v2\/product"}],"about":[{"href":"https:\/\/shop.floos.org\/fr\/wp-json\/wp\/v2\/types\/product"}],"wp:featuredmedia":[{"embeddable":true,"href":"https:\/\/shop.floos.org\/fr\/wp-json\/wp\/v2\/media\/13147"}],"wp:attachment":[{"href":"https:\/\/shop.floos.org\/fr\/wp-json\/wp\/v2\/media?parent=13100"}],"wp:term":[{"taxonomy":"product_brand","embeddable":true,"href":"https:\/\/shop.floos.org\/fr\/wp-json\/wp\/v2\/product_brand?post=13100"},{"taxonomy":"product_cat","embeddable":true,"href":"https:\/\/shop.floos.org\/fr\/wp-json\/wp\/v2\/product_cat?post=13100"},{"taxonomy":"product_tag","embeddable":true,"href":"https:\/\/shop.floos.org\/fr\/wp-json\/wp\/v2\/product_tag?post=13100"}],"curies":[{"name":"wp","href":"https:\/\/api.w.org\/{rel}","templated":true}]}}