{"id":13160,"date":"2020-11-25T17:58:06","date_gmt":"2020-11-25T17:58:06","guid":{"rendered":"http:\/\/shop.floos.org\/?post_type=product&#038;p=13160"},"modified":"2020-12-01T00:01:02","modified_gmt":"2020-12-01T00:01:02","slug":"4-webinars-de-lautomne-a-noel-avec-une-simple-modification","status":"publish","type":"product","link":"https:\/\/shop.floos.org\/fr\/produit\/4-webinars-de-lautomne-a-noel-avec-une-simple-modification\/","title":{"rendered":"4 webinars &#8211; De l\u2019automne \u00e0 No\u00ebl, avec une simple modification"},"content":{"rendered":"<p>Le ma\u00eetre fleuriste Jordi Abell\u00f3 nous propose 4\u00a0<em>webinars<\/em> dans lesquels nous passerons en revue diff\u00e9rentes techniques qui tourneront autour d\u2019un th\u00e8me :\u00a0Polyvalence des compositions construites pour une campagne concr\u00e8te, transform\u00e9e \u00e0 la suivante, en choisissant tr\u00e8s bien le mat\u00e9riel.<\/p>\n<p>\u00c0 chacune de ces sessions, nous ferons ensemble le travail propos\u00e9 et, \u00e0 la fin de la session, il y aura une heure de questions et de r\u00e9ponses pour r\u00e9pondre \u00e0 toutes les questions soulev\u00e9es. Inscrivez-vous maintenant \u00e0 <em><strong>De l\u2019automne \u00e0 No\u00ebl, avec une simple modification<\/strong><\/em> pour travailler ces techniques qui vous aideront \u00e0 pr\u00e9parer les pi\u00e8ces de la campagne de No\u00ebl :<\/p>\n<p><strong> 2 D\u00c9CEMBRE 2020, 15h CET, CENTRE DE TABLE : ASYM\u00c9TRIE RISQU\u00c9E<\/strong><\/p>\n<p>Centre allong\u00e9 et \u00e9troit, textur\u00e9. Superposition de travail lin\u00e9aire en asym\u00e9trie. Int\u00e9gration d\u2019\u00e9l\u00e9ments de fantaisie, en accord avec l\u2019harmonie choisie.<\/p>\n<p><strong> 3 D\u00c9CEMBRE 2020, 15h CET, <\/strong><strong>BOUQUET DE MAIN : CRAT\u00c8RE INTIMISTE <\/strong><\/p>\n<p>Bouquet de main circulaire avec des branches de lichen avec fils de fer, \u00e0 une structure ant\u00e9rieure de fil de fer de forme circulaire. Travail tr\u00e8s int\u00e9rieur, avec beaucoup de transparence et solution finale chang\u00e9 \u00e0 No\u00ebl, avec d\u2019autres \u00e9l\u00e9ments int\u00e9gr\u00e9s.<\/p>\n<p><strong><br \/>\n9 D\u00c9CEMBRE 2020, 15h CET, DUO COMPOSITION : JUMELLES<\/strong><\/p>\n<p>Deux compositions de moyenne hauteur, form\u00e9es de deux brochettes verticales. L\u2019union entre elles sera lin\u00e9aire, et nous r\u00e9p\u00e9terons l\u2019int\u00e9gration de No\u00ebl, une fois finie.<\/p>\n<p><strong><br \/>\n10 D\u00c9CEMBRE 2020, 15h CET, COURONNE DE SUPERPOSITION CIRCULAIRE<\/strong><\/p>\n<p>Couronne \u00e0 partir d\u2019une carcasse d\u2019Oasis (50cm) textur\u00e9e avec des feuilles de Quercus grenat.<\/p>\n<p>Tr\u00e8s riche en mat\u00e9riaux fruitiers, et apr\u00e8s nous introduirons la fantaisie de No\u00ebl.<\/p>\n","protected":false},"excerpt":{"rendered":"<p>Le ma\u00eetre fleuriste Jordi Abell\u00f3 nous propose 4\u00a0<em>webinars<\/em> dans lesquels nous passerons en revue diff\u00e9rentes techniques qui tourneront autour d\u2019un th\u00e8me :\u00a0Polyvalence des compositions construites pour une campagne concr\u00e8te, transform\u00e9e \u00e0 la suivante, en choisissant tr\u00e8s bien le mat\u00e9riel.<\/p>\n<p>\u00c0 chacune de ces sessions, nous ferons ensemble le travail propos\u00e9 et, \u00e0 la fin de la session, il y aura une heure de questions et de r\u00e9ponses pour r\u00e9pondre \u00e0 toutes les questions soulev\u00e9es.<\/p>\n<p>Inscrivez-vous maintenant \u00e0 <em><strong>De l\u2019automne \u00e0 No\u00ebl, avec une simple modification<\/strong><\/em> pour travailler ces techniques qui vous aideront \u00e0 pr\u00e9parer les pi\u00e8ces de la campagne de No\u00ebl : Ce produit vous donne acc\u00e8s aux 4 sessions qu\u2019on fera pendant les jours <strong>2-3<\/strong> et <strong>9-10<\/strong><strong> d\u00e9cembre <\/strong><strong>\u00e0<\/strong><strong> 3:00 pm CET<\/strong> (Berlin, Barcelone) ainsi qu\u2019aux vid\u00e9os qui seront enregistr\u00e9es de <strong>chaque session<\/strong> pour que vous puissiez <strong>passer en revue les techniques travaill\u00e9es.<\/strong><\/p>\n<p>Les abonn\u00e9s de FLOOS ils ont une r\u00e9duction de 30\u20ac pour <em><strong>De l\u2019automne \u00e0 No\u00ebl, avec une simple modification<\/strong><\/em>, si vous n\u2019avez pas re\u00e7u votre code <a href=\"https:\/\/floos.org\/fr\/contact\"><strong><u>contactez-nous &gt;<\/u><\/strong> <\/a><\/p>\n","protected":false},"featured_media":13156,"template":"","meta":[],"product_brand":[],"product_cat":[732,725],"product_tag":[],"class_list":{"0":"post-13160","1":"product","2":"type-product","3":"status-publish","4":"has-post-thumbnail","6":"product_cat-de-lautomne-a-noel","7":"product_cat-floos-live-fr","8":"description-off","10":"first","11":"outofstock","12":"virtual","13":"sold-individually","14":"taxable","15":"purchasable","16":"product-type-simple"},"_links":{"self":[{"href":"https:\/\/shop.floos.org\/fr\/wp-json\/wp\/v2\/product\/13160","targetHints":{"allow":["GET"]}}],"collection":[{"href":"https:\/\/shop.floos.org\/fr\/wp-json\/wp\/v2\/product"}],"about":[{"href":"https:\/\/shop.floos.org\/fr\/wp-json\/wp\/v2\/types\/product"}],"wp:featuredmedia":[{"embeddable":true,"href":"https:\/\/shop.floos.org\/fr\/wp-json\/wp\/v2\/media\/13156"}],"wp:attachment":[{"href":"https:\/\/shop.floos.org\/fr\/wp-json\/wp\/v2\/media?parent=13160"}],"wp:term":[{"taxonomy":"product_brand","embeddable":true,"href":"https:\/\/shop.floos.org\/fr\/wp-json\/wp\/v2\/product_brand?post=13160"},{"taxonomy":"product_cat","embeddable":true,"href":"https:\/\/shop.floos.org\/fr\/wp-json\/wp\/v2\/product_cat?post=13160"},{"taxonomy":"product_tag","embeddable":true,"href":"https:\/\/shop.floos.org\/fr\/wp-json\/wp\/v2\/product_tag?post=13160"}],"curies":[{"name":"wp","href":"https:\/\/api.w.org\/{rel}","templated":true}]}}