{"id":7982,"date":"2016-12-21T13:39:03","date_gmt":"2016-12-21T13:39:03","guid":{"rendered":"http:\/\/shop.floos.org\/product\/the-crafters-secret-vol-01-2\/"},"modified":"2019-04-12T07:51:17","modified_gmt":"2019-04-12T07:51:17","slug":"livre-the-crafters-secret-vol-01","status":"publish","type":"product","link":"https:\/\/shop.floos.org\/fr\/produit\/livre-the-crafters-secret-vol-01\/","title":{"rendered":"THE CRAFTER\u2019S SECRET VOL.01"},"content":{"rendered":"<div class=\"issuuembed\" style=\"width: 100%; height: 644px;\" data-configid=\"28229154\/44326552\">&nbsp;<\/div>\n<p><script type=\"text\/javascript\" src=\"\/\/e.issuu.com\/embed.js\" async=\"true\"><\/script><\/p>\n<p><strong><u>INFORMATION TECHNIQUE<\/u><\/strong><\/p>\n<p><strong>Couverture:<\/strong> Molle avec rabats<\/p>\n<p><strong>\u00c9diteur:<\/strong> FLOOS, the crafter&rsquo;s secret<br \/>\n<\/p>\n<p><strong>Date de publication :<\/strong> 24 d\u00e9cembre 2016<br \/>\n<\/p>\n<p><strong>Nombre de pages:<\/strong> 268<br \/>\n<\/p>\n<p><strong>Langue:<\/strong> Multilingue (Anglais, Espagnol et Russe)<br \/>\n<\/p>\n<p><strong>Dimensions:<\/strong> 30x24x1.7cm<br \/>\n<\/p>\n<p><strong>ISBN-13:<\/strong> 978-84-617-7136-3<\/p>\n<p>La publication de ce volume est la deuxi\u00e8me \u00e9tape du projet qui a commenc\u00e9 en ligne en 2015, quand la plate-forme digitale <a href=\"http:\/\/www.floos.org\"><strong>www.floos.org<\/strong><\/a> a r\u00e9uni certains des plus influents et innovateurs ma\u00eetres des magasins de fleurs de tout le monde.<\/p>\n<p>Ce livre d\u00e9taille pas \u00e0 pas 24 recettes florales depuis le commencement de FLOOS et montre le travail impressionnant de 8 ma\u00eetres fleuristes internationaux qui ont fait partie du projet depuis le principe : Brigitte Heinrichs, Alex Segura, Bea Beroy, Natalia Zhizhko, Daniel Santamaria, Joseph Massie, Berit Skj\u00f8ttgaard et Carles J. Fontanillas.<\/p>\n<p>Les recettes s\u00e9lectionn\u00e9es dans THE CRAFTER&rsquo;S SECRET &#8211; VOL. 01 ont \u00e9t\u00e9 soigneusement s\u00e9lectionn\u00e9s par chaque auteur et repr\u00e9sentent la vision personnelle des designers et son rapprochement unique \u00e0 l&rsquo;art floral.<\/p>\n<p>\u00c0 l&rsquo;int\u00e9rieur du livre, l&rsquo;utilisateur peut trouver le point de vue de chaque auteur, son raisonnement et son conseil; Tout que se montre dans une guide d\u00e9taill\u00e9e du pas \u00e0 pas qui permet au lecteur de r\u00e9cr\u00e9er facilement le design de chaque arrangement.<\/p>\n<p>Chaque composition offre des instructions en profondeur, de belles photographies et les codes QR pratiques que permettent au lecteur de voir les techniques utilis\u00e9es par les ma\u00eetres artisans.<\/p>\n<p>En parlant du lancement de son premier livre, le principal promoteur du projet, le ma\u00eetre fleuriste Carles J. Fontanillas, a dit : \u00ab\u00a0Le propos de ce volume est de porter les cr\u00e9ations d\u00e9tach\u00e9es de nos auteurs \u00e0 ces professionnels qui n&rsquo;utilisent pas Internet souvent, ainsi ils pourront avoir les recettes dans un manuel qui est facile d&rsquo;utiliser.\u00a0\u00bb<\/p>\n","protected":false},"excerpt":{"rendered":"<h2><strong>THE CRAFTER\u2019S SECRET VOL.01<\/strong><\/h2>\n<p><strong><em>MAINTENANT FLOOS PAPIER<\/em><br \/>\n<\/strong>Le premier livre floral publi\u00e9 par FLOOS r\u00e9unit les recettes de design floral\u00a0les plus personnelles de ses auteurs \u00e0 partir de la biblioth\u00e8que num\u00e9rique www.floos.org<\/p>\n","protected":false},"featured_media":8903,"template":"","meta":[],"product_brand":[],"product_cat":[196],"product_tag":[202,198,199,200,201,197],"class_list":{"0":"post-7982","1":"product","2":"type-product","3":"status-publish","4":"has-post-thumbnail","6":"product_cat-floos-livres","7":"product_tag-etape-par-etape","8":"product_tag-floos-fr","9":"product_tag-floosweb-fr","10":"product_tag-livre-de-fleur","11":"product_tag-livre-de-fleurs","12":"product_tag-livre-floral","13":"description-off","15":"first","16":"instock","17":"sale","18":"taxable","19":"shipping-taxable","20":"purchasable","21":"product-type-simple"},"_links":{"self":[{"href":"https:\/\/shop.floos.org\/fr\/wp-json\/wp\/v2\/product\/7982","targetHints":{"allow":["GET"]}}],"collection":[{"href":"https:\/\/shop.floos.org\/fr\/wp-json\/wp\/v2\/product"}],"about":[{"href":"https:\/\/shop.floos.org\/fr\/wp-json\/wp\/v2\/types\/product"}],"wp:featuredmedia":[{"embeddable":true,"href":"https:\/\/shop.floos.org\/fr\/wp-json\/wp\/v2\/media\/8903"}],"wp:attachment":[{"href":"https:\/\/shop.floos.org\/fr\/wp-json\/wp\/v2\/media?parent=7982"}],"wp:term":[{"taxonomy":"product_brand","embeddable":true,"href":"https:\/\/shop.floos.org\/fr\/wp-json\/wp\/v2\/product_brand?post=7982"},{"taxonomy":"product_cat","embeddable":true,"href":"https:\/\/shop.floos.org\/fr\/wp-json\/wp\/v2\/product_cat?post=7982"},{"taxonomy":"product_tag","embeddable":true,"href":"https:\/\/shop.floos.org\/fr\/wp-json\/wp\/v2\/product_tag?post=7982"}],"curies":[{"name":"wp","href":"https:\/\/api.w.org\/{rel}","templated":true}]}}