{"id":8680,"date":"2017-08-07T11:25:18","date_gmt":"2017-08-07T11:25:18","guid":{"rendered":"http:\/\/shop.floos.org\/product\/the-crafters-secret-vol-02\/"},"modified":"2019-04-12T07:50:45","modified_gmt":"2019-04-12T07:50:45","slug":"the-crafters-secret-vol-02","status":"publish","type":"product","link":"https:\/\/shop.floos.org\/fr\/produit\/the-crafters-secret-vol-02\/","title":{"rendered":"THE CRAFTER\u2019S SECRET VOL.02"},"content":{"rendered":"<div class=\"issuuembed\" style=\"width: 100%; height: 644px;\" data-configid=\"28229154\/52995397\"><\/div>\n<p><script type=\"text\/javascript\" src=\"\/\/e.issuu.com\/embed.js\" async=\"true\"><\/script><\/p>\n<p><strong><u>INFORMATIONS TECHNIQUES<\/u><\/strong><\/p>\n<p><strong>Couverture :<\/strong> pis\u00e9 avec rabat<\/p>\n<p><strong>\u00c9diteur :<\/strong> FLOOS, the crafter&rsquo;s secret<\/p>\n<p><strong>Date de publication :<\/strong>\u00a018 septembre 2017<\/p>\n<p><strong>Nombre de pages :<\/strong>\u00a0295<\/p>\n<p><strong>Langue:<\/strong> Multilingue (Anglais,Espagnol et Fran\u00e7aise)<\/p>\n<p><strong>Dimensions :<\/strong> 30x24x1.9cm<\/p>\n<p><strong>ISBN-13:<\/strong> 978-84-697-5733-8<\/p>\n<p>\u00ab\u00a0THE CRAFTER&rsquo;S SECRET vol. 02\u00a0\u00bb c&rsquo;est le deuxi\u00e8me livre de la s\u00e9rie version papier du projet FLOOS, et r\u00e9unit les meilleures recettes florales de l&rsquo;ann\u00e9e cr\u00e9\u00e9es par les ma\u00eetres fleuristes de www.floos.org qui ont particip\u00e9 \u00e0 notre saison 2016 &#8211; 2017 :<\/p>\n<p><strong>Stijn Simaeys, Francesc Porres, Mark Pampling, Dominique Ostheeren, J\u00fcrgen Herold, P\u0159emysl Hytych, Nicu Bocancea, Pirjo Koppi et Carles J. Fontanillas.<\/strong><\/p>\n<p>Apr\u00e8s le succ\u00e8s de \u00ab\u00a0THE CRAFTER&rsquo;S SECRET vol. 01\u00a0\u00bb, avec la publication de ce deuxi\u00e8me volume nous essayons de continuer de rapprocher les cr\u00e9ations plus d\u00e9tach\u00e9es de nos designers aux professionnels qui n&rsquo;ont pas l&rsquo;habitude d&rsquo;utiliser Internet fr\u00e9quemment.<\/p>\n<p>Avec ce volume, vous pourrez conna\u00eetre les secrets de 8 nouveaux ma\u00eetres fleuristes de FLOOS de grand prestige international et avec Carles J. Fontanillas, promoteur du projet. \u00c0 travers de 27 recettes compl\u00e8tes, chacun d&rsquo;eux vous montrera sa propre vision de l&rsquo;art floral et vous expliquera comment sa philosophie se refl\u00e8te dans la forme de travailler chaque composition. Tout avec instructions pas \u00e0 pas et avec images de grande beaut\u00e9, en plus d&rsquo;un code QR avec l&rsquo;acc\u00e8s \u00e0 une vid\u00e9o qui montre la technique d&rsquo;\u00e9laboration projet\u00e9e. Nous vous d\u00e9sirons que vous jouissiez de ces pages tant comme nous et nous esp\u00e9rons que vous continuez de partager nos secrets durant beaucoup de temps dans www.floos.org<\/p>\n","protected":false},"excerpt":{"rendered":"<h2>THE CRAFTER\u2019S SECRET \u2013 VOL. 02<\/h2>\n<p><strong><em>NOUVEAUX MA\u00ceTRES. NOUVEAUX SECRETS. PLUS FLOOS.<\/em><\/strong><\/p>\n<p>&nbsp;<\/p>\n<p>Demandez-le maintenant et d\u00e9couvrez avant que aucun personne et au meilleur prix les recettes florales plus d\u00e9tach\u00e9es de nos ma\u00eetres fleuristes dans la saison 2016-2017 : <strong>Stijn Simaeys, Francesc Porres, Mark Pampling, Dominique Ostheeren, J\u00fcrgen Herold, Premysl Hytych, Nicu Bocancea, Pirjo Koppi<\/strong> et <strong>Carles J. Fontanillas<\/strong><\/p>\n","protected":false},"featured_media":11163,"template":"","meta":[],"product_brand":[],"product_cat":[196],"product_tag":[202,198,199,200,201,197],"class_list":{"0":"post-8680","1":"product","2":"type-product","3":"status-publish","4":"has-post-thumbnail","6":"product_cat-floos-livres","7":"product_tag-etape-par-etape","8":"product_tag-floos-fr","9":"product_tag-floosweb-fr","10":"product_tag-livre-de-fleur","11":"product_tag-livre-de-fleurs","12":"product_tag-livre-floral","13":"description-off","15":"first","16":"instock","17":"sale","18":"taxable","19":"shipping-taxable","20":"purchasable","21":"product-type-simple"},"_links":{"self":[{"href":"https:\/\/shop.floos.org\/fr\/wp-json\/wp\/v2\/product\/8680","targetHints":{"allow":["GET"]}}],"collection":[{"href":"https:\/\/shop.floos.org\/fr\/wp-json\/wp\/v2\/product"}],"about":[{"href":"https:\/\/shop.floos.org\/fr\/wp-json\/wp\/v2\/types\/product"}],"wp:featuredmedia":[{"embeddable":true,"href":"https:\/\/shop.floos.org\/fr\/wp-json\/wp\/v2\/media\/11163"}],"wp:attachment":[{"href":"https:\/\/shop.floos.org\/fr\/wp-json\/wp\/v2\/media?parent=8680"}],"wp:term":[{"taxonomy":"product_brand","embeddable":true,"href":"https:\/\/shop.floos.org\/fr\/wp-json\/wp\/v2\/product_brand?post=8680"},{"taxonomy":"product_cat","embeddable":true,"href":"https:\/\/shop.floos.org\/fr\/wp-json\/wp\/v2\/product_cat?post=8680"},{"taxonomy":"product_tag","embeddable":true,"href":"https:\/\/shop.floos.org\/fr\/wp-json\/wp\/v2\/product_tag?post=8680"}],"curies":[{"name":"wp","href":"https:\/\/api.w.org\/{rel}","templated":true}]}}